{"id":978,"date":"2020-03-28T16:34:17","date_gmt":"2020-03-28T16:34:17","guid":{"rendered":"https:\/\/klamottenbude24.de\/?product=ergeob-damen-strandkleid-elastische-gazerock-strandrock-vier-stueck-ohne-bikini"},"modified":"2023-04-09T21:35:11","modified_gmt":"2023-04-09T21:35:11","slug":"ergeob-damen-strandkleid-elastische-gazerock-strandrock-vier-stueck-ohne-bikini","status":"publish","type":"product","link":"https:\/\/eventparadies.com\/?product=ergeob-damen-strandkleid-elastische-gazerock-strandrock-vier-stueck-ohne-bikini","title":{"rendered":"ERGEOB Damen Strandkleid Elastische Gazerock Strandrock Vier st\u00fcck (ohne Bikini)"},"content":{"rendered":"<p><!-- show up to 2 reviews by default --> <\/p>\n<p><b>Abmessung:<b><\/b><\/p>\n<p> Taille: 60cm, Totallang 90cm.<br \/> Eeinheitgr\u00f6\u00dfe, Passend f\u00fcr EU Gr\u00f6\u00dfe: 34-42<\/p>\n<p> Materiel: Stretch-Garn.<br \/> Farbe: wei\u00df, schwarz, rosa, gr\u00fcn, gelb. <\/p>\n<p> Casual- &amp; Urlaub Kleid, Luftig, leichtes Strandkleid in modischer Zipfelform. Es eignet sich perfekt zum berziehen am Strand oder am Pool.<br \/><\/b><\/p>\n<p><b> <\/b><br \/>\nMaterial: Stretch-Garn<br \/>\neinheit gr\u00f6\u00dfe, Passend f\u00fcr EU Gr\u00f6\u00dfe: 34-42<br \/>\nStretch-Garn<br \/>\nKilt<br \/>\nModellnummer: OB-160438WT<br \/>\nEs eignet sich perfekt zum \u00dcberziehen am Strand oder am Pool<br \/>\nPerfekt zum \u00dcberziehen, Elegante Satinverzierung am Ausschnitt<br \/>\nBikini nicht im Lieferumfang enthalten<br \/>\n<div class=\"main-cross-sell\" data-asin=\"B01ET2MCPA\">\n\n\t<div class=\"WooZone-cross-sell-loader\">\n\t\t<div>\n\t\t\t<div id=\"floatingBarsG\">\n\t\t\t\t<div class=\"blockG\" id=\"rotateG_01\"><\/div>\n\t\t\t\t<div class=\"blockG\" id=\"rotateG_02\"><\/div>\n\t\t\t\t<div class=\"blockG\" id=\"rotateG_03\"><\/div>\n\t\t\t\t<div class=\"blockG\" id=\"rotateG_04\"><\/div>\n\t\t\t\t<div class=\"blockG\" id=\"rotateG_05\"><\/div>\n\t\t\t\t<div class=\"blockG\" id=\"rotateG_06\"><\/div>\n\t\t\t\t<div class=\"blockG\" id=\"rotateG_07\"><\/div>\n\t\t\t\t<div class=\"blockG\" id=\"rotateG_08\"><\/div>\n\t\t\t<\/div>\n\t\t\t<div class=\"WooZone-cross-sell-loader-text\"><\/div>\n\t\t<\/div>\n\t<\/div>\n\n\t\t\n<\/div>\n<div style=\"clear:both;\"><\/div>\n","protected":false},"excerpt":{"rendered":"<p>Material: Stretch-Garn<br \/>\neinheit gr\u00f6\u00dfe, Passend f\u00fcr EU Gr\u00f6\u00dfe: 34-42<br \/>\nStretch-Garn<\/p>\n","protected":false},"featured_media":979,"template":"","meta":[],"etheme_brands":[],"class_list":{"0":"post-978","1":"product","2":"type-product","3":"status-publish","4":"has-post-thumbnail","6":"product_cat-kleider","8":"first","9":"instock","10":"taxable","11":"shipping-taxable","12":"product-type-external"},"_links":{"self":[{"href":"https:\/\/eventparadies.com\/index.php?rest_route=\/wp\/v2\/product\/978","targetHints":{"allow":["GET"]}}],"collection":[{"href":"https:\/\/eventparadies.com\/index.php?rest_route=\/wp\/v2\/product"}],"about":[{"href":"https:\/\/eventparadies.com\/index.php?rest_route=\/wp\/v2\/types\/product"}],"wp:featuredmedia":[{"embeddable":true,"href":"https:\/\/eventparadies.com\/index.php?rest_route=\/wp\/v2\/media\/979"}],"wp:attachment":[{"href":"https:\/\/eventparadies.com\/index.php?rest_route=%2Fwp%2Fv2%2Fmedia&parent=978"}],"wp:term":[{"taxonomy":"brand","embeddable":true,"href":"https:\/\/eventparadies.com\/index.php?rest_route=%2Fwp%2Fv2%2Fetheme_brands&post=978"}],"curies":[{"name":"wp","href":"https:\/\/api.w.org\/{rel}","templated":true}]}}