{"id":956,"date":"2020-03-28T16:34:08","date_gmt":"2020-03-28T16:34:08","guid":{"rendered":"https:\/\/klamottenbude24.de\/?product=kfnire-frauen-bademode-badeanzug-bikini-vertuschen-bademode-haekeln-strandkleid"},"modified":"2023-04-09T21:35:11","modified_gmt":"2023-04-09T21:35:11","slug":"kfnire-frauen-bademode-badeanzug-bikini-vertuschen-bademode-haekeln-strandkleid","status":"publish","type":"product","link":"https:\/\/eventparadies.com\/?product=kfnire-frauen-bademode-badeanzug-bikini-vertuschen-bademode-haekeln-strandkleid","title":{"rendered":"Kfnire Frauen Bademode, Badeanzug Bikini vertuschen Bademode h\u00e4keln Strandkleid"},"content":{"rendered":"<p>Material: Polyester, Dieses Strand Bikini-Cover ist aus H\u00e4kelspitze, weich und angenehm zu tragen.<br \/>\nGr\u00f6\u00dfe: Einheitsgr\u00f6\u00dfe, passt Gr\u00f6\u00dfe M-XL. L\u00e4nge: 35 Zoll Breit: 35 Zoll. lockere Passform.<br \/>\nPolyester<br \/>\nFeatures: Dieses Bikini-Cover ist aus Polyester gefertigt. Das Material ist sehr weich und bequem. Dieser geh\u00e4kelte Badeanzug ist mit V-Ausschnitt und Kordelzug an beiden Seiten versehen.<br \/>\nAnlass: Dieses Strandkleid kann am Strand, am Pool, am Sonnenstudio am Pool und am Wasserpark getragen werden. Es ist auch die gute Wahl f\u00fcr Flitterwochen Geschenk.<br \/>\nHinweis: Wenn Sie es tragen, kann es ein wenig transparent, lassen Sie mehr Charme am Strand.<br \/>\n<div class=\"main-cross-sell\" data-asin=\"B07NMLC97P\">\n\n\t<div class=\"WooZone-cross-sell-loader\">\n\t\t<div>\n\t\t\t<div id=\"floatingBarsG\">\n\t\t\t\t<div class=\"blockG\" id=\"rotateG_01\"><\/div>\n\t\t\t\t<div class=\"blockG\" id=\"rotateG_02\"><\/div>\n\t\t\t\t<div class=\"blockG\" id=\"rotateG_03\"><\/div>\n\t\t\t\t<div class=\"blockG\" id=\"rotateG_04\"><\/div>\n\t\t\t\t<div class=\"blockG\" id=\"rotateG_05\"><\/div>\n\t\t\t\t<div class=\"blockG\" id=\"rotateG_06\"><\/div>\n\t\t\t\t<div class=\"blockG\" id=\"rotateG_07\"><\/div>\n\t\t\t\t<div class=\"blockG\" id=\"rotateG_08\"><\/div>\n\t\t\t<\/div>\n\t\t\t<div class=\"WooZone-cross-sell-loader-text\"><\/div>\n\t\t<\/div>\n\t<\/div>\n\n\t\t\n<\/div>\n<div style=\"clear:both;\"><\/div>\n","protected":false},"excerpt":{"rendered":"<p>Material: Polyester, Dieses Strand Bikini-Cover ist aus H\u00e4kelspitze, weich und angenehm zu tragen.<br \/>\nGr\u00f6\u00dfe: Einheitsgr\u00f6\u00dfe, passt Gr\u00f6\u00dfe M-XL. L\u00e4nge: 35 Zoll Breit: 35 Zoll. lockere Passform.<br \/>\nPolyester<\/p>\n","protected":false},"featured_media":957,"template":"","meta":[],"etheme_brands":[],"class_list":{"0":"post-956","1":"product","2":"type-product","3":"status-publish","4":"has-post-thumbnail","6":"product_cat-kleider","8":"first","9":"instock","10":"taxable","11":"shipping-taxable","12":"product-type-external"},"_links":{"self":[{"href":"https:\/\/eventparadies.com\/index.php?rest_route=\/wp\/v2\/product\/956","targetHints":{"allow":["GET"]}}],"collection":[{"href":"https:\/\/eventparadies.com\/index.php?rest_route=\/wp\/v2\/product"}],"about":[{"href":"https:\/\/eventparadies.com\/index.php?rest_route=\/wp\/v2\/types\/product"}],"wp:featuredmedia":[{"embeddable":true,"href":"https:\/\/eventparadies.com\/index.php?rest_route=\/wp\/v2\/media\/957"}],"wp:attachment":[{"href":"https:\/\/eventparadies.com\/index.php?rest_route=%2Fwp%2Fv2%2Fmedia&parent=956"}],"wp:term":[{"taxonomy":"brand","embeddable":true,"href":"https:\/\/eventparadies.com\/index.php?rest_route=%2Fwp%2Fv2%2Fetheme_brands&post=956"}],"curies":[{"name":"wp","href":"https:\/\/api.w.org\/{rel}","templated":true}]}}