{"id":899,"date":"2020-03-28T16:33:48","date_gmt":"2020-03-28T16:33:48","guid":{"rendered":"https:\/\/klamottenbude24.de\/?product=netzkleid-damen-xs-l-schwarz"},"modified":"2023-04-09T21:35:10","modified_gmt":"2023-04-09T21:35:10","slug":"netzkleid-damen-xs-l-schwarz","status":"publish","type":"product","link":"https:\/\/eventparadies.com\/?product=netzkleid-damen-xs-l-schwarz","title":{"rendered":"Netzkleid &#8211; Damen XS\/L &#8211; Schwarz"},"content":{"rendered":"<p><!-- show up to 2 reviews by default --> <\/p>\n<p>Stylisches Netzkleid das durch sein transparentes Netzmaterial tief blicken l\u00e4sst. Das sexy Minikleid ist nahtlos gefertigt und f\u00fchlt sich angenehm weich auf der Haut an. <\/p>\n<p> Mit seinen Ausschnitten und dem Grobnetz an den Seiten ein sehr verf\u00fchrerisches Dessous. <\/p>\n<p> Farbe: schwarz<br \/> Gr\u00f6\u00dfe: S-L (Einheitsgr\u00f6\u00dfe)<br \/> Lieferumfang: Netzkleid<br \/>90% Polyamid, 10% Elasthan <\/p>\n<p>Sexy verf\u00fchrerisches Netzkleid in schwarz<br \/>\nTransparentes Netzmaterial l\u00e4sst tief blicken<br \/>\n90% Polyamid, 10% Elasthan<br \/>\nModellnummer: 2301<br \/>\nNahtlos gefertigt, angehm weich auf der Haut<br \/>\nAusschnitte (Cut Outs) und Grobnetz an den Seiten<br \/>\n90% Polyamid, 10% Elasthan<br \/>\n<div class=\"main-cross-sell\" data-asin=\"B01K7FT7Q0\">\n\n\t<div class=\"WooZone-cross-sell-loader\">\n\t\t<div>\n\t\t\t<div id=\"floatingBarsG\">\n\t\t\t\t<div class=\"blockG\" id=\"rotateG_01\"><\/div>\n\t\t\t\t<div class=\"blockG\" id=\"rotateG_02\"><\/div>\n\t\t\t\t<div class=\"blockG\" id=\"rotateG_03\"><\/div>\n\t\t\t\t<div class=\"blockG\" id=\"rotateG_04\"><\/div>\n\t\t\t\t<div class=\"blockG\" id=\"rotateG_05\"><\/div>\n\t\t\t\t<div class=\"blockG\" id=\"rotateG_06\"><\/div>\n\t\t\t\t<div class=\"blockG\" id=\"rotateG_07\"><\/div>\n\t\t\t\t<div class=\"blockG\" id=\"rotateG_08\"><\/div>\n\t\t\t<\/div>\n\t\t\t<div class=\"WooZone-cross-sell-loader-text\"><\/div>\n\t\t<\/div>\n\t<\/div>\n\n\t\t\n<\/div>\n<div style=\"clear:both;\"><\/div>\n","protected":false},"excerpt":{"rendered":"<p>Sexy verf\u00fchrerisches Netzkleid in schwarz<br \/>\nTransparentes Netzmaterial l\u00e4sst tief blicken<br \/>\n90% Polyamid, 10% Elasthan<\/p>\n","protected":false},"featured_media":900,"template":"","meta":[],"etheme_brands":[],"class_list":{"0":"post-899","1":"product","2":"type-product","3":"status-publish","4":"has-post-thumbnail","6":"product_cat-kleider","8":"first","9":"instock","10":"taxable","11":"shipping-taxable","12":"product-type-external"},"_links":{"self":[{"href":"https:\/\/eventparadies.com\/index.php?rest_route=\/wp\/v2\/product\/899","targetHints":{"allow":["GET"]}}],"collection":[{"href":"https:\/\/eventparadies.com\/index.php?rest_route=\/wp\/v2\/product"}],"about":[{"href":"https:\/\/eventparadies.com\/index.php?rest_route=\/wp\/v2\/types\/product"}],"wp:featuredmedia":[{"embeddable":true,"href":"https:\/\/eventparadies.com\/index.php?rest_route=\/wp\/v2\/media\/900"}],"wp:attachment":[{"href":"https:\/\/eventparadies.com\/index.php?rest_route=%2Fwp%2Fv2%2Fmedia&parent=899"}],"wp:term":[{"taxonomy":"brand","embeddable":true,"href":"https:\/\/eventparadies.com\/index.php?rest_route=%2Fwp%2Fv2%2Fetheme_brands&post=899"}],"curies":[{"name":"wp","href":"https:\/\/api.w.org\/{rel}","templated":true}]}}