{"id":825,"date":"2020-03-28T16:30:08","date_gmt":"2020-03-28T16:30:08","guid":{"rendered":"https:\/\/klamottenbude24.de\/?product=shangrui-frauen-der-uniform-serie-halterneck-club-wear"},"modified":"2023-04-09T21:35:10","modified_gmt":"2023-04-09T21:35:10","slug":"shangrui-frauen-der-uniform-serie-halterneck-club-wear","status":"publish","type":"product","link":"https:\/\/eventparadies.com\/?product=shangrui-frauen-der-uniform-serie-halterneck-club-wear","title":{"rendered":"Shangrui Frauen der Uniform Serie Halterneck Club Wear"},"content":{"rendered":"<p><!-- show up to 2 reviews by default --> <\/p>\n<p><b>Unterw\u00e4sche ist eine Haltung, nicht nur um sich selbst Freude zu machen, sondern auch die andere H\u00e4lfte. Es macht Frauen mehr sexy, um einen perfekten K\u00f6rper zu schaffen, f\u00fcgen Sie Punkte f\u00fcr das Leben, und lassen Sie den Liebhaber mehr bewusst von Ihrem Wunsch.<\/b> <br \/><b>Shangrui begegnet deiner Phantasie der Unterw\u00e4sche.<\/b> <\/p>\n<p><b>Marke:<\/b>Shangrui,Bitte suchen Sie unsere Marke &#8222;Shangrui&#8220;, um mehr Frauen Dessous zu sehen. <\/p>\n<p><b>Stil:<\/b>Einheitliche Serie. <\/p>\n<p><b>Vorsichtsma\u00dfnahmen:<\/b> <br \/>1.Wegen der verschiedenen Monitore gibt es Unterschiede in der Kleidungsfarbe, bitte herrschen in der Art. <br \/>2.Die Gr\u00f6\u00dfe manuelle Messung, gibt es einen Unterschied von 1-3cm. <br \/>3.Internationale Logistik Lieferzeit 7-15 Tage. <br \/>4.Haben Sie Fragen, kontaktieren Sie uns bitte, wir freuen uns, Ihnen zu dienen. <\/p>\n<p>Material Upgrade:Hochwertigen Stoffen, f\u00fchlen sich weicher, elastische Verbesserung, Tragen bequemer.<br \/>\nGr\u00f6\u00dfe:M\/US:8\/EU:38.<br \/>\n\u00c4rmellos<br \/>\n90% Elastan<br \/>\nNeckholder<br \/>\nModellnummer: WY4119-Blue-Free<br \/>\nVerpackung beinhaltet:1 x Kleidung, 1 x G-String,Aber ohne Zubeh\u00f6r.<br \/>\nVerbesserung der Verarbeitung, die Details der Verarbeitung mehr an Ort und Stelle.Schlinge kann frei eingestellt werden, der Stahlring von der linken Seite des K\u00f6rpers, um nach rechts einzustellen.<br \/>\nEmpfohlene Handw\u00e4sche, trocken h\u00e4ngen.<br \/>\n<div class=\"main-cross-sell\" data-asin=\"B01EKXA53Y\">\n\n\t<div class=\"WooZone-cross-sell-loader\">\n\t\t<div>\n\t\t\t<div id=\"floatingBarsG\">\n\t\t\t\t<div class=\"blockG\" id=\"rotateG_01\"><\/div>\n\t\t\t\t<div class=\"blockG\" id=\"rotateG_02\"><\/div>\n\t\t\t\t<div class=\"blockG\" id=\"rotateG_03\"><\/div>\n\t\t\t\t<div class=\"blockG\" id=\"rotateG_04\"><\/div>\n\t\t\t\t<div class=\"blockG\" id=\"rotateG_05\"><\/div>\n\t\t\t\t<div class=\"blockG\" id=\"rotateG_06\"><\/div>\n\t\t\t\t<div class=\"blockG\" id=\"rotateG_07\"><\/div>\n\t\t\t\t<div class=\"blockG\" id=\"rotateG_08\"><\/div>\n\t\t\t<\/div>\n\t\t\t<div class=\"WooZone-cross-sell-loader-text\"><\/div>\n\t\t<\/div>\n\t<\/div>\n\n\t\t\n<\/div>\n<div style=\"clear:both;\"><\/div>\n","protected":false},"excerpt":{"rendered":"<p>Material Upgrade:Hochwertigen Stoffen, f\u00fchlen sich weicher, elastische Verbesserung, Tragen bequemer.<br \/>\nGr\u00f6\u00dfe:M\/US:8\/EU:38.<br \/>\n\u00c4rmellos<\/p>\n","protected":false},"featured_media":826,"template":"","meta":[],"etheme_brands":[],"class_list":{"0":"post-825","1":"product","2":"type-product","3":"status-publish","4":"has-post-thumbnail","6":"product_cat-kleider","8":"first","9":"instock","10":"taxable","11":"shipping-taxable","12":"product-type-external"},"_links":{"self":[{"href":"https:\/\/eventparadies.com\/index.php?rest_route=\/wp\/v2\/product\/825","targetHints":{"allow":["GET"]}}],"collection":[{"href":"https:\/\/eventparadies.com\/index.php?rest_route=\/wp\/v2\/product"}],"about":[{"href":"https:\/\/eventparadies.com\/index.php?rest_route=\/wp\/v2\/types\/product"}],"wp:featuredmedia":[{"embeddable":true,"href":"https:\/\/eventparadies.com\/index.php?rest_route=\/wp\/v2\/media\/826"}],"wp:attachment":[{"href":"https:\/\/eventparadies.com\/index.php?rest_route=%2Fwp%2Fv2%2Fmedia&parent=825"}],"wp:term":[{"taxonomy":"brand","embeddable":true,"href":"https:\/\/eventparadies.com\/index.php?rest_route=%2Fwp%2Fv2%2Fetheme_brands&post=825"}],"curies":[{"name":"wp","href":"https:\/\/api.w.org\/{rel}","templated":true}]}}