{"id":743,"date":"2020-03-28T16:26:26","date_gmt":"2020-03-28T16:26:26","guid":{"rendered":"https:\/\/klamottenbude24.de\/?product=oodji-ultra-damen-kleid-basic-mit-rundhalsausschnitt"},"modified":"2023-04-09T21:35:09","modified_gmt":"2023-04-09T21:35:09","slug":"oodji-ultra-damen-kleid-basic-mit-rundhalsausschnitt","status":"publish","type":"product","link":"https:\/\/eventparadies.com\/?product=oodji-ultra-damen-kleid-basic-mit-rundhalsausschnitt","title":{"rendered":"oodji Ultra Damen Kleid Basic mit Rundhalsausschnitt"},"content":{"rendered":"<p><!-- show up to 2 reviews by default --> <\/p>\n<p>Einfarbiges Kleid im dezenten Design mit kurzen \u00c4rmeln und weitem Rundhalsausschnitt. Kurzes A-Linie-Kleid betont die Taille und kreiert eine weibliche Silhouette. Es ist aus Baumwolle mit Elasthanzusatz hergestellt. Der Stoff ist atmungsaktiv, dehnbar und bietet hohen Tragekomfort. Dieses schlichte Kleid schr\u00e4nkt die Bewegungsfreiheit nicht ein und ist eine ausgezeichnete Wahl f\u00fcr jeden Tag. Tragen Sie es zu einem Stadtbummel, einem Picknick oder Workout. W\u00e4hlen Sie dazu Turnschuhe oder Chucks. Espadrilles oder Ballerinas w\u00e4ren auch eine gute Wahl. In diesem femininen Kleid werden Sie bei jeder Gelegenheit charmant aussehen. <\/p>\n<p>oodji Ultra Bekleidung f\u00e4llt kleiner aus. Wir empfehlen Ihnen, eine Nummer gr\u00f6\u00dfer als Ihre Normalgr\u00f6\u00dfe zu bestellen oder sich nach der oodji-Gr\u00f6\u00dfentabelle zu richten. Unser Model ist 176 cm gro\u00df und wiegt 55 kg. Es tr\u00e4gt Gr\u00f6\u00dfe S. Seine Umf\u00e4nge: 86\/61\/91<br \/>\nKleidl\u00e4nge (Gr\u00f6\u00dfe M): 79cm<br \/>\nKurzarm<br \/>\n95% Baumwolle, 5% Elasthan<br \/>\nSkater<br \/>\nPflegehinweis: Maschinenw\u00e4sche (30\u00b0C max)<br \/>\nModellnummer: 14001201B<br \/>\nDer weiche Stoff aus atmungsaktiver Baumwolle bietet hohen Tragekomfort<br \/>\nEine tolle Wahl f\u00fcr Ihre sommerliche Garderobe<br \/>\nTolles Jersey-Kleid mit kurzen \u00c4rmeln und Rundhalsausschnitt f\u00fcr Outdoor-Aktivit\u00e4ten<br \/>\n<div class=\"main-cross-sell\" data-asin=\"B07CLDKBM9\">\n\n\t<div class=\"WooZone-cross-sell-loader\">\n\t\t<div>\n\t\t\t<div id=\"floatingBarsG\">\n\t\t\t\t<div class=\"blockG\" id=\"rotateG_01\"><\/div>\n\t\t\t\t<div class=\"blockG\" id=\"rotateG_02\"><\/div>\n\t\t\t\t<div class=\"blockG\" id=\"rotateG_03\"><\/div>\n\t\t\t\t<div class=\"blockG\" id=\"rotateG_04\"><\/div>\n\t\t\t\t<div class=\"blockG\" id=\"rotateG_05\"><\/div>\n\t\t\t\t<div class=\"blockG\" id=\"rotateG_06\"><\/div>\n\t\t\t\t<div class=\"blockG\" id=\"rotateG_07\"><\/div>\n\t\t\t\t<div class=\"blockG\" id=\"rotateG_08\"><\/div>\n\t\t\t<\/div>\n\t\t\t<div class=\"WooZone-cross-sell-loader-text\"><\/div>\n\t\t<\/div>\n\t<\/div>\n\n\t\t\n<\/div>\n<div style=\"clear:both;\"><\/div>\n","protected":false},"excerpt":{"rendered":"<p>oodji Ultra Bekleidung f\u00e4llt kleiner aus. Wir empfehlen Ihnen, eine Nummer gr\u00f6\u00dfer als Ihre Normalgr\u00f6\u00dfe zu bestellen oder sich nach der oodji-Gr\u00f6\u00dfentabelle zu richten. Unser Model ist 176 cm gro\u00df und wiegt 55 kg. Es tr\u00e4gt Gr\u00f6\u00dfe S. Seine Umf\u00e4nge: 86\/61\/91<br \/>\nKleidl\u00e4nge (Gr\u00f6\u00dfe M): 79cm<br \/>\nKurzarm<\/p>\n","protected":false},"featured_media":744,"template":"","meta":[],"etheme_brands":[],"class_list":{"0":"post-743","1":"product","2":"type-product","3":"status-publish","4":"has-post-thumbnail","6":"product_cat-kleider","8":"first","9":"instock","10":"taxable","11":"shipping-taxable","12":"product-type-external"},"_links":{"self":[{"href":"https:\/\/eventparadies.com\/index.php?rest_route=\/wp\/v2\/product\/743","targetHints":{"allow":["GET"]}}],"collection":[{"href":"https:\/\/eventparadies.com\/index.php?rest_route=\/wp\/v2\/product"}],"about":[{"href":"https:\/\/eventparadies.com\/index.php?rest_route=\/wp\/v2\/types\/product"}],"wp:featuredmedia":[{"embeddable":true,"href":"https:\/\/eventparadies.com\/index.php?rest_route=\/wp\/v2\/media\/744"}],"wp:attachment":[{"href":"https:\/\/eventparadies.com\/index.php?rest_route=%2Fwp%2Fv2%2Fmedia&parent=743"}],"wp:term":[{"taxonomy":"brand","embeddable":true,"href":"https:\/\/eventparadies.com\/index.php?rest_route=%2Fwp%2Fv2%2Fetheme_brands&post=743"}],"curies":[{"name":"wp","href":"https:\/\/api.w.org\/{rel}","templated":true}]}}