{"id":724,"date":"2020-03-28T16:26:17","date_gmt":"2020-03-28T16:26:17","guid":{"rendered":"https:\/\/klamottenbude24.de\/?product=oodji-ultra-damen-gerade-geschnittenes-pique-kleid"},"modified":"2023-04-09T21:35:09","modified_gmt":"2023-04-09T21:35:09","slug":"oodji-ultra-damen-gerade-geschnittenes-pique-kleid","status":"publish","type":"product","link":"https:\/\/eventparadies.com\/?product=oodji-ultra-damen-gerade-geschnittenes-pique-kleid","title":{"rendered":"oodji Ultra Damen Gerade Geschnittenes Pique-Kleid"},"content":{"rendered":"<p><!-- show up to 2 reviews by default --> <\/p>\n<p>Elegantes, \u00e4rmelloses A-Linien-Pique-Kleid. Der Baumwoll-Stoff mit geringem Elasthan-Anteil ist atmungsaktiv, gut dehnbar und tr\u00e4gt sich herrlich angenehm. Das Modell mit einem halbrunden Ausschnitt ist mit zwei Seitentaschen ausgestattet. Dank seinem l\u00e4ssigen Schnitt bietet das Kleid eine optimale Passform. Dieses vielseitige Kleid ist perfekt f\u00fcr Ihre Alltagsgarderobe geeignet. W\u00e4hlen Sie nur eine Tasche und passende Schuhe dazu und Ihr stylisches Outfit ist fertig. F\u00fcr einen femininen Look tragen Sie das Kleid mit Sandaletten oder Clogs mit hohen Abs\u00e4tzen, w\u00e4hrend Sneakers oder Chucks einem sportlichen und enspannten Look beitragen. Dieses schlichte Kleid kann auch hervorragend unter einem Sportblazer, einer Bomberjacke oder einem Sweatshirt getragen werden. Eine praktische und vielseitige Wahl f\u00fcr jeden Tag. Anlass: Casual; <\/p>\n<p>oodji Ultra Bekleidung f\u00e4llt kleiner aus. Wir empfehlen Ihnen, eine Nummer gr\u00f6\u00dfer als Ihre Normalgr\u00f6\u00dfe zu bestellen oder sich nach der oodji-Gr\u00f6\u00dfentabelle zu richten. Unser Model ist 176 cm gro\u00df und wiegt 55 kg. Es tr\u00e4gt Gr\u00f6\u00dfe S. Seine Umf\u00e4nge: 86\/61\/91<br \/>\nDie von Ihnen gew\u00e4hlte Gr\u00f6\u00dfe entspricht folgenden Umf\u00e4ngen: Brust 72 cm; Taille 51 cm; H\u00fcfte 76 cm. Kleidl\u00e4nge (Gr\u00f6\u00dfe M): 80 cm<br \/>\n\u00c4rmellos<br \/>\n95% Baumwolle, 5% Elasthan<br \/>\nA-Linie<br \/>\nPflegehinweis: Maschinenw\u00e4sche (30\u00b0C max)<br \/>\nModellnummer: 14005074-1B<br \/>\nSchlichtes \u00e4rmelloses Kleid wirkt sportlich und passt perfekt f\u00fcr den Alltag<br \/>\nAtmungsaktive Baumwollqualit\u00e4t verleiht ein gutes Tragegef\u00fchl<br \/>\nDank dem ziemlich geschlossenen Oberteil und kurzem Unterteil l\u00e4sst man wundersch\u00f6n Beine zur Geltung kommen<br \/>\n<div class=\"main-cross-sell\" data-asin=\"B01IHL93LA\">\n\n\t<div class=\"WooZone-cross-sell-loader\">\n\t\t<div>\n\t\t\t<div id=\"floatingBarsG\">\n\t\t\t\t<div class=\"blockG\" id=\"rotateG_01\"><\/div>\n\t\t\t\t<div class=\"blockG\" id=\"rotateG_02\"><\/div>\n\t\t\t\t<div class=\"blockG\" id=\"rotateG_03\"><\/div>\n\t\t\t\t<div class=\"blockG\" id=\"rotateG_04\"><\/div>\n\t\t\t\t<div class=\"blockG\" id=\"rotateG_05\"><\/div>\n\t\t\t\t<div class=\"blockG\" id=\"rotateG_06\"><\/div>\n\t\t\t\t<div class=\"blockG\" id=\"rotateG_07\"><\/div>\n\t\t\t\t<div class=\"blockG\" id=\"rotateG_08\"><\/div>\n\t\t\t<\/div>\n\t\t\t<div class=\"WooZone-cross-sell-loader-text\"><\/div>\n\t\t<\/div>\n\t<\/div>\n\n\t\t\n<\/div>\n<div style=\"clear:both;\"><\/div>\n","protected":false},"excerpt":{"rendered":"<p>oodji Ultra Bekleidung f\u00e4llt kleiner aus. Wir empfehlen Ihnen, eine Nummer gr\u00f6\u00dfer als Ihre Normalgr\u00f6\u00dfe zu bestellen oder sich nach der oodji-Gr\u00f6\u00dfentabelle zu richten. Unser Model ist 176 cm gro\u00df und wiegt 55 kg. Es tr\u00e4gt Gr\u00f6\u00dfe S. Seine Umf\u00e4nge: 86\/61\/91<br \/>\nDie von Ihnen gew\u00e4hlte Gr\u00f6\u00dfe entspricht folgenden Umf\u00e4ngen: Brust 72 cm; Taille 51 cm; H\u00fcfte 76 cm. Kleidl\u00e4nge (Gr\u00f6\u00dfe M): 80 cm<br \/>\n\u00c4rmellos<\/p>\n","protected":false},"featured_media":725,"template":"","meta":[],"etheme_brands":[],"class_list":{"0":"post-724","1":"product","2":"type-product","3":"status-publish","4":"has-post-thumbnail","6":"product_cat-kleider","8":"first","9":"instock","10":"taxable","11":"shipping-taxable","12":"product-type-external"},"_links":{"self":[{"href":"https:\/\/eventparadies.com\/index.php?rest_route=\/wp\/v2\/product\/724","targetHints":{"allow":["GET"]}}],"collection":[{"href":"https:\/\/eventparadies.com\/index.php?rest_route=\/wp\/v2\/product"}],"about":[{"href":"https:\/\/eventparadies.com\/index.php?rest_route=\/wp\/v2\/types\/product"}],"wp:featuredmedia":[{"embeddable":true,"href":"https:\/\/eventparadies.com\/index.php?rest_route=\/wp\/v2\/media\/725"}],"wp:attachment":[{"href":"https:\/\/eventparadies.com\/index.php?rest_route=%2Fwp%2Fv2%2Fmedia&parent=724"}],"wp:term":[{"taxonomy":"brand","embeddable":true,"href":"https:\/\/eventparadies.com\/index.php?rest_route=%2Fwp%2Fv2%2Fetheme_brands&post=724"}],"curies":[{"name":"wp","href":"https:\/\/api.w.org\/{rel}","templated":true}]}}