{"id":704,"date":"2020-03-28T16:26:07","date_gmt":"2020-03-28T16:26:07","guid":{"rendered":"https:\/\/klamottenbude24.de\/?product=only-damen-kleid-onlmariana-myrina-s-l-dress-noos-wvn"},"modified":"2023-04-09T21:35:09","modified_gmt":"2023-04-09T21:35:09","slug":"only-damen-kleid-onlmariana-myrina-s-l-dress-noos-wvn","status":"publish","type":"product","link":"https:\/\/eventparadies.com\/?product=only-damen-kleid-onlmariana-myrina-s-l-dress-noos-wvn","title":{"rendered":"ONLY Damen Kleid Onlmariana Myrina S\/L Dress Noos Wvn"},"content":{"rendered":"<p><!-- show up to 2 reviews by default --> <\/p>\n<p>Die harmonische Kombination aus l\u00e4ssigem A-Linien-Schnitt und stilvollem Design machen dieses Kurzkleid von ONLY zum Must Have f\u00fcr deinen Kleiderschrank. Das \u00e4rmellose H\u00e4ngerchen besitzt einen Neckholder Ausschnitt. <\/p>\n<p>Kleid mit ausgestellter Form<br \/>\nflie\u00dfender Stoff<br \/>\n\u00c4rmellos<br \/>\n97% Polyester, 3% Elasthan<br \/>\nCocktail<br \/>\nPflegehinweis: 40 \u00b0C W\u00e4sche, Nicht trocknergeeignet, Nicht chemisch reinigen, M\u00e4\u00dfig hei\u00df b\u00fcgeln, Nicht bleichen<br \/>\nModellnummer: 15138771<br \/>\n<div class=\"main-cross-sell\" data-asin=\"B01N9R0QAH\">\n\n\t<div class=\"WooZone-cross-sell-loader\">\n\t\t<div>\n\t\t\t<div id=\"floatingBarsG\">\n\t\t\t\t<div class=\"blockG\" id=\"rotateG_01\"><\/div>\n\t\t\t\t<div class=\"blockG\" id=\"rotateG_02\"><\/div>\n\t\t\t\t<div class=\"blockG\" id=\"rotateG_03\"><\/div>\n\t\t\t\t<div class=\"blockG\" id=\"rotateG_04\"><\/div>\n\t\t\t\t<div class=\"blockG\" id=\"rotateG_05\"><\/div>\n\t\t\t\t<div class=\"blockG\" id=\"rotateG_06\"><\/div>\n\t\t\t\t<div class=\"blockG\" id=\"rotateG_07\"><\/div>\n\t\t\t\t<div class=\"blockG\" id=\"rotateG_08\"><\/div>\n\t\t\t<\/div>\n\t\t\t<div class=\"WooZone-cross-sell-loader-text\"><\/div>\n\t\t<\/div>\n\t<\/div>\n\n\t\t\n<\/div>\n<div style=\"clear:both;\"><\/div>\n","protected":false},"excerpt":{"rendered":"<p>Kleid mit ausgestellter Form<br \/>\nflie\u00dfender Stoff<br \/>\n\u00c4rmellos<\/p>\n","protected":false},"featured_media":705,"template":"","meta":[],"etheme_brands":[],"class_list":{"0":"post-704","1":"product","2":"type-product","3":"status-publish","4":"has-post-thumbnail","6":"product_cat-kleider","8":"first","9":"instock","10":"taxable","11":"shipping-taxable","12":"product-type-external"},"_links":{"self":[{"href":"https:\/\/eventparadies.com\/index.php?rest_route=\/wp\/v2\/product\/704","targetHints":{"allow":["GET"]}}],"collection":[{"href":"https:\/\/eventparadies.com\/index.php?rest_route=\/wp\/v2\/product"}],"about":[{"href":"https:\/\/eventparadies.com\/index.php?rest_route=\/wp\/v2\/types\/product"}],"wp:featuredmedia":[{"embeddable":true,"href":"https:\/\/eventparadies.com\/index.php?rest_route=\/wp\/v2\/media\/705"}],"wp:attachment":[{"href":"https:\/\/eventparadies.com\/index.php?rest_route=%2Fwp%2Fv2%2Fmedia&parent=704"}],"wp:term":[{"taxonomy":"brand","embeddable":true,"href":"https:\/\/eventparadies.com\/index.php?rest_route=%2Fwp%2Fv2%2Fetheme_brands&post=704"}],"curies":[{"name":"wp","href":"https:\/\/api.w.org\/{rel}","templated":true}]}}