{"id":639,"date":"2020-03-28T16:25:35","date_gmt":"2020-03-28T16:25:35","guid":{"rendered":"https:\/\/klamottenbude24.de\/?product=oodji-ultra-damen-jerseykleid-mit-druck"},"modified":"2023-04-09T21:35:09","modified_gmt":"2023-04-09T21:35:09","slug":"oodji-ultra-damen-jerseykleid-mit-druck","status":"publish","type":"product","link":"https:\/\/eventparadies.com\/?product=oodji-ultra-damen-jerseykleid-mit-druck","title":{"rendered":"oodji Ultra Damen Jerseykleid mit Druck"},"content":{"rendered":"<p><!-- show up to 2 reviews by default --> <\/p>\n<p>Elegantes sportlich wirkendes Jerseykleid mit Buchstabendruck auf der Brust. Dieses stilvolle dezente Kleid weist einen U-Boot-Ausschnitt und 3\/4-\u00c4rmel auf. Dank seines taillierten Schnitts l\u00e4sst dieses Kleid Sie schlank, feminin und sexy aussehen. Der Baumwollstoff mit zugef\u00fcgtem Elastan f\u00fchlt sich angenehm an, ist atmungsaktiv, dehnbar und bequem zu tragen. Dieses modische Jerseykleid ist eine gro\u00dfartige Wahl f\u00fcr Alltagslooks. Es wird Ihnen helfen, interessante Outfits f\u00fcr Treffen mit Freunden, Stadtspazierg\u00e4nge, Reisen oder Einkaufengehen zu kreieren. Sie k\u00f6nnen dieses Kleid mit einem langen Cardigan oder einer Weste tragen und das Ensemble mit Loafern, Slippern, Pumps oder Ballerinas abrunden. Um Ihren Look rebellischer zu machen, w\u00e4hlen Sie schweres Schuhwerk, wie z. B. dicksohlige Boots. Dieses bequeme und praktische Kleid ist eine ausgezeichnete L\u00f6sung f\u00fcr Ihre Garderobe! Anlass: Casual; <\/p>\n<p>oodji Ultra Bekleidung f\u00e4llt kleiner aus. Wir empfehlen Ihnen, eine Nummer gr\u00f6\u00dfer als Ihre Normalgr\u00f6\u00dfe zu bestellen oder sich nach der oodji-Gr\u00f6\u00dfentabelle zu richten. Unser Model ist 175 cm gro\u00df und wiegt 52 kg. Es tr\u00e4gt Gr\u00f6\u00dfe S. Seine Umf\u00e4nge: 85\/65\/90<br \/>\nKleidl\u00e4nge (Gr\u00f6\u00dfe M): 81cm<br \/>\n3\/4-Arm<br \/>\n95% Baumwolle, 5% Elasthan<br \/>\nEtuikleid<br \/>\nPflegehinweis: Handw\u00e4sche (40\u00b0C max), nicht chemisch reinigen<br \/>\nModellnummer: 14001071-9<br \/>\nAtmungsaktive Baumwollqualit\u00e4t sorgt f\u00fcr ein angenehmes Tragegef\u00fchl<br \/>\nDieses Ihre Beine zur Geltung bringendes Kleid ist ein echter Hingucker mit Wohlf\u00fchlgarantie<br \/>\nKurzes Jersey-Kleid mit auff\u00e4lligem Buchstabendruck zieht die Blicke auf sich<br \/>\n<div class=\"main-cross-sell\" data-asin=\"B01NBSXAUZ\">\n\n\t<div class=\"WooZone-cross-sell-loader\">\n\t\t<div>\n\t\t\t<div id=\"floatingBarsG\">\n\t\t\t\t<div class=\"blockG\" id=\"rotateG_01\"><\/div>\n\t\t\t\t<div class=\"blockG\" id=\"rotateG_02\"><\/div>\n\t\t\t\t<div class=\"blockG\" id=\"rotateG_03\"><\/div>\n\t\t\t\t<div class=\"blockG\" id=\"rotateG_04\"><\/div>\n\t\t\t\t<div class=\"blockG\" id=\"rotateG_05\"><\/div>\n\t\t\t\t<div class=\"blockG\" id=\"rotateG_06\"><\/div>\n\t\t\t\t<div class=\"blockG\" id=\"rotateG_07\"><\/div>\n\t\t\t\t<div class=\"blockG\" id=\"rotateG_08\"><\/div>\n\t\t\t<\/div>\n\t\t\t<div class=\"WooZone-cross-sell-loader-text\"><\/div>\n\t\t<\/div>\n\t<\/div>\n\n\t\t\n<\/div>\n<div style=\"clear:both;\"><\/div>\n","protected":false},"excerpt":{"rendered":"<p>oodji Ultra Bekleidung f\u00e4llt kleiner aus. Wir empfehlen Ihnen, eine Nummer gr\u00f6\u00dfer als Ihre Normalgr\u00f6\u00dfe zu bestellen oder sich nach der oodji-Gr\u00f6\u00dfentabelle zu richten. Unser Model ist 175 cm gro\u00df und wiegt 52 kg. Es tr\u00e4gt Gr\u00f6\u00dfe S. Seine Umf\u00e4nge: 85\/65\/90<br \/>\nKleidl\u00e4nge (Gr\u00f6\u00dfe M): 81cm<br \/>\n3\/4-Arm<\/p>\n","protected":false},"featured_media":640,"template":"","meta":[],"etheme_brands":[],"class_list":{"0":"post-639","1":"product","2":"type-product","3":"status-publish","4":"has-post-thumbnail","6":"product_cat-kleider","8":"first","9":"instock","10":"taxable","11":"shipping-taxable","12":"product-type-external"},"_links":{"self":[{"href":"https:\/\/eventparadies.com\/index.php?rest_route=\/wp\/v2\/product\/639","targetHints":{"allow":["GET"]}}],"collection":[{"href":"https:\/\/eventparadies.com\/index.php?rest_route=\/wp\/v2\/product"}],"about":[{"href":"https:\/\/eventparadies.com\/index.php?rest_route=\/wp\/v2\/types\/product"}],"wp:featuredmedia":[{"embeddable":true,"href":"https:\/\/eventparadies.com\/index.php?rest_route=\/wp\/v2\/media\/640"}],"wp:attachment":[{"href":"https:\/\/eventparadies.com\/index.php?rest_route=%2Fwp%2Fv2%2Fmedia&parent=639"}],"wp:term":[{"taxonomy":"brand","embeddable":true,"href":"https:\/\/eventparadies.com\/index.php?rest_route=%2Fwp%2Fv2%2Fetheme_brands&post=639"}],"curies":[{"name":"wp","href":"https:\/\/api.w.org\/{rel}","templated":true}]}}