{"id":631,"date":"2020-03-28T16:25:31","date_gmt":"2020-03-28T16:25:31","guid":{"rendered":"https:\/\/klamottenbude24.de\/?product=urban-classics-damen-ladies-cut-out-dress-kleid"},"modified":"2023-04-09T21:35:09","modified_gmt":"2023-04-09T21:35:09","slug":"urban-classics-damen-ladies-cut-out-dress-kleid","status":"publish","type":"product","link":"https:\/\/eventparadies.com\/?product=urban-classics-damen-ladies-cut-out-dress-kleid","title":{"rendered":"Urban Classics Damen Kleid Ladies Cut Out Dress, langarm Kleid f\u00fcr Frauen in verschiedenen Farben, Gr\u00f6\u00dfen XS &#8211; 5XL"},"content":{"rendered":"<p><!-- show up to 2 reviews by default --> <\/p>\n<p>Ein Kleid f\u00fcr den gro\u00dfen Auftritt \u2013 das Ladies Cut Out Dress aus dem Hause Urban CLassics setzt sportliches Ripp-Material mit einem figurbetonten Schnitt und einem rautenf\u00f6rmigen Cut-out auf Brustbeinh\u00f6he extravagant in Szene. Der weiche Ripp sorgt f\u00fcr eine perfekte Passform und bietet trotz des sehr figurbetonten Schnittes viel Bewegungsfreiheit \u2013 eine gute Wahl, wenn du auf der n\u00e4chsten Party die Tanzfl\u00e4che rocken willst. <\/p>\n<p>Schlichtes und elegantes langarm Damen Kleid aus weichem, anschmiegsamem Stoff<br \/>\nLeichter Stretch dank des angenehmen Material-Mix sorgt f\u00fcr einen tollen Tragekomfort<br \/>\nLangarm<br \/>\n50% Polyacryl, 50% Viskose<br \/>\nPflegehinweis: Pflegeleicht, Schonwaschgang,Nicht bleichen,Nicht im Trockner trocknen,B\u00fcgeln mit geringer Temperatur,Nicht reinigen<br \/>\nModellnummer: TB1742<br \/>\nKurzer Schnitt und diamantf\u00f6rmiger Ausschnitt sorgen f\u00fcr einen sexy Look<br \/>\ndas gerippte Material sitzt hauteng und tr\u00e4gt zum hervorragenden Tragekomfort bei<br \/>\nEin Klick auf das Markenlogo f\u00fchrt zum URBAN CLASSICS Brand Store und noch mehr angesagter Streetwear<br \/>\n<div class=\"main-cross-sell\" data-asin=\"B071G86K7G\">\n\n\t<div class=\"WooZone-cross-sell-loader\">\n\t\t<div>\n\t\t\t<div id=\"floatingBarsG\">\n\t\t\t\t<div class=\"blockG\" id=\"rotateG_01\"><\/div>\n\t\t\t\t<div class=\"blockG\" id=\"rotateG_02\"><\/div>\n\t\t\t\t<div class=\"blockG\" id=\"rotateG_03\"><\/div>\n\t\t\t\t<div class=\"blockG\" id=\"rotateG_04\"><\/div>\n\t\t\t\t<div class=\"blockG\" id=\"rotateG_05\"><\/div>\n\t\t\t\t<div class=\"blockG\" id=\"rotateG_06\"><\/div>\n\t\t\t\t<div class=\"blockG\" id=\"rotateG_07\"><\/div>\n\t\t\t\t<div class=\"blockG\" id=\"rotateG_08\"><\/div>\n\t\t\t<\/div>\n\t\t\t<div class=\"WooZone-cross-sell-loader-text\"><\/div>\n\t\t<\/div>\n\t<\/div>\n\n\t\t\n<\/div>\n<div style=\"clear:both;\"><\/div>\n","protected":false},"excerpt":{"rendered":"<p>Schlichtes und elegantes langarm Damen Kleid aus weichem, anschmiegsamem Stoff<br \/>\nLeichter Stretch dank des angenehmen Material-Mix sorgt f\u00fcr einen tollen Tragekomfort<br \/>\nLangarm<\/p>\n","protected":false},"featured_media":632,"template":"","meta":[],"etheme_brands":[],"class_list":{"0":"post-631","1":"product","2":"type-product","3":"status-publish","4":"has-post-thumbnail","6":"product_cat-kleider","8":"first","9":"instock","10":"taxable","11":"shipping-taxable","12":"product-type-external"},"_links":{"self":[{"href":"https:\/\/eventparadies.com\/index.php?rest_route=\/wp\/v2\/product\/631","targetHints":{"allow":["GET"]}}],"collection":[{"href":"https:\/\/eventparadies.com\/index.php?rest_route=\/wp\/v2\/product"}],"about":[{"href":"https:\/\/eventparadies.com\/index.php?rest_route=\/wp\/v2\/types\/product"}],"wp:featuredmedia":[{"embeddable":true,"href":"https:\/\/eventparadies.com\/index.php?rest_route=\/wp\/v2\/media\/632"}],"wp:attachment":[{"href":"https:\/\/eventparadies.com\/index.php?rest_route=%2Fwp%2Fv2%2Fmedia&parent=631"}],"wp:term":[{"taxonomy":"brand","embeddable":true,"href":"https:\/\/eventparadies.com\/index.php?rest_route=%2Fwp%2Fv2%2Fetheme_brands&post=631"}],"curies":[{"name":"wp","href":"https:\/\/api.w.org\/{rel}","templated":true}]}}