{"id":615,"date":"2020-03-28T16:25:24","date_gmt":"2020-03-28T16:25:24","guid":{"rendered":"https:\/\/klamottenbude24.de\/?product=didk-damen-kleider-rueckenfrei-spitzenkleid-partykleid-cocktail-kleider-mit-spitzen"},"modified":"2023-04-09T21:35:08","modified_gmt":"2023-04-09T21:35:08","slug":"didk-damen-kleider-rueckenfrei-spitzenkleid-partykleid-cocktail-kleider-mit-spitzen","status":"publish","type":"product","link":"https:\/\/eventparadies.com\/?product=didk-damen-kleider-rueckenfrei-spitzenkleid-partykleid-cocktail-kleider-mit-spitzen","title":{"rendered":"DIDK Damen Kleider R\u00fcckenfrei Spitzenkleid Partykleid Cocktail Kleider mit Spitzen A Linie Einfarbig Hohe Taille\u2026"},"content":{"rendered":"<p>R\u00fcckenfreies \u00c4rmelloses Kleid Sommer Sexy Minikleider mit Spitzen am R\u00fccken.<br \/>\nDamen Basic A-Line Kleid, Einfagbig, Rundhals, Partykeid, Swing kleider.<br \/>\n\u00c4rmellos<br \/>\nHoher Bund<br \/>\n95% Polyester, 5% Elasthan<br \/>\nA-Linie<br \/>\nModellnummer: D9-dress199-XS<br \/>\nStoff: aus weichem und leichtem Material, sehr angenehm zu tragen (flie\u00dfend, atmungsaktiv, bequem)<br \/>\nGelegenheit: Cocktail \/ Party \/ Arbeit \/ Picknick \/ L\u00e4ssig Alltagsleben; Sommer, Fr\u00e4hling.<br \/>\nBitte w\u00e4hlen Sie die passende Gr\u00f6\u00dfe von unseren Gr\u00f6\u00dfentabellen als Bild auf der linken Seite vor dem Einkauf.<br \/>\n<div class=\"main-cross-sell\" data-asin=\"B07MJFZ5JC\">\n\n\t<div class=\"WooZone-cross-sell-loader\">\n\t\t<div>\n\t\t\t<div id=\"floatingBarsG\">\n\t\t\t\t<div class=\"blockG\" id=\"rotateG_01\"><\/div>\n\t\t\t\t<div class=\"blockG\" id=\"rotateG_02\"><\/div>\n\t\t\t\t<div class=\"blockG\" id=\"rotateG_03\"><\/div>\n\t\t\t\t<div class=\"blockG\" id=\"rotateG_04\"><\/div>\n\t\t\t\t<div class=\"blockG\" id=\"rotateG_05\"><\/div>\n\t\t\t\t<div class=\"blockG\" id=\"rotateG_06\"><\/div>\n\t\t\t\t<div class=\"blockG\" id=\"rotateG_07\"><\/div>\n\t\t\t\t<div class=\"blockG\" id=\"rotateG_08\"><\/div>\n\t\t\t<\/div>\n\t\t\t<div class=\"WooZone-cross-sell-loader-text\"><\/div>\n\t\t<\/div>\n\t<\/div>\n\n\t\t\n<\/div>\n<div style=\"clear:both;\"><\/div>\n","protected":false},"excerpt":{"rendered":"<p>R\u00fcckenfreies \u00c4rmelloses Kleid Sommer Sexy Minikleider mit Spitzen am R\u00fccken.<br \/>\nDamen Basic A-Line Kleid, Einfagbig, Rundhals, Partykeid, Swing kleider.<br \/>\n\u00c4rmellos<\/p>\n","protected":false},"featured_media":616,"template":"","meta":[],"etheme_brands":[],"class_list":{"0":"post-615","1":"product","2":"type-product","3":"status-publish","4":"has-post-thumbnail","6":"product_cat-kleider","8":"first","9":"instock","10":"taxable","11":"shipping-taxable","12":"product-type-external"},"_links":{"self":[{"href":"https:\/\/eventparadies.com\/index.php?rest_route=\/wp\/v2\/product\/615","targetHints":{"allow":["GET"]}}],"collection":[{"href":"https:\/\/eventparadies.com\/index.php?rest_route=\/wp\/v2\/product"}],"about":[{"href":"https:\/\/eventparadies.com\/index.php?rest_route=\/wp\/v2\/types\/product"}],"wp:featuredmedia":[{"embeddable":true,"href":"https:\/\/eventparadies.com\/index.php?rest_route=\/wp\/v2\/media\/616"}],"wp:attachment":[{"href":"https:\/\/eventparadies.com\/index.php?rest_route=%2Fwp%2Fv2%2Fmedia&parent=615"}],"wp:term":[{"taxonomy":"brand","embeddable":true,"href":"https:\/\/eventparadies.com\/index.php?rest_route=%2Fwp%2Fv2%2Fetheme_brands&post=615"}],"curies":[{"name":"wp","href":"https:\/\/api.w.org\/{rel}","templated":true}]}}