{"id":599,"date":"2020-03-28T16:18:01","date_gmt":"2020-03-28T16:18:01","guid":{"rendered":"https:\/\/klamottenbude24.de\/?product=threeh-kurz-kleid-mit-aermel-schoen-minikleid-dessous-fuer-damen"},"modified":"2023-04-09T21:35:08","modified_gmt":"2023-04-09T21:35:08","slug":"threeh-kurz-kleid-mit-aermel-schoen-minikleid-dessous-fuer-damen","status":"publish","type":"product","link":"https:\/\/eventparadies.com\/?product=threeh-kurz-kleid-mit-aermel-schoen-minikleid-dessous-fuer-damen","title":{"rendered":"ThreeH Kurz Kleid mit \u00c4rmel Sch\u00f6n Minikleid Dessous f\u00fcr Damen"},"content":{"rendered":"<p><!-- show up to 2 reviews by default -->                                                      <\/p>\n<p>Sexy Minikleid f\u00fcr Frauen! So beeilen Sie sich, um eine richtige f\u00fcr sich selbst zu finden.<br \/> <b>Freie Gr\u00f6\u00dfe<\/b><br \/> Markenbezeichnung: ThreeH<br \/> Schale Gewebe: Mischgewebe<br \/> Hauptwerkstoff: Elasthan<br \/> Art: Kurzes Kleid<\/p>\n<p> <b>HINWEIS:<\/b><br \/> Wenn Sie irgendeine Frage haben, treten Sie mit uns bitte in Verbindung, bevor Sie das R\u00fcckgespr\u00e4ch<br \/> direkt lassen, behandeln wir das Problem sofort und sorgf\u00e4ltig, bis Sie erf\u00fcllt sind.                              <\/p>\n<p>Material: Mischgewebe, Spandex.<br \/>\nKleidl\u00e4nge: \u00dcber dem Knie, Mini.<br \/>\n70% Lace, 30% Elasthan<br \/>\nSchlauch<br \/>\nPflegehinweis: Warm Sp\u00fclen<br \/>\nModellnummer: H-C1595White<br \/>\nSexy und gute Qualit\u00e4t! Ein Geschenk f\u00fcr Freundin.<br \/>\nWeich und glatt, wird nicht eng.<br \/>\nWASCHTIPPS &#8211; Maschinenw\u00e4sche kalt\/Trockner\/Nicht bleichen.<br \/>\n<div class=\"main-cross-sell\" data-asin=\"B06X6LQDG8\">\n\n\t<div class=\"WooZone-cross-sell-loader\">\n\t\t<div>\n\t\t\t<div id=\"floatingBarsG\">\n\t\t\t\t<div class=\"blockG\" id=\"rotateG_01\"><\/div>\n\t\t\t\t<div class=\"blockG\" id=\"rotateG_02\"><\/div>\n\t\t\t\t<div class=\"blockG\" id=\"rotateG_03\"><\/div>\n\t\t\t\t<div class=\"blockG\" id=\"rotateG_04\"><\/div>\n\t\t\t\t<div class=\"blockG\" id=\"rotateG_05\"><\/div>\n\t\t\t\t<div class=\"blockG\" id=\"rotateG_06\"><\/div>\n\t\t\t\t<div class=\"blockG\" id=\"rotateG_07\"><\/div>\n\t\t\t\t<div class=\"blockG\" id=\"rotateG_08\"><\/div>\n\t\t\t<\/div>\n\t\t\t<div class=\"WooZone-cross-sell-loader-text\"><\/div>\n\t\t<\/div>\n\t<\/div>\n\n\t\t\n<\/div>\n<div style=\"clear:both;\"><\/div>\n","protected":false},"excerpt":{"rendered":"<p>Material: Mischgewebe, Spandex.<br \/>\nKleidl\u00e4nge: \u00dcber dem Knie, Mini.<br \/>\n70% Lace, 30% Elasthan<\/p>\n","protected":false},"featured_media":600,"template":"","meta":[],"etheme_brands":[],"class_list":{"0":"post-599","1":"product","2":"type-product","3":"status-publish","4":"has-post-thumbnail","6":"product_cat-kleider","8":"first","9":"instock","10":"taxable","11":"shipping-taxable","12":"product-type-external"},"_links":{"self":[{"href":"https:\/\/eventparadies.com\/index.php?rest_route=\/wp\/v2\/product\/599","targetHints":{"allow":["GET"]}}],"collection":[{"href":"https:\/\/eventparadies.com\/index.php?rest_route=\/wp\/v2\/product"}],"about":[{"href":"https:\/\/eventparadies.com\/index.php?rest_route=\/wp\/v2\/types\/product"}],"wp:featuredmedia":[{"embeddable":true,"href":"https:\/\/eventparadies.com\/index.php?rest_route=\/wp\/v2\/media\/600"}],"wp:attachment":[{"href":"https:\/\/eventparadies.com\/index.php?rest_route=%2Fwp%2Fv2%2Fmedia&parent=599"}],"wp:term":[{"taxonomy":"brand","embeddable":true,"href":"https:\/\/eventparadies.com\/index.php?rest_route=%2Fwp%2Fv2%2Fetheme_brands&post=599"}],"curies":[{"name":"wp","href":"https:\/\/api.w.org\/{rel}","templated":true}]}}