{"id":3613,"date":"2020-03-28T20:34:28","date_gmt":"2020-03-28T20:34:28","guid":{"rendered":"https:\/\/klamottenbude24.de\/?product=lascana-damen-schalen-klebe-bh"},"modified":"2023-04-10T22:17:54","modified_gmt":"2023-04-10T22:17:54","slug":"lascana-damen-schalen-klebe-bh","status":"publish","type":"product","link":"https:\/\/eventparadies.com\/?product=lascana-damen-schalen-klebe-bh","title":{"rendered":"Lascana Damen Schalen Klebe-BH"},"content":{"rendered":"<p><!-- show up to 2 reviews by default --> <\/p>\n<p>Selbstklebender BH von LASCANA Optimaler Halt unter weit ausgeschnittenen, tr\u00e4gerlosen oder r\u00fcckenfreien Oberteilen Feste, klebende Schalen mit Vorderverschluss Mehrfach wiederverwendbar Verleiht Halt und hebt die Brust an (Push-up Effekt) Ob zu einem tr\u00e4gerlosen oder tief ausgeschnittenen Oberteil oder einem r\u00fcckenfreien Kleid: Ein selbstklebender BH ist ein absolutes Must-have in jeder W\u00e4scheschublade! Dieser BH von Lascana gibt der Tr\u00e4gerin ein sicheres Gef\u00fchl und formt dank des hebenden Effekts ein tolles Dekollet\u00e9. Die festen Schalen sind innen mit haftendem wiederverwendbaren Klebematerial versehen und liegen eng auf der Brust an, ohne zu verrutschen. Durch den praktischen Vorderverschluss k\u00f6nnen die Schalen zusammenhaften aber auch einzeln auf der Brust aufliegen, falls ein extravaganter Ausschnitt dies verlangt. F\u00fcr alle Modeliebhaber ist der Selbstklebende Schalen-BH von Lascana ein vielseitig zu kombinierender BH f\u00fcr spezielle Looks. Bitte unbedingt die beigef\u00fcgten Hinweise beachten, damit er mehrfach getragen werden kann. <\/p>\n<p>82% Polyamid, 18% Elasthan<br \/>\nTr\u00e4gerloser<br \/>\nPflegehinweis: Handw\u00e4sche<br \/>\nModellnummer: 2<br \/>\n<div class=\"main-cross-sell\" data-asin=\"B07JGR9385\">\n\n\t<div class=\"WooZone-cross-sell-loader\">\n\t\t<div>\n\t\t\t<div id=\"floatingBarsG\">\n\t\t\t\t<div class=\"blockG\" id=\"rotateG_01\"><\/div>\n\t\t\t\t<div class=\"blockG\" id=\"rotateG_02\"><\/div>\n\t\t\t\t<div class=\"blockG\" id=\"rotateG_03\"><\/div>\n\t\t\t\t<div class=\"blockG\" id=\"rotateG_04\"><\/div>\n\t\t\t\t<div class=\"blockG\" id=\"rotateG_05\"><\/div>\n\t\t\t\t<div class=\"blockG\" id=\"rotateG_06\"><\/div>\n\t\t\t\t<div class=\"blockG\" id=\"rotateG_07\"><\/div>\n\t\t\t\t<div class=\"blockG\" id=\"rotateG_08\"><\/div>\n\t\t\t<\/div>\n\t\t\t<div class=\"WooZone-cross-sell-loader-text\"><\/div>\n\t\t<\/div>\n\t<\/div>\n\n\t\t\n<\/div>\n<div style=\"clear:both;\"><\/div>\n","protected":false},"excerpt":{"rendered":"<p>82% Polyamid, 18% Elasthan<br \/>\nTr\u00e4gerloser<br \/>\nPflegehinweis: Handw\u00e4sche<\/p>\n","protected":false},"featured_media":3614,"template":"","meta":[],"etheme_brands":[],"class_list":{"0":"post-3613","1":"product","2":"type-product","3":"status-publish","4":"has-post-thumbnail","6":"product_cat-sexy-accessoire","8":"first","9":"instock","10":"taxable","11":"shipping-taxable","12":"product-type-external"},"_links":{"self":[{"href":"https:\/\/eventparadies.com\/index.php?rest_route=\/wp\/v2\/product\/3613","targetHints":{"allow":["GET"]}}],"collection":[{"href":"https:\/\/eventparadies.com\/index.php?rest_route=\/wp\/v2\/product"}],"about":[{"href":"https:\/\/eventparadies.com\/index.php?rest_route=\/wp\/v2\/types\/product"}],"wp:featuredmedia":[{"embeddable":true,"href":"https:\/\/eventparadies.com\/index.php?rest_route=\/wp\/v2\/media\/3614"}],"wp:attachment":[{"href":"https:\/\/eventparadies.com\/index.php?rest_route=%2Fwp%2Fv2%2Fmedia&parent=3613"}],"wp:term":[{"taxonomy":"brand","embeddable":true,"href":"https:\/\/eventparadies.com\/index.php?rest_route=%2Fwp%2Fv2%2Fetheme_brands&post=3613"}],"curies":[{"name":"wp","href":"https:\/\/api.w.org\/{rel}","templated":true}]}}