{"id":3606,"date":"2020-03-28T20:34:24","date_gmt":"2020-03-28T20:34:24","guid":{"rendered":"https:\/\/klamottenbude24.de\/?product=lascana-damen-schalen-mit-fla%c2%bcgeln-klebe-bh"},"modified":"2023-04-10T22:17:54","modified_gmt":"2023-04-10T22:17:54","slug":"lascana-damen-schalen-mit-fla%c2%bcgeln-klebe-bh","status":"publish","type":"product","link":"https:\/\/eventparadies.com\/?product=lascana-damen-schalen-mit-fla%c2%bcgeln-klebe-bh","title":{"rendered":"Lascana Damen Schalen mit Fl\u00e3\u00bcgeln Klebe-BH"},"content":{"rendered":"<p><!-- show up to 2 reviews by default --> <\/p>\n<p><strong>LASCANA Klebe-BH \u2013 selbstklebender BH <\/strong><strong>mit Seitenfl\u00fcgeln und Schalen<\/strong><strong><\/strong><\/p>\n<p>Hochwertig, selbstklebend &amp; wiederverwendbar: Der LASCANA Klebe-BH ist die perfekte L\u00f6sung f\u00fcr r\u00fcckenfreie Kleider und Oberteile. Dank der seitlichen selbstklebenden Fl\u00fcgel haftet der BH sicher an der Haut und sorgt bei der Tr\u00e4gerin f\u00fcr ein angenehmes Tragegef\u00fchl. Die nahtlos vorgeformten Schalen liegen eng an der Brust an, ohne zu verrutschen. Zugleich sorgen die integrierten Kissen f\u00fcr einen hebenden Effekt und formen ein volles Dekollet\u00e9. <strong>Der Klebe-BH kann bei richtiger Pflege 25-30 mal getragen werden<\/strong>.<\/p>\n<p><strong>Tipp: <\/strong>F\u00fcr einen optimalen Halt sollte die Brust vor dem Tragen nicht eingecremt werden. <strong><\/strong><\/p>\n<p>Der Klebe-BH besteht zu 82% aus Polyamid und zu 18% aus Elasthan. F\u00fcr die optimale Pflege wird der BH mit der Klebefl\u00e4che nach oben in der Hand durchgesp\u00fclt. Hierf\u00fcr k\u00f6nnen warmes Wasser und eine milde Seife verwendet werden. Anschlie\u00dfend den BH zum Trocknen mit den Klebefl\u00e4chen nach oben auf einen sauberen Untergrund legen. Ist der BH getrocknet, kann die Schutzfolie wieder angebracht werden. Damit keine Fussel an die Klebefl\u00e4che des BHs kommen, wird der BH idealerweise in einer separaten Box aufbewahrt. Modellnummer: YWK604.<\/p>\n<\/p>\n<p><strong>LASCANA: IT\u2019S A WOMAN\u2019S WORLD<\/strong><\/p>\n<p>LASCANA steht f\u00fcr Kompetenz und exzellente Passform sowie eine vielf\u00e4ltige Auswahl an Unterw\u00e4sche und Bademode. Ob f\u00fcr Dessous, Bodys &amp; Neglig\u00e9s mit zarter Spitze oder LASCANA Unterw\u00e4sche, wie z. B. Basic BHs &amp; Slips sowie Nachtw\u00e4sche mit Wohlf\u00fchlgarantie, LASCANA ist immer die richtige Wahl. Auch mit der Bade- und Strandmode von LASCANA machen Sie einfach eine gute Figur \u2013 entdecken Sie Ihre Favoriten!<\/p>\n<\/p>\n<p>Selbstklebender BH mit leichtem Push-Up Effekt<br \/>\nKlebe BH mit starkem Halt durch Seitenfl\u00fcgel<br \/>\n82% Polyamid, 18% Elasthan<br \/>\nTr\u00e4gerloser<br \/>\nPflegehinweis: Handw\u00e4sche<br \/>\nModellnummer: YWK604<br \/>\nKlebe Push-Up BH ideal f\u00fcr r\u00fcckenfreie Kleider<br \/>\n<div class=\"main-cross-sell\" data-asin=\"B07JHZ7XW3\">\n\n\t<div class=\"WooZone-cross-sell-loader\">\n\t\t<div>\n\t\t\t<div id=\"floatingBarsG\">\n\t\t\t\t<div class=\"blockG\" id=\"rotateG_01\"><\/div>\n\t\t\t\t<div class=\"blockG\" id=\"rotateG_02\"><\/div>\n\t\t\t\t<div class=\"blockG\" id=\"rotateG_03\"><\/div>\n\t\t\t\t<div class=\"blockG\" id=\"rotateG_04\"><\/div>\n\t\t\t\t<div class=\"blockG\" id=\"rotateG_05\"><\/div>\n\t\t\t\t<div class=\"blockG\" id=\"rotateG_06\"><\/div>\n\t\t\t\t<div class=\"blockG\" id=\"rotateG_07\"><\/div>\n\t\t\t\t<div class=\"blockG\" id=\"rotateG_08\"><\/div>\n\t\t\t<\/div>\n\t\t\t<div class=\"WooZone-cross-sell-loader-text\"><\/div>\n\t\t<\/div>\n\t<\/div>\n\n\t\t\n<\/div>\n<div style=\"clear:both;\"><\/div>\n","protected":false},"excerpt":{"rendered":"<p>Selbstklebender BH mit leichtem Push-Up Effekt<br \/>\nKlebe BH mit starkem Halt durch Seitenfl\u00fcgel<br \/>\n82% Polyamid, 18% Elasthan<\/p>\n","protected":false},"featured_media":3607,"template":"","meta":[],"etheme_brands":[],"class_list":{"0":"post-3606","1":"product","2":"type-product","3":"status-publish","4":"has-post-thumbnail","6":"product_cat-sexy-accessoire","8":"first","9":"instock","10":"taxable","11":"shipping-taxable","12":"product-type-external"},"_links":{"self":[{"href":"https:\/\/eventparadies.com\/index.php?rest_route=\/wp\/v2\/product\/3606","targetHints":{"allow":["GET"]}}],"collection":[{"href":"https:\/\/eventparadies.com\/index.php?rest_route=\/wp\/v2\/product"}],"about":[{"href":"https:\/\/eventparadies.com\/index.php?rest_route=\/wp\/v2\/types\/product"}],"wp:featuredmedia":[{"embeddable":true,"href":"https:\/\/eventparadies.com\/index.php?rest_route=\/wp\/v2\/media\/3607"}],"wp:attachment":[{"href":"https:\/\/eventparadies.com\/index.php?rest_route=%2Fwp%2Fv2%2Fmedia&parent=3606"}],"wp:term":[{"taxonomy":"brand","embeddable":true,"href":"https:\/\/eventparadies.com\/index.php?rest_route=%2Fwp%2Fv2%2Fetheme_brands&post=3606"}],"curies":[{"name":"wp","href":"https:\/\/api.w.org\/{rel}","templated":true}]}}