{"id":3582,"date":"2020-03-28T20:31:46","date_gmt":"2020-03-28T20:31:46","guid":{"rendered":"https:\/\/klamottenbude24.de\/?product=you2toys-candy-nipple-tassels-1er-pack-1-x-60-g"},"modified":"2023-04-10T22:17:54","modified_gmt":"2023-04-10T22:17:54","slug":"you2toys-candy-nipple-tassels-1er-pack-1-x-60-g","status":"publish","type":"product","link":"https:\/\/eventparadies.com\/?product=you2toys-candy-nipple-tassels-1er-pack-1-x-60-g","title":{"rendered":"You2Toys Candy Nipple Tassels, 1er Pack (1 x 60 g)"},"content":{"rendered":"<div class=\"disclaim\"> Gr\u00f6\u00dfe:<strong>One Size<\/strong> <\/div>\n<p> <!-- show up to 2 reviews by default --> <\/p>\n<h3>Produktbeschreibung<\/h3>\n<p>Der etwas andere Nippelschmuck. Candy Nipple Tassels sind Augen- und Gaumenschmaus zugleich. Die Pasties bestehen n\u00e4mlich aus bunten Zucker-&#8220; Perlen&#8220;, die gekonnt entscheidende Details verdecken und Lust auf mehr machen. Mit den Haftetiketten, die Sie in der Verpackungen finden, sind sie im Nu angebracht und lassen der Phantasie freien Lauf. Ob als burlesque oder Variet\u00e9-Einlage oder als spielerischer Gag: Candy Nipple Tassels sorgen immer f\u00fcr einen \u00dcberraschungsmoment. br <\/p>\n<h3>Inhaltsstoffe \/ Zutaten<\/h3>\n<p>Dextrose, Modifizierte Maisst\u00e4rke, Trennmittel: Magnesiumsalze der Speisefetts\u00e4uren, S\u00e4uerungsmittel: Zitronens\u00e4ure, Aromen, Farbstoffe E129,E102,E133. <\/p>\n<div data-a-expander-name=\"toggle_description\" class=\"a-row a-expander-container a-expander-extend-container\">\n<div class=\"a-expander-content a-expander-extend-content\">\n<h3>Warnhinweise<\/h3>\n<p>Kann Aktivit\u00e4t und Aufmerksamkeit bei Kindern beeintr\u00e4chtigen <\/p>\n<h3>Anschrift Hersteller\/Importeur<\/h3>\n<p>Spencer and Fleetwood Ltd, Kings Lodge, 28 Church Street, Epsom, Surrey, KT17 4QB, UK <\/p>\n<\/p><\/div>\n<p> <a href=\"void(0)\" data-action=\"a-expander-toggle\" class=\"a-expander-header a-declarative a-expander-extend-header\" data-a-expander-toggle=\"{\"><i class=\"a-icon a-icon-extender-expand\"><\/i><span class=\"a-expander-prompt\">Weitere Informationen<\/span><\/a> <\/div>\n<p>Originelle Nippel-Aufkleber aus Zuckerperlen, die zum lustvollen Vernaschen inspirieren. Pr\u00e4sentieren Sie Ihrem Liebsten einmal ein ganz besonderes, erotisches Genuss-Men\u00fc.<br \/>\nEssbare Nippel-Aufkleber aus Zuckerperlen<br \/>\nS\u00fc\u00df und Sexy<br \/>\nEinheitsgr\u00f6\u00dfe<br \/>\n<div class=\"main-cross-sell\" data-asin=\"B000W7V5P0\">\n\n\t<div class=\"WooZone-cross-sell-loader\">\n\t\t<div>\n\t\t\t<div id=\"floatingBarsG\">\n\t\t\t\t<div class=\"blockG\" id=\"rotateG_01\"><\/div>\n\t\t\t\t<div class=\"blockG\" id=\"rotateG_02\"><\/div>\n\t\t\t\t<div class=\"blockG\" id=\"rotateG_03\"><\/div>\n\t\t\t\t<div class=\"blockG\" id=\"rotateG_04\"><\/div>\n\t\t\t\t<div class=\"blockG\" id=\"rotateG_05\"><\/div>\n\t\t\t\t<div class=\"blockG\" id=\"rotateG_06\"><\/div>\n\t\t\t\t<div class=\"blockG\" id=\"rotateG_07\"><\/div>\n\t\t\t\t<div class=\"blockG\" id=\"rotateG_08\"><\/div>\n\t\t\t<\/div>\n\t\t\t<div class=\"WooZone-cross-sell-loader-text\"><\/div>\n\t\t<\/div>\n\t<\/div>\n\n\t\t\n<\/div>\n<div style=\"clear:both;\"><\/div>\n","protected":false},"excerpt":{"rendered":"<p>Originelle Nippel-Aufkleber aus Zuckerperlen, die zum lustvollen Vernaschen inspirieren. Pr\u00e4sentieren Sie Ihrem Liebsten einmal ein ganz besonderes, erotisches Genuss-Men\u00fc.<br \/>\nEssbare Nippel-Aufkleber aus Zuckerperlen<br \/>\nS\u00fc\u00df und Sexy<\/p>\n","protected":false},"featured_media":3583,"template":"","meta":[],"etheme_brands":[],"class_list":{"0":"post-3582","1":"product","2":"type-product","3":"status-publish","4":"has-post-thumbnail","6":"product_cat-sexy-accessoire","8":"first","9":"instock","10":"taxable","11":"shipping-taxable","12":"product-type-external"},"_links":{"self":[{"href":"https:\/\/eventparadies.com\/index.php?rest_route=\/wp\/v2\/product\/3582","targetHints":{"allow":["GET"]}}],"collection":[{"href":"https:\/\/eventparadies.com\/index.php?rest_route=\/wp\/v2\/product"}],"about":[{"href":"https:\/\/eventparadies.com\/index.php?rest_route=\/wp\/v2\/types\/product"}],"wp:featuredmedia":[{"embeddable":true,"href":"https:\/\/eventparadies.com\/index.php?rest_route=\/wp\/v2\/media\/3583"}],"wp:attachment":[{"href":"https:\/\/eventparadies.com\/index.php?rest_route=%2Fwp%2Fv2%2Fmedia&parent=3582"}],"wp:term":[{"taxonomy":"brand","embeddable":true,"href":"https:\/\/eventparadies.com\/index.php?rest_route=%2Fwp%2Fv2%2Fetheme_brands&post=3582"}],"curies":[{"name":"wp","href":"https:\/\/api.w.org\/{rel}","templated":true}]}}