{"id":3392,"date":"2020-03-28T20:13:40","date_gmt":"2020-03-28T20:13:40","guid":{"rendered":"https:\/\/klamottenbude24.de\/?product=pieces-damen-pclina-lace-bra-top-noos-bralette"},"modified":"2023-04-09T21:40:07","modified_gmt":"2023-04-09T21:40:07","slug":"pieces-damen-pclina-lace-bra-top-noos-bralette","status":"publish","type":"product","link":"https:\/\/eventparadies.com\/?product=pieces-damen-pclina-lace-bra-top-noos-bralette","title":{"rendered":"PIECES Damen Pclina Lace Bra Top Noos BH"},"content":{"rendered":"<p><!-- show up to 2 reviews by default --> <\/p>\n<p>Mega sexy Dieser Spitzen BH von PIECES spricht f\u00fcr sich allein. Der BH kommt mit aufwendig verarbeitetr Spitze am gesamten Dekolletebereich, an den Tr\u00e4gern und dem breiten B\u00fcndchen unter der Brust. Danke PIECES f\u00fcr diesen ultra hei\u00dfen Bustier. Styling Tipp: unter eine schlichte wei\u00dfe Bluse anziehen mit skinny jeans <\/p>\n<p>Spitzen BH<br \/>\nGef\u00fcttertes Bustier<br \/>\n84% Polyamid, 16% Elasthan<br \/>\nB\u00fcgelloser<br \/>\nModellnummer: 17096003<br \/>\n<div class=\"main-cross-sell\" data-asin=\"B07GYX3CYL\">\n\n\t<div class=\"WooZone-cross-sell-loader\">\n\t\t<div>\n\t\t\t<div id=\"floatingBarsG\">\n\t\t\t\t<div class=\"blockG\" id=\"rotateG_01\"><\/div>\n\t\t\t\t<div class=\"blockG\" id=\"rotateG_02\"><\/div>\n\t\t\t\t<div class=\"blockG\" id=\"rotateG_03\"><\/div>\n\t\t\t\t<div class=\"blockG\" id=\"rotateG_04\"><\/div>\n\t\t\t\t<div class=\"blockG\" id=\"rotateG_05\"><\/div>\n\t\t\t\t<div class=\"blockG\" id=\"rotateG_06\"><\/div>\n\t\t\t\t<div class=\"blockG\" id=\"rotateG_07\"><\/div>\n\t\t\t\t<div class=\"blockG\" id=\"rotateG_08\"><\/div>\n\t\t\t<\/div>\n\t\t\t<div class=\"WooZone-cross-sell-loader-text\"><\/div>\n\t\t<\/div>\n\t<\/div>\n\n\t\t\n<\/div>\n<div style=\"clear:both;\"><\/div>\n","protected":false},"excerpt":{"rendered":"<p>Spitzen BH<br \/>\nGef\u00fcttertes Bustier<br \/>\n84% Polyamid, 16% Elasthan<\/p>\n","protected":false},"featured_media":3393,"template":"","meta":[],"etheme_brands":[],"class_list":{"0":"post-3392","1":"product","2":"type-product","3":"status-publish","4":"has-post-thumbnail","6":"product_cat-unterwaesche-und-bhs","8":"first","9":"instock","10":"taxable","11":"shipping-taxable","12":"product-type-external"},"_links":{"self":[{"href":"https:\/\/eventparadies.com\/index.php?rest_route=\/wp\/v2\/product\/3392","targetHints":{"allow":["GET"]}}],"collection":[{"href":"https:\/\/eventparadies.com\/index.php?rest_route=\/wp\/v2\/product"}],"about":[{"href":"https:\/\/eventparadies.com\/index.php?rest_route=\/wp\/v2\/types\/product"}],"wp:featuredmedia":[{"embeddable":true,"href":"https:\/\/eventparadies.com\/index.php?rest_route=\/wp\/v2\/media\/3393"}],"wp:attachment":[{"href":"https:\/\/eventparadies.com\/index.php?rest_route=%2Fwp%2Fv2%2Fmedia&parent=3392"}],"wp:term":[{"taxonomy":"brand","embeddable":true,"href":"https:\/\/eventparadies.com\/index.php?rest_route=%2Fwp%2Fv2%2Fetheme_brands&post=3392"}],"curies":[{"name":"wp","href":"https:\/\/api.w.org\/{rel}","templated":true}]}}