{"id":3389,"date":"2020-03-28T20:13:38","date_gmt":"2020-03-28T20:13:38","guid":{"rendered":"https:\/\/klamottenbude24.de\/?product=skiny-damen-pure-women-bustier"},"modified":"2023-04-09T21:40:07","modified_gmt":"2023-04-09T21:40:07","slug":"skiny-damen-pure-women-bustier","status":"publish","type":"product","link":"https:\/\/eventparadies.com\/?product=skiny-damen-pure-women-bustier","title":{"rendered":"Skiny Damen Pure Women Bustier"},"content":{"rendered":"<p><!-- show up to 2 reviews by default --> <\/p>\n<p>Skiny Pure &#8211; bei dieser Tagw\u00e4sche-Serie ist der Name Programm. Das feine Material, das sportlich, feminine Design und die hochwertig Verarbeitung der in \u00d6sterreich produzierten Stoff-Qualit\u00e4ten, machen die Serie zum Must-have f\u00fcr jeden W\u00e4scheschrank. Das h\u00fcbsche Bustier bietet dank doppelt verarbeitetem Stoff und sportlichem Racerback noch mehr Halt sowie auch der Skiny-typische Unterbrustgummi. Unsere Skiny Artikel werden mit unserem neuen Logo \u201eSKNB\u201c gebrandet, dies steht als Abk\u00fcrzung f\u00fcr \u201eSkiny Bodywear\u201c. <\/p>\n<p>Sportliches Bustier aus feiner Baumwoll-Modal-Qualit\u00e4t, Stoff-Qualit\u00e4t aus \u00d6sterreich, Breiter, sportiver Bundgummi als Unterbrustband<br \/>\nDoppelt verarbeiteter Stoff und Racerback f\u00fcr mehr Halt und Komfort, Perfekte Passform dank hochwertiger Verarbeitung, Produktion in Europa, \u00d6ko-Tex Standard 100;SKNB ist unser neues Logo-Branding und steht f\u00fcr \u201eSkiny bodywear\u201c<br \/>\n47% Baumwolle, 47% Modal, 6% Elasthan<br \/>\nPflegehinweis: Maschinenw\u00e4sche warm (40\u00b0 +)<br \/>\nModellnummer: 82694<br \/>\n<div class=\"main-cross-sell\" data-asin=\"B01LX8OSV5\">\n\n\t<div class=\"WooZone-cross-sell-loader\">\n\t\t<div>\n\t\t\t<div id=\"floatingBarsG\">\n\t\t\t\t<div class=\"blockG\" id=\"rotateG_01\"><\/div>\n\t\t\t\t<div class=\"blockG\" id=\"rotateG_02\"><\/div>\n\t\t\t\t<div class=\"blockG\" id=\"rotateG_03\"><\/div>\n\t\t\t\t<div class=\"blockG\" id=\"rotateG_04\"><\/div>\n\t\t\t\t<div class=\"blockG\" id=\"rotateG_05\"><\/div>\n\t\t\t\t<div class=\"blockG\" id=\"rotateG_06\"><\/div>\n\t\t\t\t<div class=\"blockG\" id=\"rotateG_07\"><\/div>\n\t\t\t\t<div class=\"blockG\" id=\"rotateG_08\"><\/div>\n\t\t\t<\/div>\n\t\t\t<div class=\"WooZone-cross-sell-loader-text\"><\/div>\n\t\t<\/div>\n\t<\/div>\n\n\t\t\n<\/div>\n<div style=\"clear:both;\"><\/div>\n","protected":false},"excerpt":{"rendered":"<p>Sportliches Bustier aus feiner Baumwoll-Modal-Qualit\u00e4t, Stoff-Qualit\u00e4t aus \u00d6sterreich, Breiter, sportiver Bundgummi als Unterbrustband<br \/>\nDoppelt verarbeiteter Stoff und Racerback f\u00fcr mehr Halt und Komfort, Perfekte Passform dank hochwertiger Verarbeitung, Produktion in Europa, \u00d6ko-Tex Standard 100;SKNB ist unser neues Logo-Branding und steht f\u00fcr \u201eSkiny bodywear\u201c<br \/>\n47% Baumwolle, 47% Modal, 6% Elasthan<\/p>\n","protected":false},"featured_media":3390,"template":"","meta":[],"etheme_brands":[],"class_list":{"0":"post-3389","1":"product","2":"type-product","3":"status-publish","4":"has-post-thumbnail","6":"product_cat-unterwaesche-und-bhs","8":"first","9":"instock","10":"taxable","11":"shipping-taxable","12":"product-type-external"},"_links":{"self":[{"href":"https:\/\/eventparadies.com\/index.php?rest_route=\/wp\/v2\/product\/3389","targetHints":{"allow":["GET"]}}],"collection":[{"href":"https:\/\/eventparadies.com\/index.php?rest_route=\/wp\/v2\/product"}],"about":[{"href":"https:\/\/eventparadies.com\/index.php?rest_route=\/wp\/v2\/types\/product"}],"wp:featuredmedia":[{"embeddable":true,"href":"https:\/\/eventparadies.com\/index.php?rest_route=\/wp\/v2\/media\/3390"}],"wp:attachment":[{"href":"https:\/\/eventparadies.com\/index.php?rest_route=%2Fwp%2Fv2%2Fmedia&parent=3389"}],"wp:term":[{"taxonomy":"brand","embeddable":true,"href":"https:\/\/eventparadies.com\/index.php?rest_route=%2Fwp%2Fv2%2Fetheme_brands&post=3389"}],"curies":[{"name":"wp","href":"https:\/\/api.w.org\/{rel}","templated":true}]}}