{"id":3369,"date":"2020-03-28T20:13:29","date_gmt":"2020-03-28T20:13:29","guid":{"rendered":"https:\/\/klamottenbude24.de\/?product=mey-basics-serie-soft-shape-damen-bustiers"},"modified":"2023-04-09T21:40:07","modified_gmt":"2023-04-09T21:40:07","slug":"mey-basics-serie-soft-shape-damen-bustiers","status":"publish","type":"product","link":"https:\/\/eventparadies.com\/?product=mey-basics-serie-soft-shape-damen-bustiers","title":{"rendered":"Mey Damen Bustier &#8211; B\u00fcgellos &#8211; Verstellbar mit Verschluss &#8211; Serie Soft Shape 84051"},"content":{"rendered":"<p><!-- show up to 2 reviews by default --> <\/p>\n<p>Eine Ber\u00fchrung und man verf\u00e4llt der Serie Soft Shape hoffnungslos. Nichts ist so unverkennbar weich wie die Kombination aus 90% feinem Polyamid und 10% Elastan. Dank extrem flacher Abschl\u00fcsse ist die Serie Soft Shape unter Ihrer Oberbekleidung unsichtbar und tr\u00e4gt nicht auf. <\/p>\n<p>*B\u00fcgellos*Gedoppeltes, gemoldetes B\u00fcstenteil*Tr\u00e4ger, verstellbar*Haken-\u00d6sen-Verschluss, dreifach verstellbar*Anschmiegsame Qualit\u00e4t<br \/>\n90% Polyamid, 10% Elasthan<br \/>\nPflegehinweis: Machine-washable Low Temperature<br \/>\nModellnummer: 84051-3<br \/>\n<div class=\"main-cross-sell\" data-asin=\"B001C2OFOC\">\n\n\t<div class=\"WooZone-cross-sell-loader\">\n\t\t<div>\n\t\t\t<div id=\"floatingBarsG\">\n\t\t\t\t<div class=\"blockG\" id=\"rotateG_01\"><\/div>\n\t\t\t\t<div class=\"blockG\" id=\"rotateG_02\"><\/div>\n\t\t\t\t<div class=\"blockG\" id=\"rotateG_03\"><\/div>\n\t\t\t\t<div class=\"blockG\" id=\"rotateG_04\"><\/div>\n\t\t\t\t<div class=\"blockG\" id=\"rotateG_05\"><\/div>\n\t\t\t\t<div class=\"blockG\" id=\"rotateG_06\"><\/div>\n\t\t\t\t<div class=\"blockG\" id=\"rotateG_07\"><\/div>\n\t\t\t\t<div class=\"blockG\" id=\"rotateG_08\"><\/div>\n\t\t\t<\/div>\n\t\t\t<div class=\"WooZone-cross-sell-loader-text\"><\/div>\n\t\t<\/div>\n\t<\/div>\n\n\t\t\n<\/div>\n<div style=\"clear:both;\"><\/div>\n","protected":false},"excerpt":{"rendered":"<p>*B\u00fcgellos*Gedoppeltes, gemoldetes B\u00fcstenteil*Tr\u00e4ger, verstellbar*Haken-\u00d6sen-Verschluss, dreifach verstellbar*Anschmiegsame Qualit\u00e4t<br \/>\n90% Polyamid, 10% Elasthan<br \/>\nPflegehinweis: Machine-washable Low Temperature<\/p>\n","protected":false},"featured_media":3370,"template":"","meta":[],"etheme_brands":[],"class_list":{"0":"post-3369","1":"product","2":"type-product","3":"status-publish","4":"has-post-thumbnail","6":"product_cat-unterwaesche-und-bhs","8":"first","9":"instock","10":"taxable","11":"shipping-taxable","12":"product-type-external"},"_links":{"self":[{"href":"https:\/\/eventparadies.com\/index.php?rest_route=\/wp\/v2\/product\/3369","targetHints":{"allow":["GET"]}}],"collection":[{"href":"https:\/\/eventparadies.com\/index.php?rest_route=\/wp\/v2\/product"}],"about":[{"href":"https:\/\/eventparadies.com\/index.php?rest_route=\/wp\/v2\/types\/product"}],"wp:featuredmedia":[{"embeddable":true,"href":"https:\/\/eventparadies.com\/index.php?rest_route=\/wp\/v2\/media\/3370"}],"wp:attachment":[{"href":"https:\/\/eventparadies.com\/index.php?rest_route=%2Fwp%2Fv2%2Fmedia&parent=3369"}],"wp:term":[{"taxonomy":"brand","embeddable":true,"href":"https:\/\/eventparadies.com\/index.php?rest_route=%2Fwp%2Fv2%2Fetheme_brands&post=3369"}],"curies":[{"name":"wp","href":"https:\/\/api.w.org\/{rel}","templated":true}]}}