{"id":3362,"date":"2020-03-28T20:13:26","date_gmt":"2020-03-28T20:13:26","guid":{"rendered":"https:\/\/klamottenbude24.de\/?product=sloggi-damen-women-move-flex-sport-top"},"modified":"2023-04-09T21:40:07","modified_gmt":"2023-04-09T21:40:07","slug":"sloggi-damen-women-move-flex-sport-top","status":"publish","type":"product","link":"https:\/\/eventparadies.com\/?product=sloggi-damen-women-move-flex-sport-top","title":{"rendered":"Sloggi Damen Women Move Flex Sport Top"},"content":{"rendered":"<p><!-- show up to 2 reviews by default --> <\/p>\n<p>Perfekt f\u00fcr flexible, schnelle Bewegungen dank Reibungsverringerndem Finish. Superweiches Material bietet uneingeschr\u00e4nkte Bewegungsfreiheit durch bi-elastische Jaquardeins\u00e4tze. Atmungsaktiv und hervorragende Feuchteregulierung. <\/p>\n<p>HeiQ Smart Temp Finish<br \/>\nThermoregulierend<br \/>\n60% Polyamid, 40% Elasthan<br \/>\nPflegehinweis: Maschinenw\u00e4sche warm (40\u00b0 +)<br \/>\nModellnummer: 10190372<br \/>\n<div class=\"main-cross-sell\" data-asin=\"B07LFY1ZJZ\">\n\n\t<div class=\"WooZone-cross-sell-loader\">\n\t\t<div>\n\t\t\t<div id=\"floatingBarsG\">\n\t\t\t\t<div class=\"blockG\" id=\"rotateG_01\"><\/div>\n\t\t\t\t<div class=\"blockG\" id=\"rotateG_02\"><\/div>\n\t\t\t\t<div class=\"blockG\" id=\"rotateG_03\"><\/div>\n\t\t\t\t<div class=\"blockG\" id=\"rotateG_04\"><\/div>\n\t\t\t\t<div class=\"blockG\" id=\"rotateG_05\"><\/div>\n\t\t\t\t<div class=\"blockG\" id=\"rotateG_06\"><\/div>\n\t\t\t\t<div class=\"blockG\" id=\"rotateG_07\"><\/div>\n\t\t\t\t<div class=\"blockG\" id=\"rotateG_08\"><\/div>\n\t\t\t<\/div>\n\t\t\t<div class=\"WooZone-cross-sell-loader-text\"><\/div>\n\t\t<\/div>\n\t<\/div>\n\n\t\t\n<\/div>\n<div style=\"clear:both;\"><\/div>\n","protected":false},"excerpt":{"rendered":"<p>HeiQ Smart Temp Finish<br \/>\nThermoregulierend<br \/>\n60% Polyamid, 40% Elasthan<\/p>\n","protected":false},"featured_media":3366,"template":"","meta":[],"etheme_brands":[],"class_list":{"0":"post-3362","1":"product","2":"type-product","3":"status-publish","4":"has-post-thumbnail","6":"product_cat-unterwaesche-und-bhs","8":"first","9":"instock","10":"taxable","11":"shipping-taxable","12":"product-type-external"},"_links":{"self":[{"href":"https:\/\/eventparadies.com\/index.php?rest_route=\/wp\/v2\/product\/3362","targetHints":{"allow":["GET"]}}],"collection":[{"href":"https:\/\/eventparadies.com\/index.php?rest_route=\/wp\/v2\/product"}],"about":[{"href":"https:\/\/eventparadies.com\/index.php?rest_route=\/wp\/v2\/types\/product"}],"wp:featuredmedia":[{"embeddable":true,"href":"https:\/\/eventparadies.com\/index.php?rest_route=\/wp\/v2\/media\/3366"}],"wp:attachment":[{"href":"https:\/\/eventparadies.com\/index.php?rest_route=%2Fwp%2Fv2%2Fmedia&parent=3362"}],"wp:term":[{"taxonomy":"brand","embeddable":true,"href":"https:\/\/eventparadies.com\/index.php?rest_route=%2Fwp%2Fv2%2Fetheme_brands&post=3362"}],"curies":[{"name":"wp","href":"https:\/\/api.w.org\/{rel}","templated":true}]}}