{"id":3355,"date":"2020-03-28T20:13:22","date_gmt":"2020-03-28T20:13:22","guid":{"rendered":"https:\/\/klamottenbude24.de\/?product=skiny-damen-bralette-essentials-women-bustier"},"modified":"2023-04-09T21:40:07","modified_gmt":"2023-04-09T21:40:07","slug":"skiny-damen-bralette-essentials-women-bustier","status":"publish","type":"product","link":"https:\/\/eventparadies.com\/?product=skiny-damen-bralette-essentials-women-bustier","title":{"rendered":"Skiny Damen Bustier"},"content":{"rendered":"<p><!-- show up to 2 reviews by default --> <\/p>\n<p>Das sportliche Bustier aus wunderbar weicher Baumwoll-Qualit\u00e4t bietet ohne B\u00fcgel und st\u00f6rende N\u00e4hte maximalen Tragekomfort auch f\u00fcr Allergiker. Die doppelten, verstellbaren Tr\u00e4ger sorgen f\u00fcr sicheren Halt und Flexibilit\u00e4t. <\/p>\n<p>Skiny Damen Bustier ohne B\u00fcgel aus reiner Baumwoll-Qualit\u00e4t mit doppelten, verstellbaren Tr\u00e4gern f\u00fcr einen bequemen Sitz.<br \/>\nSkiny Bustier Top zeichnet sich nicht unter dem T-Shirt ab<br \/>\n95% Baumwolle, 5% Elasthan<br \/>\nBustier<br \/>\nPflegehinweis: Maschinenw\u00e4sche warm (40\u00b0 +)<br \/>\nModellnummer: 89357<br \/>\n<div class=\"main-cross-sell\" data-asin=\"B001R4YJKK\">\n\n\t<div class=\"WooZone-cross-sell-loader\">\n\t\t<div>\n\t\t\t<div id=\"floatingBarsG\">\n\t\t\t\t<div class=\"blockG\" id=\"rotateG_01\"><\/div>\n\t\t\t\t<div class=\"blockG\" id=\"rotateG_02\"><\/div>\n\t\t\t\t<div class=\"blockG\" id=\"rotateG_03\"><\/div>\n\t\t\t\t<div class=\"blockG\" id=\"rotateG_04\"><\/div>\n\t\t\t\t<div class=\"blockG\" id=\"rotateG_05\"><\/div>\n\t\t\t\t<div class=\"blockG\" id=\"rotateG_06\"><\/div>\n\t\t\t\t<div class=\"blockG\" id=\"rotateG_07\"><\/div>\n\t\t\t\t<div class=\"blockG\" id=\"rotateG_08\"><\/div>\n\t\t\t<\/div>\n\t\t\t<div class=\"WooZone-cross-sell-loader-text\"><\/div>\n\t\t<\/div>\n\t<\/div>\n\n\t\t\n<\/div>\n<div style=\"clear:both;\"><\/div>\n","protected":false},"excerpt":{"rendered":"<p>Skiny Damen Bustier ohne B\u00fcgel aus reiner Baumwoll-Qualit\u00e4t mit doppelten, verstellbaren Tr\u00e4gern f\u00fcr einen bequemen Sitz.<br \/>\nSkiny Bustier Top zeichnet sich nicht unter dem T-Shirt ab<br \/>\n95% Baumwolle, 5% Elasthan<\/p>\n","protected":false},"featured_media":3359,"template":"","meta":[],"etheme_brands":[],"class_list":{"0":"post-3355","1":"product","2":"type-product","3":"status-publish","4":"has-post-thumbnail","6":"product_cat-unterwaesche-und-bhs","8":"first","9":"instock","10":"taxable","11":"shipping-taxable","12":"product-type-external"},"_links":{"self":[{"href":"https:\/\/eventparadies.com\/index.php?rest_route=\/wp\/v2\/product\/3355","targetHints":{"allow":["GET"]}}],"collection":[{"href":"https:\/\/eventparadies.com\/index.php?rest_route=\/wp\/v2\/product"}],"about":[{"href":"https:\/\/eventparadies.com\/index.php?rest_route=\/wp\/v2\/types\/product"}],"wp:featuredmedia":[{"embeddable":true,"href":"https:\/\/eventparadies.com\/index.php?rest_route=\/wp\/v2\/media\/3359"}],"wp:attachment":[{"href":"https:\/\/eventparadies.com\/index.php?rest_route=%2Fwp%2Fv2%2Fmedia&parent=3355"}],"wp:term":[{"taxonomy":"brand","embeddable":true,"href":"https:\/\/eventparadies.com\/index.php?rest_route=%2Fwp%2Fv2%2Fetheme_brands&post=3355"}],"curies":[{"name":"wp","href":"https:\/\/api.w.org\/{rel}","templated":true}]}}