{"id":3347,"date":"2020-03-28T20:13:18","date_gmt":"2020-03-28T20:13:18","guid":{"rendered":"https:\/\/klamottenbude24.de\/?product=schiesser-damen-bustier-seamless-light-bh"},"modified":"2023-04-09T21:40:07","modified_gmt":"2023-04-09T21:40:07","slug":"schiesser-damen-bustier-seamless-light-bh","status":"publish","type":"product","link":"https:\/\/eventparadies.com\/?product=schiesser-damen-bustier-seamless-light-bh","title":{"rendered":"Schiesser Damen Bustier nahtlos &#8211; Seamless Light"},"content":{"rendered":"<p><!-- show up to 2 reviews by default --> <\/p>\n<p>Seamless-W\u00e4sche mit Wohlf\u00fchlgarantie: Dieses Bustier aus der Seamless light-Serie vereint raffiniertes Unterw\u00e4sche-Knowhow mit Design. Mit soften, herausnehmbaren Cups, einem nahtlosen Abschluss und dem stimmigen Elastan-Anteil bietet das Bustier nicht nur h\u00f6chsten Tragekomfort, sondern zaubert zudem eine wundersch\u00f6ne, weibliche Silhouette. Die ideale Shapewear f\u00fcr Damen, die bequeme, sanft st\u00fctzende W\u00e4sche in bester SCHIESSER-Qualit\u00e4t lieben.<\/p>\n<\/p>\n<p>Gelbes Bustier mit nahtlosen Abschl\u00fcssen aus der SCHIESSER-Serie Seamless light mit soften Cups f\u00fcr eine sanfte St\u00fctzfunktion herausnehmbare Pads f\u00fcr eine flexible Trageweise h\u00f6chster Tragekomfort und ideale Passform durch komfortablen Elastan-Anteil aus hochwertiger Seamless-Strickware<br \/>\nAus hochwertiger Seamless-Strickware<br \/>\n93% Polyamid, 7% Elasthan<br \/>\nBustier<br \/>\nModellnummer: 144187<br \/>\n<div class=\"main-cross-sell\" data-asin=\"B00KHTM5V6\">\n\n\t<div class=\"WooZone-cross-sell-loader\">\n\t\t<div>\n\t\t\t<div id=\"floatingBarsG\">\n\t\t\t\t<div class=\"blockG\" id=\"rotateG_01\"><\/div>\n\t\t\t\t<div class=\"blockG\" id=\"rotateG_02\"><\/div>\n\t\t\t\t<div class=\"blockG\" id=\"rotateG_03\"><\/div>\n\t\t\t\t<div class=\"blockG\" id=\"rotateG_04\"><\/div>\n\t\t\t\t<div class=\"blockG\" id=\"rotateG_05\"><\/div>\n\t\t\t\t<div class=\"blockG\" id=\"rotateG_06\"><\/div>\n\t\t\t\t<div class=\"blockG\" id=\"rotateG_07\"><\/div>\n\t\t\t\t<div class=\"blockG\" id=\"rotateG_08\"><\/div>\n\t\t\t<\/div>\n\t\t\t<div class=\"WooZone-cross-sell-loader-text\"><\/div>\n\t\t<\/div>\n\t<\/div>\n\n\t\t\n<\/div>\n<div style=\"clear:both;\"><\/div>\n","protected":false},"excerpt":{"rendered":"<p>Gelbes Bustier mit nahtlosen Abschl\u00fcssen aus der SCHIESSER-Serie Seamless light mit soften Cups f\u00fcr eine sanfte St\u00fctzfunktion herausnehmbare Pads f\u00fcr eine flexible Trageweise h\u00f6chster Tragekomfort und ideale Passform durch komfortablen Elastan-Anteil aus hochwertiger Seamless-Strickware<br \/>\nAus hochwertiger Seamless-Strickware<br \/>\n93% Polyamid, 7% Elasthan<\/p>\n","protected":false},"featured_media":3348,"template":"","meta":[],"etheme_brands":[],"class_list":{"0":"post-3347","1":"product","2":"type-product","3":"status-publish","4":"has-post-thumbnail","6":"product_cat-unterwaesche-und-bhs","8":"first","9":"instock","10":"taxable","11":"shipping-taxable","12":"product-type-external"},"_links":{"self":[{"href":"https:\/\/eventparadies.com\/index.php?rest_route=\/wp\/v2\/product\/3347","targetHints":{"allow":["GET"]}}],"collection":[{"href":"https:\/\/eventparadies.com\/index.php?rest_route=\/wp\/v2\/product"}],"about":[{"href":"https:\/\/eventparadies.com\/index.php?rest_route=\/wp\/v2\/types\/product"}],"wp:featuredmedia":[{"embeddable":true,"href":"https:\/\/eventparadies.com\/index.php?rest_route=\/wp\/v2\/media\/3348"}],"wp:attachment":[{"href":"https:\/\/eventparadies.com\/index.php?rest_route=%2Fwp%2Fv2%2Fmedia&parent=3347"}],"wp:term":[{"taxonomy":"brand","embeddable":true,"href":"https:\/\/eventparadies.com\/index.php?rest_route=%2Fwp%2Fv2%2Fetheme_brands&post=3347"}],"curies":[{"name":"wp","href":"https:\/\/api.w.org\/{rel}","templated":true}]}}