{"id":3339,"date":"2020-03-28T20:13:14","date_gmt":"2020-03-28T20:13:14","guid":{"rendered":"https:\/\/klamottenbude24.de\/?product=triumph-doreen-non-wired-full-cup-damen-bh"},"modified":"2023-04-09T21:40:07","modified_gmt":"2023-04-09T21:40:07","slug":"triumph-doreen-non-wired-full-cup-damen-bh","status":"publish","type":"product","link":"https:\/\/eventparadies.com\/?product=triumph-doreen-non-wired-full-cup-damen-bh","title":{"rendered":"Triumph Damen Doreen X BH ohne B\u00fcgel"},"content":{"rendered":"<p><!-- show up to 2 reviews by default --> <\/p>\n<p>Modell doreen ist ein zeitloser triumph-klassiker, der besonders Frauen mit gr\u00f6\u00dferer Brust einen optimalen Halt bietet. Zarte Spitze, angenehm breitere Tr\u00e4ger und ein breites Seiten- und R\u00fcckteil geben maximalen Komfort. &#8211; BH mit leichter Polsterung und formenden b\u00fcgeln &#8211; Cups aus zarter Spitze &#8211; Ausschnitt angenehm h\u00f6her geschnitten f\u00fcr einen idealen Halt <\/p>\n<p>Cups mit softer Polsterung und formendem B\u00fcgel f\u00fcr ein wundersch\u00f6n geformtes Dekollet\u00e9<br \/>\nBreite, l\u00e4ngenverstellbare Tr\u00e4ger<br \/>\n80% Polyamid, 13% Elasthan, 7% Baumwolle<br \/>\nB\u00fcgelloser<br \/>\nPflegehinweis: Maschinenw\u00e4sche warm (40\u00b0 +)<br \/>\nModellnummer: 10166213<br \/>\nUnterst\u00fctzender, formender Rahmen an Cups, Seiten und Unterbrust, der die Cups umgibt<br \/>\nIdeal f\u00fcr gro\u00dfe Cupgr\u00f6\u00dfen<br \/>\n<div class=\"main-cross-sell\" data-asin=\"B003VQTBQE\">\n\n\t<div class=\"WooZone-cross-sell-loader\">\n\t\t<div>\n\t\t\t<div id=\"floatingBarsG\">\n\t\t\t\t<div class=\"blockG\" id=\"rotateG_01\"><\/div>\n\t\t\t\t<div class=\"blockG\" id=\"rotateG_02\"><\/div>\n\t\t\t\t<div class=\"blockG\" id=\"rotateG_03\"><\/div>\n\t\t\t\t<div class=\"blockG\" id=\"rotateG_04\"><\/div>\n\t\t\t\t<div class=\"blockG\" id=\"rotateG_05\"><\/div>\n\t\t\t\t<div class=\"blockG\" id=\"rotateG_06\"><\/div>\n\t\t\t\t<div class=\"blockG\" id=\"rotateG_07\"><\/div>\n\t\t\t\t<div class=\"blockG\" id=\"rotateG_08\"><\/div>\n\t\t\t<\/div>\n\t\t\t<div class=\"WooZone-cross-sell-loader-text\"><\/div>\n\t\t<\/div>\n\t<\/div>\n\n\t\t\n<\/div>\n<div style=\"clear:both;\"><\/div>\n","protected":false},"excerpt":{"rendered":"<p>Cups mit softer Polsterung und formendem B\u00fcgel f\u00fcr ein wundersch\u00f6n geformtes Dekollet\u00e9<br \/>\nBreite, l\u00e4ngenverstellbare Tr\u00e4ger<br \/>\n80% Polyamid, 13% Elasthan, 7% Baumwolle<\/p>\n","protected":false},"featured_media":3340,"template":"","meta":[],"etheme_brands":[],"class_list":{"0":"post-3339","1":"product","2":"type-product","3":"status-publish","4":"has-post-thumbnail","6":"product_cat-unterwaesche-und-bhs","8":"first","9":"instock","10":"taxable","11":"shipping-taxable","12":"product-type-external"},"_links":{"self":[{"href":"https:\/\/eventparadies.com\/index.php?rest_route=\/wp\/v2\/product\/3339","targetHints":{"allow":["GET"]}}],"collection":[{"href":"https:\/\/eventparadies.com\/index.php?rest_route=\/wp\/v2\/product"}],"about":[{"href":"https:\/\/eventparadies.com\/index.php?rest_route=\/wp\/v2\/types\/product"}],"wp:featuredmedia":[{"embeddable":true,"href":"https:\/\/eventparadies.com\/index.php?rest_route=\/wp\/v2\/media\/3340"}],"wp:attachment":[{"href":"https:\/\/eventparadies.com\/index.php?rest_route=%2Fwp%2Fv2%2Fmedia&parent=3339"}],"wp:term":[{"taxonomy":"brand","embeddable":true,"href":"https:\/\/eventparadies.com\/index.php?rest_route=%2Fwp%2Fv2%2Fetheme_brands&post=3339"}],"curies":[{"name":"wp","href":"https:\/\/api.w.org\/{rel}","templated":true}]}}