{"id":3332,"date":"2020-03-28T20:13:09","date_gmt":"2020-03-28T20:13:09","guid":{"rendered":"https:\/\/klamottenbude24.de\/?product=triumph-damen-bh-modern-soft-cotton-wp"},"modified":"2023-04-09T21:40:07","modified_gmt":"2023-04-09T21:40:07","slug":"triumph-damen-bh-modern-soft-cotton-wp","status":"publish","type":"product","link":"https:\/\/eventparadies.com\/?product=triumph-damen-bh-modern-soft-cotton-wp","title":{"rendered":"Triumph Damen Modern Soft+Cotton Wp Vollschalen BH"},"content":{"rendered":"<p><!-- show up to 2 reviews by default --> <\/p>\n<p>will be given later <\/p>\n<p>Soft gepolsterte Cups mit formenden B\u00fcgeln aus glattem Jersey mit feinen Streifen<br \/>\nVollelastische Cups; Die sich der Brust perfekt anpassen und so einen perfekten Halt geben<br \/>\n55% Polyamid, 25% Elasthan, 20% Baumwolle<br \/>\nSchalen<br \/>\nModellnummer: 10190374<br \/>\nSeiten- und R\u00fcckteil aus Jersey f\u00fcr zus\u00e4tzliche Unterst\u00fctzung<br \/>\nKleiner Flock-Print mit Krone an der Seite<br \/>\nL\u00e4ngenverstellbare; Im Schulterbereich weich gepolsterte Tr\u00e4ger f\u00fcr maximalen Komfort<br \/>\n<div class=\"main-cross-sell\" data-asin=\"B07CBPJYZX\">\n\n\t<div class=\"WooZone-cross-sell-loader\">\n\t\t<div>\n\t\t\t<div id=\"floatingBarsG\">\n\t\t\t\t<div class=\"blockG\" id=\"rotateG_01\"><\/div>\n\t\t\t\t<div class=\"blockG\" id=\"rotateG_02\"><\/div>\n\t\t\t\t<div class=\"blockG\" id=\"rotateG_03\"><\/div>\n\t\t\t\t<div class=\"blockG\" id=\"rotateG_04\"><\/div>\n\t\t\t\t<div class=\"blockG\" id=\"rotateG_05\"><\/div>\n\t\t\t\t<div class=\"blockG\" id=\"rotateG_06\"><\/div>\n\t\t\t\t<div class=\"blockG\" id=\"rotateG_07\"><\/div>\n\t\t\t\t<div class=\"blockG\" id=\"rotateG_08\"><\/div>\n\t\t\t<\/div>\n\t\t\t<div class=\"WooZone-cross-sell-loader-text\"><\/div>\n\t\t<\/div>\n\t<\/div>\n\n\t\t\n<\/div>\n<div style=\"clear:both;\"><\/div>\n","protected":false},"excerpt":{"rendered":"<p>Soft gepolsterte Cups mit formenden B\u00fcgeln aus glattem Jersey mit feinen Streifen<br \/>\nVollelastische Cups; Die sich der Brust perfekt anpassen und so einen perfekten Halt geben<br \/>\n55% Polyamid, 25% Elasthan, 20% Baumwolle<\/p>\n","protected":false},"featured_media":3334,"template":"","meta":[],"etheme_brands":[],"class_list":{"0":"post-3332","1":"product","2":"type-product","3":"status-publish","4":"has-post-thumbnail","6":"product_cat-unterwaesche-und-bhs","8":"first","9":"instock","10":"taxable","11":"shipping-taxable","12":"product-type-external"},"_links":{"self":[{"href":"https:\/\/eventparadies.com\/index.php?rest_route=\/wp\/v2\/product\/3332","targetHints":{"allow":["GET"]}}],"collection":[{"href":"https:\/\/eventparadies.com\/index.php?rest_route=\/wp\/v2\/product"}],"about":[{"href":"https:\/\/eventparadies.com\/index.php?rest_route=\/wp\/v2\/types\/product"}],"wp:featuredmedia":[{"embeddable":true,"href":"https:\/\/eventparadies.com\/index.php?rest_route=\/wp\/v2\/media\/3334"}],"wp:attachment":[{"href":"https:\/\/eventparadies.com\/index.php?rest_route=%2Fwp%2Fv2%2Fmedia&parent=3332"}],"wp:term":[{"taxonomy":"brand","embeddable":true,"href":"https:\/\/eventparadies.com\/index.php?rest_route=%2Fwp%2Fv2%2Fetheme_brands&post=3332"}],"curies":[{"name":"wp","href":"https:\/\/api.w.org\/{rel}","templated":true}]}}