{"id":3328,"date":"2020-03-28T20:13:04","date_gmt":"2020-03-28T20:13:04","guid":{"rendered":"https:\/\/klamottenbude24.de\/?product=chantelle-damen-soft-stretch-buegelloser-bh"},"modified":"2023-04-09T21:40:07","modified_gmt":"2023-04-09T21:40:07","slug":"chantelle-damen-soft-stretch-buegelloser-bh","status":"publish","type":"product","link":"https:\/\/eventparadies.com\/?product=chantelle-damen-soft-stretch-buegelloser-bh","title":{"rendered":"Chantelle SPIRIT, Tanga, Damen Unterw\u00e4sche"},"content":{"rendered":"<p><!-- show up to 2 reviews by default --> <\/p>\n<p>UNSICHTBARKEIT &amp; GRENZENLOSER KOMFORT. Eine innovative Serie von 100% unsichtbaren Unterteilen der neuesten Generation, die sich Ihren K\u00f6rperformen wie eine zweite Haut anpassen. Ein Mix aus einem sehr weichen und geschmeidigen Gewebe mit verklebten Stretch-Abschl\u00fcssen, das sich dem K\u00f6rper anschmiegt und nicht einschneidet, von Gr\u00f6\u00dfe 36 bis 44. Nahtloses Design mit innovativen gebondeten Abschl\u00fcssen, die ihre elastischen Eigenschaften nicht verlieren.Der anatomische Schnitt folgt den Bewegungen des K\u00f6rpers und sorgt f\u00fcr einen perfekten Sitz \u2013 den ganzen Tag. Breite Tr\u00e4ger und T-Back. Breites Soft Stretch-Unterbrustband. <\/p>\n<p>Bustier in One Size<br \/>\nelastische Mikrofaser<br \/>\n80% Hauptstoff, 20% Polyamid<br \/>\nB\u00fcgelloser<br \/>\nPflegehinweis: Handw\u00e4sche<br \/>\nModellnummer: 2641<br \/>\naus der Serie Soft Stretch<br \/>\nkomplett seamless gearbeitet<br \/>\nunsichtbar unter Ihrer Kleidung<br \/>\n<div class=\"main-cross-sell\" data-asin=\"B077HSV7TQ\">\n\n\t<div class=\"WooZone-cross-sell-loader\">\n\t\t<div>\n\t\t\t<div id=\"floatingBarsG\">\n\t\t\t\t<div class=\"blockG\" id=\"rotateG_01\"><\/div>\n\t\t\t\t<div class=\"blockG\" id=\"rotateG_02\"><\/div>\n\t\t\t\t<div class=\"blockG\" id=\"rotateG_03\"><\/div>\n\t\t\t\t<div class=\"blockG\" id=\"rotateG_04\"><\/div>\n\t\t\t\t<div class=\"blockG\" id=\"rotateG_05\"><\/div>\n\t\t\t\t<div class=\"blockG\" id=\"rotateG_06\"><\/div>\n\t\t\t\t<div class=\"blockG\" id=\"rotateG_07\"><\/div>\n\t\t\t\t<div class=\"blockG\" id=\"rotateG_08\"><\/div>\n\t\t\t<\/div>\n\t\t\t<div class=\"WooZone-cross-sell-loader-text\"><\/div>\n\t\t<\/div>\n\t<\/div>\n\n\t\t\n<\/div>\n<div style=\"clear:both;\"><\/div>\n","protected":false},"excerpt":{"rendered":"<p>Bustier in One Size<br \/>\nelastische Mikrofaser<br \/>\n80% Hauptstoff, 20% Polyamid<\/p>\n","protected":false},"featured_media":3329,"template":"","meta":[],"etheme_brands":[],"class_list":{"0":"post-3328","1":"product","2":"type-product","3":"status-publish","4":"has-post-thumbnail","6":"product_cat-unterwaesche-und-bhs","8":"first","9":"instock","10":"taxable","11":"shipping-taxable","12":"product-type-external"},"_links":{"self":[{"href":"https:\/\/eventparadies.com\/index.php?rest_route=\/wp\/v2\/product\/3328","targetHints":{"allow":["GET"]}}],"collection":[{"href":"https:\/\/eventparadies.com\/index.php?rest_route=\/wp\/v2\/product"}],"about":[{"href":"https:\/\/eventparadies.com\/index.php?rest_route=\/wp\/v2\/types\/product"}],"wp:featuredmedia":[{"embeddable":true,"href":"https:\/\/eventparadies.com\/index.php?rest_route=\/wp\/v2\/media\/3329"}],"wp:attachment":[{"href":"https:\/\/eventparadies.com\/index.php?rest_route=%2Fwp%2Fv2%2Fmedia&parent=3328"}],"wp:term":[{"taxonomy":"brand","embeddable":true,"href":"https:\/\/eventparadies.com\/index.php?rest_route=%2Fwp%2Fv2%2Fetheme_brands&post=3328"}],"curies":[{"name":"wp","href":"https:\/\/api.w.org\/{rel}","templated":true}]}}