{"id":3288,"date":"2020-03-28T20:10:04","date_gmt":"2020-03-28T20:10:04","guid":{"rendered":"https:\/\/klamottenbude24.de\/?product=nanier-soft-bh-set-fuer-damen-sexy-transparente-mit-stickerei"},"modified":"2023-04-09T21:40:06","modified_gmt":"2023-04-09T21:40:06","slug":"nanier-soft-bh-set-fuer-damen-sexy-transparente-mit-stickerei","status":"publish","type":"product","link":"https:\/\/eventparadies.com\/?product=nanier-soft-bh-set-fuer-damen-sexy-transparente-mit-stickerei","title":{"rendered":"Nanier Soft BH Set F\u00fcr Damen, Sexy, Transparente, Mit Stickerei"},"content":{"rendered":"<p><!-- show up to 2 reviews by default --> <\/p>\n<p>Charmanter Soft BH mit zarter Blumenstickereien auf zartem, transparentem Stoff. Eine kleine Satinschleife mit Strass ziert zwischen den Cups den BH.<br \/> &#8211; Der BH verf\u00fcgt \u00fcber verstellbare Tr\u00e4ger<br \/> &#8211; f\u00fcr ein tolles Dekollet<br \/> &#8211; aus elastischer Mikrofaser<br \/> &#8211; softe, gl\u00e4nzende Optik<br \/> &#8211; atmungsaktiv<br \/> &#8211; Cups mit metallfreiem Soft-B\u00fcgel<br \/> &#8211; seitliche Unterst\u00fctzung f\u00fcr optimalen Halt<br \/> &#8211; flache, nahtfreie Abschl\u00fcsse<br \/> &#8211; tiefer V-Ausschnitt<br \/> &#8211; elastische Tr\u00e4ger <br \/> &#8211; bequemer H\u00e4kchenverschluss <\/p>\n<p> Geschlecht: Damen<\/p>\n<p> Material: 96% Polyester, 4% Elasthan<\/p>\n<p> Pflege: Handw\u00e4sche empfohlen<\/p>\n<p>96% Polyester, 4% Elasthan<br \/>\nTr\u00e4ger: regulierbar, nicht abnehmbar.<br \/>\n96% Polyester, 4% Elasthan<br \/>\nPflegehinweis: 30\u00b0 Handw\u00e4sche<br \/>\nSexy Transparenten D\u00fcnn Spitzen<br \/>\nHalb durchsichtige Spitze Design sieht sehr Sexy grazi\u00f6s<br \/>\n<div class=\"main-cross-sell\" data-asin=\"B01KAYCT2W\">\n\n\t<div class=\"WooZone-cross-sell-loader\">\n\t\t<div>\n\t\t\t<div id=\"floatingBarsG\">\n\t\t\t\t<div class=\"blockG\" id=\"rotateG_01\"><\/div>\n\t\t\t\t<div class=\"blockG\" id=\"rotateG_02\"><\/div>\n\t\t\t\t<div class=\"blockG\" id=\"rotateG_03\"><\/div>\n\t\t\t\t<div class=\"blockG\" id=\"rotateG_04\"><\/div>\n\t\t\t\t<div class=\"blockG\" id=\"rotateG_05\"><\/div>\n\t\t\t\t<div class=\"blockG\" id=\"rotateG_06\"><\/div>\n\t\t\t\t<div class=\"blockG\" id=\"rotateG_07\"><\/div>\n\t\t\t\t<div class=\"blockG\" id=\"rotateG_08\"><\/div>\n\t\t\t<\/div>\n\t\t\t<div class=\"WooZone-cross-sell-loader-text\"><\/div>\n\t\t<\/div>\n\t<\/div>\n\n\t\t\n<\/div>\n<div style=\"clear:both;\"><\/div>\n","protected":false},"excerpt":{"rendered":"<p>96% Polyester, 4% Elasthan<br \/>\nTr\u00e4ger: regulierbar, nicht abnehmbar.<br \/>\n96% Polyester, 4% Elasthan<\/p>\n","protected":false},"featured_media":3289,"template":"","meta":[],"etheme_brands":[],"class_list":{"0":"post-3288","1":"product","2":"type-product","3":"status-publish","4":"has-post-thumbnail","6":"product_cat-unterwaesche-und-bhs","8":"first","9":"instock","10":"taxable","11":"shipping-taxable","12":"product-type-external"},"_links":{"self":[{"href":"https:\/\/eventparadies.com\/index.php?rest_route=\/wp\/v2\/product\/3288","targetHints":{"allow":["GET"]}}],"collection":[{"href":"https:\/\/eventparadies.com\/index.php?rest_route=\/wp\/v2\/product"}],"about":[{"href":"https:\/\/eventparadies.com\/index.php?rest_route=\/wp\/v2\/types\/product"}],"wp:featuredmedia":[{"embeddable":true,"href":"https:\/\/eventparadies.com\/index.php?rest_route=\/wp\/v2\/media\/3289"}],"wp:attachment":[{"href":"https:\/\/eventparadies.com\/index.php?rest_route=%2Fwp%2Fv2%2Fmedia&parent=3288"}],"wp:term":[{"taxonomy":"brand","embeddable":true,"href":"https:\/\/eventparadies.com\/index.php?rest_route=%2Fwp%2Fv2%2Fetheme_brands&post=3288"}],"curies":[{"name":"wp","href":"https:\/\/api.w.org\/{rel}","templated":true}]}}