{"id":3270,"date":"2020-03-28T20:09:56","date_gmt":"2020-03-28T20:09:56","guid":{"rendered":"https:\/\/klamottenbude24.de\/?product=obsessive-sets-damen-selbstklebender-bh-sujetadores"},"modified":"2023-04-09T21:40:06","modified_gmt":"2023-04-09T21:40:06","slug":"obsessive-sets-damen-selbstklebender-bh-sujetadores","status":"publish","type":"product","link":"https:\/\/eventparadies.com\/?product=obsessive-sets-damen-selbstklebender-bh-sujetadores","title":{"rendered":"OBSESSIVE SETS Damen Sujetadores Selbstklebender BH"},"content":{"rendered":"<p><!-- show up to 2 reviews by default --> <\/p>\n<p>Das elegante BH Set 842-SET-5 von Obsessive Dessous \u00fcberzeugt auf voller Linie. Die edle Kombination von weinroter Spitze und gl\u00e4nzendem, schwarzem Satin vermittelt die pure Sinnlichkeit. Der BH l\u00e4sst sich mit seinen verstellbaren Tr\u00e4gern und seinem mehrstufigen Verschluss ideal anpassen. Die bequemen B\u00fcgel-Cups setzen Ihre Br\u00fcste elegant in Szene. Komplettiert wird dieses tolle Set mit einem s\u00fc\u00dfem Spitzen String Tanga. Der zarte Stoff ist sehr elastisch und bietet einen hohen Tragekomfort.<\/p>\n<p>Material: 90% Polyamid, 10% Elasthan.<\/p>\n<p>elegantes BH Set 842-SET-5 von Obsessive Dessous<br \/>\nedle Kombination von weinroter Spitze und gl\u00e4nzendem, schwarzem Satin<br \/>\nTr\u00e4ger<br \/>\nVerschluss: Verstellbarer Bund<br \/>\n90% Polyamid, 10% Elasthan<br \/>\nPflegehinweis: Handw\u00e4sche<br \/>\nModellnummer: 5901688215586<br \/>\nBH mit verstellbaren Tr\u00e4gern und mehrstufigem Verschluss<br \/>\nbequeme B\u00fcgel-Cups setzen Ihre Br\u00fcste elegant in Szene<br \/>\ninkl. s\u00fc\u00dfem Spitzen Tanga<br \/>\n<div class=\"main-cross-sell\" data-asin=\"B07CZZ723Z\">\n\n\t<div class=\"WooZone-cross-sell-loader\">\n\t\t<div>\n\t\t\t<div id=\"floatingBarsG\">\n\t\t\t\t<div class=\"blockG\" id=\"rotateG_01\"><\/div>\n\t\t\t\t<div class=\"blockG\" id=\"rotateG_02\"><\/div>\n\t\t\t\t<div class=\"blockG\" id=\"rotateG_03\"><\/div>\n\t\t\t\t<div class=\"blockG\" id=\"rotateG_04\"><\/div>\n\t\t\t\t<div class=\"blockG\" id=\"rotateG_05\"><\/div>\n\t\t\t\t<div class=\"blockG\" id=\"rotateG_06\"><\/div>\n\t\t\t\t<div class=\"blockG\" id=\"rotateG_07\"><\/div>\n\t\t\t\t<div class=\"blockG\" id=\"rotateG_08\"><\/div>\n\t\t\t<\/div>\n\t\t\t<div class=\"WooZone-cross-sell-loader-text\"><\/div>\n\t\t<\/div>\n\t<\/div>\n\n\t\t\n<\/div>\n<div style=\"clear:both;\"><\/div>\n","protected":false},"excerpt":{"rendered":"<p>elegantes BH Set 842-SET-5 von Obsessive Dessous<br \/>\nedle Kombination von weinroter Spitze und gl\u00e4nzendem, schwarzem Satin<br \/>\nTr\u00e4ger<\/p>\n","protected":false},"featured_media":3271,"template":"","meta":[],"etheme_brands":[],"class_list":{"0":"post-3270","1":"product","2":"type-product","3":"status-publish","4":"has-post-thumbnail","6":"product_cat-unterwaesche-und-bhs","8":"first","9":"instock","10":"taxable","11":"shipping-taxable","12":"product-type-external"},"_links":{"self":[{"href":"https:\/\/eventparadies.com\/index.php?rest_route=\/wp\/v2\/product\/3270","targetHints":{"allow":["GET"]}}],"collection":[{"href":"https:\/\/eventparadies.com\/index.php?rest_route=\/wp\/v2\/product"}],"about":[{"href":"https:\/\/eventparadies.com\/index.php?rest_route=\/wp\/v2\/types\/product"}],"wp:featuredmedia":[{"embeddable":true,"href":"https:\/\/eventparadies.com\/index.php?rest_route=\/wp\/v2\/media\/3271"}],"wp:attachment":[{"href":"https:\/\/eventparadies.com\/index.php?rest_route=%2Fwp%2Fv2%2Fmedia&parent=3270"}],"wp:term":[{"taxonomy":"brand","embeddable":true,"href":"https:\/\/eventparadies.com\/index.php?rest_route=%2Fwp%2Fv2%2Fetheme_brands&post=3270"}],"curies":[{"name":"wp","href":"https:\/\/api.w.org\/{rel}","templated":true}]}}