{"id":3267,"date":"2020-03-28T20:09:52","date_gmt":"2020-03-28T20:09:52","guid":{"rendered":"https:\/\/klamottenbude24.de\/?product=triumph-damen-essential-minimiz-w-lace-bh"},"modified":"2023-04-09T21:40:06","modified_gmt":"2023-04-09T21:40:06","slug":"triumph-damen-essential-minimiz-w-lace-bh","status":"publish","type":"product","link":"https:\/\/eventparadies.com\/?product=triumph-damen-essential-minimiz-w-lace-bh","title":{"rendered":"Triumph Damen Essential Minimizer W Lace BH"},"content":{"rendered":"<p><!-- show up to 2 reviews by default --> <\/p>\n<p>verringert das Brustvolumen optisch um eine Cup-Gr\u00f6\u00dfe, sch\u00f6ner Punkte-Jaquard mit zartem Glanz, flexible 3D-B\u00fcgel, komfortable, breite Soft-Tr\u00e4ger, 71% Polyamid, 29% Elasthan, Stretch, Handw\u00e4sche <\/p>\n<p>Muster: Uni<br \/>\nPflegehinweise: Handw\u00e4sche<br \/>\nVerschluss: Druckknopf<br \/>\n86% Polyamid, 14% Elasthan<br \/>\nMinimizer<br \/>\nPflegehinweis: Handw\u00e4sche empfohlen<br \/>\nModellnummer: 10179868<br \/>\nPassform: normal<br \/>\nMachart: Haken und \u00d6sen<br \/>\nApplikation: Schleife, Spitze<br \/>\n<div class=\"main-cross-sell\" data-asin=\"B01NBMSF8Q\">\n\n\t<div class=\"WooZone-cross-sell-loader\">\n\t\t<div>\n\t\t\t<div id=\"floatingBarsG\">\n\t\t\t\t<div class=\"blockG\" id=\"rotateG_01\"><\/div>\n\t\t\t\t<div class=\"blockG\" id=\"rotateG_02\"><\/div>\n\t\t\t\t<div class=\"blockG\" id=\"rotateG_03\"><\/div>\n\t\t\t\t<div class=\"blockG\" id=\"rotateG_04\"><\/div>\n\t\t\t\t<div class=\"blockG\" id=\"rotateG_05\"><\/div>\n\t\t\t\t<div class=\"blockG\" id=\"rotateG_06\"><\/div>\n\t\t\t\t<div class=\"blockG\" id=\"rotateG_07\"><\/div>\n\t\t\t\t<div class=\"blockG\" id=\"rotateG_08\"><\/div>\n\t\t\t<\/div>\n\t\t\t<div class=\"WooZone-cross-sell-loader-text\"><\/div>\n\t\t<\/div>\n\t<\/div>\n\n\t\t\n<\/div>\n<div style=\"clear:both;\"><\/div>\n","protected":false},"excerpt":{"rendered":"<p>Muster: Uni<br \/>\nPflegehinweise: Handw\u00e4sche<br \/>\nVerschluss: Druckknopf<\/p>\n","protected":false},"featured_media":3268,"template":"","meta":[],"etheme_brands":[],"class_list":{"0":"post-3267","1":"product","2":"type-product","3":"status-publish","4":"has-post-thumbnail","6":"product_cat-unterwaesche-und-bhs","8":"first","9":"instock","10":"taxable","11":"shipping-taxable","12":"product-type-external"},"_links":{"self":[{"href":"https:\/\/eventparadies.com\/index.php?rest_route=\/wp\/v2\/product\/3267","targetHints":{"allow":["GET"]}}],"collection":[{"href":"https:\/\/eventparadies.com\/index.php?rest_route=\/wp\/v2\/product"}],"about":[{"href":"https:\/\/eventparadies.com\/index.php?rest_route=\/wp\/v2\/types\/product"}],"wp:featuredmedia":[{"embeddable":true,"href":"https:\/\/eventparadies.com\/index.php?rest_route=\/wp\/v2\/media\/3268"}],"wp:attachment":[{"href":"https:\/\/eventparadies.com\/index.php?rest_route=%2Fwp%2Fv2%2Fmedia&parent=3267"}],"wp:term":[{"taxonomy":"brand","embeddable":true,"href":"https:\/\/eventparadies.com\/index.php?rest_route=%2Fwp%2Fv2%2Fetheme_brands&post=3267"}],"curies":[{"name":"wp","href":"https:\/\/api.w.org\/{rel}","templated":true}]}}