{"id":3240,"date":"2020-03-28T20:09:33","date_gmt":"2020-03-28T20:09:33","guid":{"rendered":"https:\/\/klamottenbude24.de\/?product=calvin-klein-damen-bralette-set-buegel-bh"},"modified":"2023-04-09T21:40:06","modified_gmt":"2023-04-09T21:40:06","slug":"calvin-klein-damen-bralette-set-buegel-bh","status":"publish","type":"product","link":"https:\/\/eventparadies.com\/?product=calvin-klein-damen-bralette-set-buegel-bh","title":{"rendered":"Calvin Klein Damen Bralette Set B\u00fcgel-BH"},"content":{"rendered":"<p><!-- show up to 2 reviews by default --> <\/p>\n<p>&#8211; Style: Basic &#8211; Schnitt: Slim Fit &#8211; Verschluss: &#8211; Obermaterial: &#8211; Futtermaterial: &#8211; Seitentaschen: &#8211; Brusttaschen: &#8211; Kapuze: &#8211; Kragen &#8211; Tr\u00e4ger: Racerback &#8211; \u00c4rmel: &#8211; \u00c4rmelenden &#8211; Extras: &#8211; Gr\u00f6\u00dfenhinweis: &#8211; Arml\u00e4nge: \u00e4rmellos &#8211; Beinl\u00e4nge: &#8211; Muster: bedruckt &#8211; Anlass: Homewear &#8211; Sportart: &#8211; Enth\u00e4lt nicht-textile<br \/>Teile tierischen Ursprungs: &#8211; Bleichen &#8211; Pflegehinweise: Nur Sauerstoffbleiche zul\u00e4ssig \/ keine Chlorbleiche &#8211; B\u00fcgeln &#8211; Pflegehinweise: Nicht b\u00fcgeln &#8211; Professionelle Textilpflege &#8211; Pflegehinweise: Nicht trockenreinigen &#8211; Trocknen &#8211; Pflegehinweise: Trocknen im W\u00e4schetrockner m\u00f6glich &#8211; schonende Trocknung &#8211; Waschen &#8211; Pflegehinweise: Spezialschonwaschgang 30 \u00b0C &#8211; bulletpointstext0 Unterw\u00e4sche-Set &#8211; bulletpointstext1 Bustier mit Racerback &#8211; bulletpointstext2 Tanga mit Stretchsaum Material Oberstoff: 53% Baumwolle, 35% Modal, 12% Elasthan <\/p>\n<p>Calvin Klein Women Moderne Baumwolle Geschenk-Set, Schwarz Mit Gold Gemahlen<br \/>\nDas Bralette Hat Ein Unterst\u00fctzendes, Elastisches Band Der Marke Ck Mit Racerback-Riemen.<br \/>\n53% Baumwolle, 35% Modal, 12% Elassan<br \/>\nModellnummer: 000QF5668E<br \/>\nDie Low-Rise-Slips Verf\u00fcgen Auch \u00fcber Ck Branding Zum Bund.<br \/>\nDies W\u00e4re Ein Ideales Geschenk.<br \/>\nDieses Calvin Klein Damen Unterw\u00e4sche Set Ist Aus 53% Baumwolle \/ 35% Modal \/ 12% Elassan<br \/>\n<div class=\"main-cross-sell\" data-asin=\"B07NJBF24P\">\n\n\t<div class=\"WooZone-cross-sell-loader\">\n\t\t<div>\n\t\t\t<div id=\"floatingBarsG\">\n\t\t\t\t<div class=\"blockG\" id=\"rotateG_01\"><\/div>\n\t\t\t\t<div class=\"blockG\" id=\"rotateG_02\"><\/div>\n\t\t\t\t<div class=\"blockG\" id=\"rotateG_03\"><\/div>\n\t\t\t\t<div class=\"blockG\" id=\"rotateG_04\"><\/div>\n\t\t\t\t<div class=\"blockG\" id=\"rotateG_05\"><\/div>\n\t\t\t\t<div class=\"blockG\" id=\"rotateG_06\"><\/div>\n\t\t\t\t<div class=\"blockG\" id=\"rotateG_07\"><\/div>\n\t\t\t\t<div class=\"blockG\" id=\"rotateG_08\"><\/div>\n\t\t\t<\/div>\n\t\t\t<div class=\"WooZone-cross-sell-loader-text\"><\/div>\n\t\t<\/div>\n\t<\/div>\n\n\t\t\n<\/div>\n<div style=\"clear:both;\"><\/div>\n","protected":false},"excerpt":{"rendered":"<p>Calvin Klein Women Moderne Baumwolle Geschenk-Set, Schwarz Mit Gold Gemahlen<br \/>\nDas Bralette Hat Ein Unterst\u00fctzendes, Elastisches Band Der Marke Ck Mit Racerback-Riemen.<br \/>\n53% Baumwolle, 35% Modal, 12% Elassan<\/p>\n","protected":false},"featured_media":3241,"template":"","meta":[],"etheme_brands":[],"class_list":{"0":"post-3240","1":"product","2":"type-product","3":"status-publish","4":"has-post-thumbnail","6":"product_cat-unterwaesche-und-bhs","8":"first","9":"instock","10":"taxable","11":"shipping-taxable","12":"product-type-external"},"_links":{"self":[{"href":"https:\/\/eventparadies.com\/index.php?rest_route=\/wp\/v2\/product\/3240","targetHints":{"allow":["GET"]}}],"collection":[{"href":"https:\/\/eventparadies.com\/index.php?rest_route=\/wp\/v2\/product"}],"about":[{"href":"https:\/\/eventparadies.com\/index.php?rest_route=\/wp\/v2\/types\/product"}],"wp:featuredmedia":[{"embeddable":true,"href":"https:\/\/eventparadies.com\/index.php?rest_route=\/wp\/v2\/media\/3241"}],"wp:attachment":[{"href":"https:\/\/eventparadies.com\/index.php?rest_route=%2Fwp%2Fv2%2Fmedia&parent=3240"}],"wp:term":[{"taxonomy":"brand","embeddable":true,"href":"https:\/\/eventparadies.com\/index.php?rest_route=%2Fwp%2Fv2%2Fetheme_brands&post=3240"}],"curies":[{"name":"wp","href":"https:\/\/api.w.org\/{rel}","templated":true}]}}