{"id":3182,"date":"2020-03-28T20:08:40","date_gmt":"2020-03-28T20:08:40","guid":{"rendered":"https:\/\/klamottenbude24.de\/?product=calvin-klein-underwear-damen-bikini-slip-modern-cotton"},"modified":"2023-04-09T21:40:06","modified_gmt":"2023-04-09T21:40:06","slug":"calvin-klein-underwear-damen-bikini-slip-modern-cotton","status":"publish","type":"product","link":"https:\/\/eventparadies.com\/?product=calvin-klein-underwear-damen-bikini-slip-modern-cotton","title":{"rendered":"Calvin Klein Damen Slip Bikini Form mit Stretch"},"content":{"rendered":"<p><!-- show up to 2 reviews by default --> <\/p>\n<p>Genie\u00dfe mit dem sportlichen Slip im Bikini-Design von CALVIN KLEIN UNDERWEAR in unterschiedlichen Farben aus der Modern Cotton Kollektion jederzeit angenehmen Tragekomfort im Alltag! Dank der optimalen Verarbeitung der kultigen Damenunterw\u00e4sche aus hochwertigem Pima-Baumwolle-Mix (53 % Baumwolle, 35 % Modal, 12 % Elastan) liegt der Jersey-Slip mit hohem Stretch-Anteil allzeit bequem auf der weiblichen Haut \u2013 gleichzeitig eignet sich die enganliegende Unterhose dank der mittleren Leibh\u00f6he ideal zum unauff\u00e4lligen Tragen unter figurbetonten sowie kurzgeschnittenen Klamotten wie Jeans, Hosen, Kleider, Shorts oder R\u00f6cke. Durch das elastische Gummiband mit ikonischem Calvin Klein-Logo sorgt der bequeme Bikinislip ohne Beinansatz f\u00fcr angenehme Bewegungsfreiheit sowohl im Alltag als auch beim Sport wie Joggen oder Fitness-Training im Gym. Die Frauenunterhose kann bei 30\u00b0 in der Waschmaschine gewaschen werden und sollte bei niedrigen Temperaturen getrocknet werden. <\/p>\n<p>Bequemer Slip von CALVIN KLEIN im Bikini-Design in Grau f\u00fcr Frauen in Gr\u00f6\u00dfe XS aus weichem Baumwoll-Modal-Mix mit ikonischem Elastikbund verbindet den sportiven Look mit ultimativem Tragekomfort<br \/>\nDank der hochwertigen Verarbeitung der kultigen Damenunterw\u00e4sche aus 53 % Baumwolle, 35 % Modal und 12 % Elastan liegt das stretchige Jersey-H\u00f6schen allzeit bequem auf der weiblichen Haut<br \/>\n53% Baumwolle, 35% Modal, 12% Elasthan<br \/>\nCasual<br \/>\nPflegehinweis: Maschinenw\u00e4sche kalt (30\u00b0 max)<br \/>\nModellnummer: 0000F3787E<br \/>\nDurch die mittlere Leibh\u00f6he eignet sich die enganliegende Bikini Unterhose ideal zum unauff\u00e4lligen Tragen unter figurbetonter und kurzgeschnittener Kleidung wie etwa Jeans R\u00f6cke oder auch Hosen<br \/>\nDer sportliche Slip ohne Beinansatz sorgt dank elastischem H\u00fcft-Gummibund mit CK-Logo f\u00fcr angenehme Bewegungsfreiheit im Alltag sowie beim Sport wie etwa beim Fitness-Training oder auch Laufen<br \/>\nGestalte Dein Outfit: Die bequeme Unterw\u00e4sche- und Loungewear Kollektion Modern Cotton von CK ist mit verschiedenen BHs wie Bustier, Bralette, oder T-Shirt-BH perfekt auf Deinen Bikinislip abgestimmt<br \/>\n<div class=\"main-cross-sell\" data-asin=\"B00KMGWBPO\">\n\n\t<div class=\"WooZone-cross-sell-loader\">\n\t\t<div>\n\t\t\t<div id=\"floatingBarsG\">\n\t\t\t\t<div class=\"blockG\" id=\"rotateG_01\"><\/div>\n\t\t\t\t<div class=\"blockG\" id=\"rotateG_02\"><\/div>\n\t\t\t\t<div class=\"blockG\" id=\"rotateG_03\"><\/div>\n\t\t\t\t<div class=\"blockG\" id=\"rotateG_04\"><\/div>\n\t\t\t\t<div class=\"blockG\" id=\"rotateG_05\"><\/div>\n\t\t\t\t<div class=\"blockG\" id=\"rotateG_06\"><\/div>\n\t\t\t\t<div class=\"blockG\" id=\"rotateG_07\"><\/div>\n\t\t\t\t<div class=\"blockG\" id=\"rotateG_08\"><\/div>\n\t\t\t<\/div>\n\t\t\t<div class=\"WooZone-cross-sell-loader-text\"><\/div>\n\t\t<\/div>\n\t<\/div>\n\n\t\t\n<\/div>\n<div style=\"clear:both;\"><\/div>\n","protected":false},"excerpt":{"rendered":"<p>Bequemer Slip von CALVIN KLEIN im Bikini-Design in Grau f\u00fcr Frauen in Gr\u00f6\u00dfe XS aus weichem Baumwoll-Modal-Mix mit ikonischem Elastikbund verbindet den sportiven Look mit ultimativem Tragekomfort<br \/>\nDank der hochwertigen Verarbeitung der kultigen Damenunterw\u00e4sche aus 53 % Baumwolle, 35 % Modal und 12 % Elastan liegt das stretchige Jersey-H\u00f6schen allzeit bequem auf der weiblichen Haut<br \/>\n53% Baumwolle, 35% Modal, 12% Elasthan<\/p>\n","protected":false},"featured_media":3183,"template":"","meta":[],"etheme_brands":[],"class_list":{"0":"post-3182","1":"product","2":"type-product","3":"status-publish","4":"has-post-thumbnail","6":"product_cat-unterwaesche-und-bhs","8":"first","9":"instock","10":"taxable","11":"shipping-taxable","12":"product-type-external"},"_links":{"self":[{"href":"https:\/\/eventparadies.com\/index.php?rest_route=\/wp\/v2\/product\/3182","targetHints":{"allow":["GET"]}}],"collection":[{"href":"https:\/\/eventparadies.com\/index.php?rest_route=\/wp\/v2\/product"}],"about":[{"href":"https:\/\/eventparadies.com\/index.php?rest_route=\/wp\/v2\/types\/product"}],"wp:featuredmedia":[{"embeddable":true,"href":"https:\/\/eventparadies.com\/index.php?rest_route=\/wp\/v2\/media\/3183"}],"wp:attachment":[{"href":"https:\/\/eventparadies.com\/index.php?rest_route=%2Fwp%2Fv2%2Fmedia&parent=3182"}],"wp:term":[{"taxonomy":"brand","embeddable":true,"href":"https:\/\/eventparadies.com\/index.php?rest_route=%2Fwp%2Fv2%2Fetheme_brands&post=3182"}],"curies":[{"name":"wp","href":"https:\/\/api.w.org\/{rel}","templated":true}]}}