{"id":3149,"date":"2020-03-28T20:06:44","date_gmt":"2020-03-28T20:06:44","guid":{"rendered":"https:\/\/klamottenbude24.de\/?product=sloggi-damen-bustier-zero-feel-top"},"modified":"2023-04-09T21:40:05","modified_gmt":"2023-04-09T21:40:05","slug":"sloggi-damen-bustier-zero-feel-top","status":"publish","type":"product","link":"https:\/\/eventparadies.com\/?product=sloggi-damen-bustier-zero-feel-top","title":{"rendered":"Sloggi Damen Bustier Zero Feel Top"},"content":{"rendered":"<p><!-- show up to 2 reviews by default --> <\/p>\n<p>Dieses Sloggi Zero Feel Seamfree Bralette-Oberteil ist einfach anzuziehen und unglaublich bequem. Es ist absolut unsichtbar, sowohl in der Optik als auch in der Haptik. Abgesehen von der Unterst\u00fctzung m\u00f6chte Sloggi, dass Sie sich wie Sie f\u00fchlen (oder nicht) Diese ultraweiche und glatte Bralette ist aus superleichter, 360-Grad-Stretch-Mikrofaser gefertigt und mit der Dot-Bonding-Technologie zusammengesetzt, sodass keine st\u00f6renden N\u00e4hte entstehen. Das nahtfreie Sloggi Zero Feel Bralette Top-Design hat einen V-f\u00f6rmigen Ausschnitt und weich gepolsterte, vollst\u00e4ndig herausnehmbare Push-up-Cups. Es ist seitlich und hinten absichtlich breiter, um zus\u00e4tzlichen Halt zu bieten. Abgesehen von einem kleinen, dezenten Sloggi-Logo unter einer Tasse gibt es auch keine Etiketten oder Tags. <\/p>\n<p>1 Packung<br \/>\nWeiche Mikrofaser mit 360-Grad-Stretch; Perfekt nahtlos dank Dot-Bonding-Technologie<br \/>\n70% Polyamid, 30% Elasthan<br \/>\nModellnummer: 10186804<br \/>\nAbnehmbare Tassen<br \/>\nBreite Seiten und R\u00fccken zur Unterst\u00fctzung<br \/>\nMaschinenw\u00e4sche bei 40 \u00b0<br \/>\n<div class=\"main-cross-sell\" data-asin=\"B07LFY48D3\">\n\n\t<div class=\"WooZone-cross-sell-loader\">\n\t\t<div>\n\t\t\t<div id=\"floatingBarsG\">\n\t\t\t\t<div class=\"blockG\" id=\"rotateG_01\"><\/div>\n\t\t\t\t<div class=\"blockG\" id=\"rotateG_02\"><\/div>\n\t\t\t\t<div class=\"blockG\" id=\"rotateG_03\"><\/div>\n\t\t\t\t<div class=\"blockG\" id=\"rotateG_04\"><\/div>\n\t\t\t\t<div class=\"blockG\" id=\"rotateG_05\"><\/div>\n\t\t\t\t<div class=\"blockG\" id=\"rotateG_06\"><\/div>\n\t\t\t\t<div class=\"blockG\" id=\"rotateG_07\"><\/div>\n\t\t\t\t<div class=\"blockG\" id=\"rotateG_08\"><\/div>\n\t\t\t<\/div>\n\t\t\t<div class=\"WooZone-cross-sell-loader-text\"><\/div>\n\t\t<\/div>\n\t<\/div>\n\n\t\t\n<\/div>\n<div style=\"clear:both;\"><\/div>\n","protected":false},"excerpt":{"rendered":"<p>1 Packung<br \/>\nWeiche Mikrofaser mit 360-Grad-Stretch; Perfekt nahtlos dank Dot-Bonding-Technologie<br \/>\n70% Polyamid, 30% Elasthan<\/p>\n","protected":false},"featured_media":3150,"template":"","meta":[],"etheme_brands":[],"class_list":{"0":"post-3149","1":"product","2":"type-product","3":"status-publish","4":"has-post-thumbnail","6":"product_cat-unterwaesche-und-bhs","8":"first","9":"instock","10":"taxable","11":"shipping-taxable","12":"product-type-external"},"_links":{"self":[{"href":"https:\/\/eventparadies.com\/index.php?rest_route=\/wp\/v2\/product\/3149","targetHints":{"allow":["GET"]}}],"collection":[{"href":"https:\/\/eventparadies.com\/index.php?rest_route=\/wp\/v2\/product"}],"about":[{"href":"https:\/\/eventparadies.com\/index.php?rest_route=\/wp\/v2\/types\/product"}],"wp:featuredmedia":[{"embeddable":true,"href":"https:\/\/eventparadies.com\/index.php?rest_route=\/wp\/v2\/media\/3150"}],"wp:attachment":[{"href":"https:\/\/eventparadies.com\/index.php?rest_route=%2Fwp%2Fv2%2Fmedia&parent=3149"}],"wp:term":[{"taxonomy":"brand","embeddable":true,"href":"https:\/\/eventparadies.com\/index.php?rest_route=%2Fwp%2Fv2%2Fetheme_brands&post=3149"}],"curies":[{"name":"wp","href":"https:\/\/api.w.org\/{rel}","templated":true}]}}