{"id":3141,"date":"2020-03-28T20:06:39","date_gmt":"2020-03-28T20:06:39","guid":{"rendered":"https:\/\/klamottenbude24.de\/?product=puma-damen-buegel-bh"},"modified":"2023-04-09T21:40:05","modified_gmt":"2023-04-09T21:40:05","slug":"puma-damen-buegel-bh","status":"publish","type":"product","link":"https:\/\/eventparadies.com\/?product=puma-damen-buegel-bh","title":{"rendered":"Puma Damen B\u00fcgel-BH"},"content":{"rendered":"<p><!-- show up to 2 reviews by default --> <\/p>\n<p>Dieser Push-Up BH von Puma ist ein absolutes Must-Have f\u00fcr den Alltag. Dieser B\u00fcgel-BH mit gepolsterten K\u00f6rbchen macht eine tolle Form und sitzt durch sein feines Mikrofaser-Material sehr gut. Die Tr\u00e4ger sind verstellbar, das Puma Marken Logo befindet sich umlaufend am Bund.<br \/>Serie: Womens Push-Up BraFarbe: Black 200Gr\u00f6\u00dfe: 75A, 75B, 75C, 75D, 80A, 80B, 80C, 80D, 85A, 85B, 85CMaterial: 84% Polyamid, 16% ElastanPflegehinweis: maschinenwaschbar bei 30 Grad, nicht trocknergeeignet, bitte Pflegehinweise beachten <\/p>\n<p>Puma Damen Push-Up Bh schwarz<br \/>\nBlack<br \/>\n84% Polyamid, 16% Elasthan<br \/>\nPflegehinweis: Maschinenw\u00e4sche<br \/>\n<div class=\"main-cross-sell\" data-asin=\"B07PQHNRBD\">\n\n\t<div class=\"WooZone-cross-sell-loader\">\n\t\t<div>\n\t\t\t<div id=\"floatingBarsG\">\n\t\t\t\t<div class=\"blockG\" id=\"rotateG_01\"><\/div>\n\t\t\t\t<div class=\"blockG\" id=\"rotateG_02\"><\/div>\n\t\t\t\t<div class=\"blockG\" id=\"rotateG_03\"><\/div>\n\t\t\t\t<div class=\"blockG\" id=\"rotateG_04\"><\/div>\n\t\t\t\t<div class=\"blockG\" id=\"rotateG_05\"><\/div>\n\t\t\t\t<div class=\"blockG\" id=\"rotateG_06\"><\/div>\n\t\t\t\t<div class=\"blockG\" id=\"rotateG_07\"><\/div>\n\t\t\t\t<div class=\"blockG\" id=\"rotateG_08\"><\/div>\n\t\t\t<\/div>\n\t\t\t<div class=\"WooZone-cross-sell-loader-text\"><\/div>\n\t\t<\/div>\n\t<\/div>\n\n\t\t\n<\/div>\n<div style=\"clear:both;\"><\/div>\n","protected":false},"excerpt":{"rendered":"<p>Puma Damen Push-Up Bh schwarz<br \/>\nBlack<br \/>\n84% Polyamid, 16% Elasthan<\/p>\n","protected":false},"featured_media":3142,"template":"","meta":[],"etheme_brands":[],"class_list":{"0":"post-3141","1":"product","2":"type-product","3":"status-publish","4":"has-post-thumbnail","6":"product_cat-unterwaesche-und-bhs","8":"first","9":"instock","10":"taxable","11":"shipping-taxable","12":"product-type-external"},"_links":{"self":[{"href":"https:\/\/eventparadies.com\/index.php?rest_route=\/wp\/v2\/product\/3141","targetHints":{"allow":["GET"]}}],"collection":[{"href":"https:\/\/eventparadies.com\/index.php?rest_route=\/wp\/v2\/product"}],"about":[{"href":"https:\/\/eventparadies.com\/index.php?rest_route=\/wp\/v2\/types\/product"}],"wp:featuredmedia":[{"embeddable":true,"href":"https:\/\/eventparadies.com\/index.php?rest_route=\/wp\/v2\/media\/3142"}],"wp:attachment":[{"href":"https:\/\/eventparadies.com\/index.php?rest_route=%2Fwp%2Fv2%2Fmedia&parent=3141"}],"wp:term":[{"taxonomy":"brand","embeddable":true,"href":"https:\/\/eventparadies.com\/index.php?rest_route=%2Fwp%2Fv2%2Fetheme_brands&post=3141"}],"curies":[{"name":"wp","href":"https:\/\/api.w.org\/{rel}","templated":true}]}}