{"id":3131,"date":"2020-03-28T20:06:30","date_gmt":"2020-03-28T20:06:30","guid":{"rendered":"https:\/\/klamottenbude24.de\/?product=calvin-klein-damen-tanga"},"modified":"2023-04-09T21:40:05","modified_gmt":"2023-04-09T21:40:05","slug":"calvin-klein-damen-tanga","status":"publish","type":"product","link":"https:\/\/eventparadies.com\/?product=calvin-klein-damen-tanga","title":{"rendered":"Calvin Klein Damen 3er-Pack Strings Thong 3 PK mit Stretch"},"content":{"rendered":"<p><!-- show up to 2 reviews by default --> <\/p>\n<p>CALVIN KLEIN ist eine globale Lifestyle-Marke, die k\u00fchne, progressive Ideale und eine verf\u00fchrerische und oft minimale \u00c4sthetik verk\u00f6rpert. Wir versuchen, unser Publikum zu begeistern und zu begeistern, w\u00e4hrend wir mit provokanten Bildern und markanten Designs die Sinne entz\u00fcnden. <\/p>\n<p>Calvin Klein Women Karussell 3-Pack Tanga, Schwarz<br \/>\nArtikel Ist Aus Hygienischen Gr\u00fcnden Nicht Mehrresetzbar<br \/>\n90% Baumwolle, 10% Elasthan<br \/>\nPflegehinweis: Maschinenw\u00e4sche kalt (30\u00b0 max)<br \/>\nModellnummer: 000QD3587E<br \/>\nDreierpack Mit Bequemer Baumwolle Lycra Low Rise Strings<br \/>\nArtikel L\u00e4uft Etwas Klein<br \/>\nSignatur-Logo-Bund<br \/>\n<div class=\"main-cross-sell\" data-asin=\"B07QNXWQ5G\">\n\n\t<div class=\"WooZone-cross-sell-loader\">\n\t\t<div>\n\t\t\t<div id=\"floatingBarsG\">\n\t\t\t\t<div class=\"blockG\" id=\"rotateG_01\"><\/div>\n\t\t\t\t<div class=\"blockG\" id=\"rotateG_02\"><\/div>\n\t\t\t\t<div class=\"blockG\" id=\"rotateG_03\"><\/div>\n\t\t\t\t<div class=\"blockG\" id=\"rotateG_04\"><\/div>\n\t\t\t\t<div class=\"blockG\" id=\"rotateG_05\"><\/div>\n\t\t\t\t<div class=\"blockG\" id=\"rotateG_06\"><\/div>\n\t\t\t\t<div class=\"blockG\" id=\"rotateG_07\"><\/div>\n\t\t\t\t<div class=\"blockG\" id=\"rotateG_08\"><\/div>\n\t\t\t<\/div>\n\t\t\t<div class=\"WooZone-cross-sell-loader-text\"><\/div>\n\t\t<\/div>\n\t<\/div>\n\n\t\t\n<\/div>\n<div style=\"clear:both;\"><\/div>\n","protected":false},"excerpt":{"rendered":"<p>Calvin Klein Women Karussell 3-Pack Tanga, Schwarz<br \/>\nArtikel Ist Aus Hygienischen Gr\u00fcnden Nicht Mehrresetzbar<br \/>\n90% Baumwolle, 10% Elasthan<\/p>\n","protected":false},"featured_media":3132,"template":"","meta":[],"etheme_brands":[],"class_list":{"0":"post-3131","1":"product","2":"type-product","3":"status-publish","4":"has-post-thumbnail","6":"product_cat-unterwaesche-und-bhs","8":"first","9":"instock","10":"taxable","11":"shipping-taxable","12":"product-type-external"},"_links":{"self":[{"href":"https:\/\/eventparadies.com\/index.php?rest_route=\/wp\/v2\/product\/3131","targetHints":{"allow":["GET"]}}],"collection":[{"href":"https:\/\/eventparadies.com\/index.php?rest_route=\/wp\/v2\/product"}],"about":[{"href":"https:\/\/eventparadies.com\/index.php?rest_route=\/wp\/v2\/types\/product"}],"wp:featuredmedia":[{"embeddable":true,"href":"https:\/\/eventparadies.com\/index.php?rest_route=\/wp\/v2\/media\/3132"}],"wp:attachment":[{"href":"https:\/\/eventparadies.com\/index.php?rest_route=%2Fwp%2Fv2%2Fmedia&parent=3131"}],"wp:term":[{"taxonomy":"brand","embeddable":true,"href":"https:\/\/eventparadies.com\/index.php?rest_route=%2Fwp%2Fv2%2Fetheme_brands&post=3131"}],"curies":[{"name":"wp","href":"https:\/\/api.w.org\/{rel}","templated":true}]}}