{"id":3128,"date":"2020-03-28T20:06:28","date_gmt":"2020-03-28T20:06:28","guid":{"rendered":"https:\/\/klamottenbude24.de\/?product=triumph-damen-body-make-up-whp-bh"},"modified":"2023-04-09T21:40:05","modified_gmt":"2023-04-09T21:40:05","slug":"triumph-damen-body-make-up-whp-bh","status":"publish","type":"product","link":"https:\/\/eventparadies.com\/?product=triumph-damen-body-make-up-whp-bh","title":{"rendered":"Triumph Body Make UP BH WHP A-D 70-90, E 70-85"},"content":{"rendered":"<p><!-- show up to 2 reviews by default --> <\/p>\n<p>Der extrem weiche Body Make-Up von Triumph ist durch seinen bequemen Tragekomfort der perfekte Begleiter f\u00fcr jeden Tag. Dieser T-Shirt BH zeichnet sich durch seine besonders atmungsaktive Qualit\u00e4t aufgrund der Spacer Cups aus. Au\u00dferdem macht ihn die nahtlose Verarbeitung unter engen Oberteilen unsichtbar. Durch d\u00fcnne und leichte Pads passt sich der BH der Brust an und verleiht eine tolle Form, ohne zus\u00e4tzlich aufzutragen. Der BH gibt der Brust optimalen Halt durch seine Halbschalen B\u00fcgel-Konstruktion, l\u00e4ngenverstellbare Tr\u00e4ger und einen dreifach verstellbaren, nickelfreien Haken-\u00d6sen-Verschluss. Der Lycra-Materialbestandteil sorgt f\u00fcr Elastizit\u00e4t und unterstreicht den hohen Tragekomfort. Die Kombination aus sexy Look und angenehmem Tragegef\u00fchl machen den Body Make-Up BH zu einem Must-Have in jedem Kleiderschrank. <\/p>\n<p>Super-softer BH f\u00fcr ein angenehmes Tragegef\u00fchl im Alltag \u2013 in vielen aufregenden Farben erh\u00e4ltlich<br \/>\nDurch die nahtlose Verarbeitung kein Abzeichnen unter der Kleidung<br \/>\nVerschluss: Hakenverschluss<br \/>\n42% Polyamid, 37% Polyester, 21% Elasthan<br \/>\nHalbschalen<br \/>\nPflegehinweis: Handw\u00e4sche empfohlen<br \/>\nModellnummer: 1MN90<br \/>\nPasst sich der Brust perfekt an und tr\u00e4gt durch leichte Polsterung nicht auf<br \/>\nF\u00fcr jede Gr\u00f6\u00dfe geeignet (A bis E), Tr\u00e4ger individuell verstellbar<br \/>\nHohe Luftdurchl\u00e4ssigkeit und -zirkulation<br \/>\n<div class=\"main-cross-sell\" data-asin=\"B006TUC2RO\">\n\n\t<div class=\"WooZone-cross-sell-loader\">\n\t\t<div>\n\t\t\t<div id=\"floatingBarsG\">\n\t\t\t\t<div class=\"blockG\" id=\"rotateG_01\"><\/div>\n\t\t\t\t<div class=\"blockG\" id=\"rotateG_02\"><\/div>\n\t\t\t\t<div class=\"blockG\" id=\"rotateG_03\"><\/div>\n\t\t\t\t<div class=\"blockG\" id=\"rotateG_04\"><\/div>\n\t\t\t\t<div class=\"blockG\" id=\"rotateG_05\"><\/div>\n\t\t\t\t<div class=\"blockG\" id=\"rotateG_06\"><\/div>\n\t\t\t\t<div class=\"blockG\" id=\"rotateG_07\"><\/div>\n\t\t\t\t<div class=\"blockG\" id=\"rotateG_08\"><\/div>\n\t\t\t<\/div>\n\t\t\t<div class=\"WooZone-cross-sell-loader-text\"><\/div>\n\t\t<\/div>\n\t<\/div>\n\n\t\t\n<\/div>\n<div style=\"clear:both;\"><\/div>\n","protected":false},"excerpt":{"rendered":"<p>Super-softer BH f\u00fcr ein angenehmes Tragegef\u00fchl im Alltag \u2013 in vielen aufregenden Farben erh\u00e4ltlich<br \/>\nDurch die nahtlose Verarbeitung kein Abzeichnen unter der Kleidung<br \/>\nVerschluss: Hakenverschluss<\/p>\n","protected":false},"featured_media":3129,"template":"","meta":[],"etheme_brands":[],"class_list":{"0":"post-3128","1":"product","2":"type-product","3":"status-publish","4":"has-post-thumbnail","6":"product_cat-unterwaesche-und-bhs","8":"first","9":"instock","10":"taxable","11":"shipping-taxable","12":"product-type-external"},"_links":{"self":[{"href":"https:\/\/eventparadies.com\/index.php?rest_route=\/wp\/v2\/product\/3128","targetHints":{"allow":["GET"]}}],"collection":[{"href":"https:\/\/eventparadies.com\/index.php?rest_route=\/wp\/v2\/product"}],"about":[{"href":"https:\/\/eventparadies.com\/index.php?rest_route=\/wp\/v2\/types\/product"}],"wp:featuredmedia":[{"embeddable":true,"href":"https:\/\/eventparadies.com\/index.php?rest_route=\/wp\/v2\/media\/3129"}],"wp:attachment":[{"href":"https:\/\/eventparadies.com\/index.php?rest_route=%2Fwp%2Fv2%2Fmedia&parent=3128"}],"wp:term":[{"taxonomy":"brand","embeddable":true,"href":"https:\/\/eventparadies.com\/index.php?rest_route=%2Fwp%2Fv2%2Fetheme_brands&post=3128"}],"curies":[{"name":"wp","href":"https:\/\/api.w.org\/{rel}","templated":true}]}}