{"id":3126,"date":"2020-03-28T20:06:26","date_gmt":"2020-03-28T20:06:26","guid":{"rendered":"https:\/\/klamottenbude24.de\/?product=cottelli-collection-22126091241-wet-look-bh-set-80b-m"},"modified":"2023-04-09T21:40:05","modified_gmt":"2023-04-09T21:40:05","slug":"cottelli-collection-22126091241-wet-look-bh-set-80b-m","status":"publish","type":"product","link":"https:\/\/eventparadies.com\/?product=cottelli-collection-22126091241-wet-look-bh-set-80b-m","title":{"rendered":"Cottelli Collection Wet Look BH Set, 80B\/mittel, 22126091241"},"content":{"rendered":"<p><!-- show up to 2 reviews by default --> <\/p>\n<p>Gl\u00e4nzende Verf\u00fchrung. Sie machen Ihr Partner gehen, schwach, an den Knien, wenn Sie diesen schwarzen BH tragen. Dieses sch\u00f6ne BH-B\u00fcgel-Cups sind leicht gepolstert und machen jede Frau die Brust zur Geltung. Es gibt einen H\u00e4kchenverschluss am R\u00fccken und die Tr\u00e4ger sind verstellbar. Die passenden H\u00f6schen haben eine zwei-Wege-Rei\u00dfverschluss auf der Vorderseite, das f\u00fchrt zu streicheln und vieles, vieles mehr&#8230; 92% Polyester, 8% Elastase. <\/p>\n<p>BHs B\u00fcgel-Cups sind leicht gepolstert<br \/>\nHinten befindet sich ein Hakenverschluss und die Tr\u00e4ger sind verstellbar<br \/>\nPassende H\u00f6schen mit 2-Wege-Rei\u00dfverschluss vorne<br \/>\nMaterial: 92% Polyester, 8% Elastase<br \/>\nCottelli Collection Dessous Label<br \/>\n<div class=\"main-cross-sell\" data-asin=\"B077CX9NBR\">\n\n\t<div class=\"WooZone-cross-sell-loader\">\n\t\t<div>\n\t\t\t<div id=\"floatingBarsG\">\n\t\t\t\t<div class=\"blockG\" id=\"rotateG_01\"><\/div>\n\t\t\t\t<div class=\"blockG\" id=\"rotateG_02\"><\/div>\n\t\t\t\t<div class=\"blockG\" id=\"rotateG_03\"><\/div>\n\t\t\t\t<div class=\"blockG\" id=\"rotateG_04\"><\/div>\n\t\t\t\t<div class=\"blockG\" id=\"rotateG_05\"><\/div>\n\t\t\t\t<div class=\"blockG\" id=\"rotateG_06\"><\/div>\n\t\t\t\t<div class=\"blockG\" id=\"rotateG_07\"><\/div>\n\t\t\t\t<div class=\"blockG\" id=\"rotateG_08\"><\/div>\n\t\t\t<\/div>\n\t\t\t<div class=\"WooZone-cross-sell-loader-text\"><\/div>\n\t\t<\/div>\n\t<\/div>\n\n\t\t\n<\/div>\n<div style=\"clear:both;\"><\/div>\n","protected":false},"excerpt":{"rendered":"<p>BHs B\u00fcgel-Cups sind leicht gepolstert<br \/>\nHinten befindet sich ein Hakenverschluss und die Tr\u00e4ger sind verstellbar<br \/>\nPassende H\u00f6schen mit 2-Wege-Rei\u00dfverschluss vorne<\/p>\n","protected":false},"featured_media":3127,"template":"","meta":[],"etheme_brands":[],"class_list":{"0":"post-3126","1":"product","2":"type-product","3":"status-publish","4":"has-post-thumbnail","6":"product_cat-unterwaesche-und-bhs","8":"first","9":"instock","10":"taxable","11":"shipping-taxable","12":"product-type-external"},"_links":{"self":[{"href":"https:\/\/eventparadies.com\/index.php?rest_route=\/wp\/v2\/product\/3126","targetHints":{"allow":["GET"]}}],"collection":[{"href":"https:\/\/eventparadies.com\/index.php?rest_route=\/wp\/v2\/product"}],"about":[{"href":"https:\/\/eventparadies.com\/index.php?rest_route=\/wp\/v2\/types\/product"}],"wp:featuredmedia":[{"embeddable":true,"href":"https:\/\/eventparadies.com\/index.php?rest_route=\/wp\/v2\/media\/3127"}],"wp:attachment":[{"href":"https:\/\/eventparadies.com\/index.php?rest_route=%2Fwp%2Fv2%2Fmedia&parent=3126"}],"wp:term":[{"taxonomy":"brand","embeddable":true,"href":"https:\/\/eventparadies.com\/index.php?rest_route=%2Fwp%2Fv2%2Fetheme_brands&post=3126"}],"curies":[{"name":"wp","href":"https:\/\/api.w.org\/{rel}","templated":true}]}}