{"id":3111,"date":"2020-03-28T20:06:20","date_gmt":"2020-03-28T20:06:20","guid":{"rendered":"https:\/\/klamottenbude24.de\/?product=skiny-maedchen-essentials-girls-triangel-gepaddet"},"modified":"2023-04-09T21:40:05","modified_gmt":"2023-04-09T21:40:05","slug":"skiny-maedchen-essentials-girls-triangel-gepaddet","status":"publish","type":"product","link":"https:\/\/eventparadies.com\/?product=skiny-maedchen-essentials-girls-triangel-gepaddet","title":{"rendered":"Skiny girls padded triangle Cotton Essentials"},"content":{"rendered":"<p><!-- show up to 2 reviews by default --> <\/p>\n<p>Der s\u00fc\u00dfe gepaddete Triangel BH ist der perfekte erste BH. Die weiche Baumwollqualit\u00e4t schmiegt sich sanft den Konturen an und sorgt f\u00fcr h\u00f6chsten Tragekomfort. Die genaue Verarbeitung garantiert eine perfekte Passform auch f\u00fcr diese kleiner Brustform. <\/p>\n<p>Skiny M\u00e4dchen s\u00fc\u00dfer Triangel BH aus feine Baumwollqualit\u00e4t.<br \/>\nEin schmales Unterbrustband sowie verstellbare Tr\u00e4ger sorgen f\u00fcr idealen Halt.<br \/>\n95% Baumwolle, 5% Elasthan<br \/>\n85343<br \/>\nPflegehinweis: Handw\u00e4sche<br \/>\nModellnummer: 85343<br \/>\n<div class=\"main-cross-sell\" data-asin=\"B004XB3W34\">\n\n\t<div class=\"WooZone-cross-sell-loader\">\n\t\t<div>\n\t\t\t<div id=\"floatingBarsG\">\n\t\t\t\t<div class=\"blockG\" id=\"rotateG_01\"><\/div>\n\t\t\t\t<div class=\"blockG\" id=\"rotateG_02\"><\/div>\n\t\t\t\t<div class=\"blockG\" id=\"rotateG_03\"><\/div>\n\t\t\t\t<div class=\"blockG\" id=\"rotateG_04\"><\/div>\n\t\t\t\t<div class=\"blockG\" id=\"rotateG_05\"><\/div>\n\t\t\t\t<div class=\"blockG\" id=\"rotateG_06\"><\/div>\n\t\t\t\t<div class=\"blockG\" id=\"rotateG_07\"><\/div>\n\t\t\t\t<div class=\"blockG\" id=\"rotateG_08\"><\/div>\n\t\t\t<\/div>\n\t\t\t<div class=\"WooZone-cross-sell-loader-text\"><\/div>\n\t\t<\/div>\n\t<\/div>\n\n\t\t\n<\/div>\n<div style=\"clear:both;\"><\/div>\n","protected":false},"excerpt":{"rendered":"<p>Skiny M\u00e4dchen s\u00fc\u00dfer Triangel BH aus feine Baumwollqualit\u00e4t.<br \/>\nEin schmales Unterbrustband sowie verstellbare Tr\u00e4ger sorgen f\u00fcr idealen Halt.<br \/>\n95% Baumwolle, 5% Elasthan<\/p>\n","protected":false},"featured_media":3112,"template":"","meta":[],"etheme_brands":[],"class_list":{"0":"post-3111","1":"product","2":"type-product","3":"status-publish","4":"has-post-thumbnail","6":"product_cat-unterwaesche-und-bhs","8":"first","9":"instock","10":"taxable","11":"shipping-taxable","12":"product-type-external"},"_links":{"self":[{"href":"https:\/\/eventparadies.com\/index.php?rest_route=\/wp\/v2\/product\/3111","targetHints":{"allow":["GET"]}}],"collection":[{"href":"https:\/\/eventparadies.com\/index.php?rest_route=\/wp\/v2\/product"}],"about":[{"href":"https:\/\/eventparadies.com\/index.php?rest_route=\/wp\/v2\/types\/product"}],"wp:featuredmedia":[{"embeddable":true,"href":"https:\/\/eventparadies.com\/index.php?rest_route=\/wp\/v2\/media\/3112"}],"wp:attachment":[{"href":"https:\/\/eventparadies.com\/index.php?rest_route=%2Fwp%2Fv2%2Fmedia&parent=3111"}],"wp:term":[{"taxonomy":"brand","embeddable":true,"href":"https:\/\/eventparadies.com\/index.php?rest_route=%2Fwp%2Fv2%2Fetheme_brands&post=3111"}],"curies":[{"name":"wp","href":"https:\/\/api.w.org\/{rel}","templated":true}]}}