{"id":3077,"date":"2020-03-28T20:06:02","date_gmt":"2020-03-28T20:06:02","guid":{"rendered":"https:\/\/klamottenbude24.de\/?product=naturana-damen-buegel-bh-87543"},"modified":"2023-04-10T22:09:19","modified_gmt":"2023-04-10T22:09:19","slug":"naturana-damen-buegel-bh-87543","status":"publish","type":"product","link":"https:\/\/eventparadies.com\/?product=naturana-damen-buegel-bh-87543","title":{"rendered":"Naturana\u00ae Hochwertiger Damen BH mit B\u00fcgel [Cup B-E] BH sehr guter Halt bei sch\u00f6nem Dekollet\u00e9 I Bequemer BH Damen mit\u2026"},"content":{"rendered":"<p><!-- show up to 2 reviews by default --> <\/p>\n<p>Dieser B\u00fcgel-BH von Naturana bedeckt und st\u00fctzt vollst\u00e4ndig mit der Eleganz eines bestickten Spitzen-BHs. Die Balconette-Form mit gewelltem Rand und dekorativen Spitzendetails schafft eine angehobene volle Form und die verstellbaren Tr\u00e4ger sorgen f\u00fcr eine ideale Passform und hohen Tragekomfort f\u00fcr jeden Tag. <\/p>\n<p>B\u00fcgel-BH.<br \/>\nBalconette-Stil.<br \/>\n80% Polyamid, 12% Elasthan, 8% Polyester<br \/>\nB\u00fcgel Bh mit T\u00fcll und Spitze<br \/>\nPflegehinweis: Maschinenw\u00e4sche<br \/>\nModellnummer: 87543<br \/>\nVerstellbare Tr\u00e4ger.<br \/>\nVerschluss mit Haken und \u00d6se.<br \/>\nErh\u00e4ltlich in Gr\u00f6\u00dfen B-DD.<br \/>\n<div class=\"main-cross-sell\" data-asin=\"B001102FGA\">\n\n\t<div class=\"WooZone-cross-sell-loader\">\n\t\t<div>\n\t\t\t<div id=\"floatingBarsG\">\n\t\t\t\t<div class=\"blockG\" id=\"rotateG_01\"><\/div>\n\t\t\t\t<div class=\"blockG\" id=\"rotateG_02\"><\/div>\n\t\t\t\t<div class=\"blockG\" id=\"rotateG_03\"><\/div>\n\t\t\t\t<div class=\"blockG\" id=\"rotateG_04\"><\/div>\n\t\t\t\t<div class=\"blockG\" id=\"rotateG_05\"><\/div>\n\t\t\t\t<div class=\"blockG\" id=\"rotateG_06\"><\/div>\n\t\t\t\t<div class=\"blockG\" id=\"rotateG_07\"><\/div>\n\t\t\t\t<div class=\"blockG\" id=\"rotateG_08\"><\/div>\n\t\t\t<\/div>\n\t\t\t<div class=\"WooZone-cross-sell-loader-text\"><\/div>\n\t\t<\/div>\n\t<\/div>\n\n\t\t\n<\/div>\n<div style=\"clear:both;\"><\/div>\n","protected":false},"excerpt":{"rendered":"<p>B\u00fcgel-BH.<br \/>\nBalconette-Stil.<br \/>\n80% Polyamid, 12% Elasthan, 8% Polyester<\/p>\n","protected":false},"featured_media":3078,"template":"","meta":[],"etheme_brands":[],"class_list":{"0":"post-3077","1":"product","2":"type-product","3":"status-publish","4":"has-post-thumbnail","6":"product_cat-unterwaesche-und-bhs","8":"first","9":"instock","10":"taxable","11":"shipping-taxable","12":"product-type-external"},"_links":{"self":[{"href":"https:\/\/eventparadies.com\/index.php?rest_route=\/wp\/v2\/product\/3077","targetHints":{"allow":["GET"]}}],"collection":[{"href":"https:\/\/eventparadies.com\/index.php?rest_route=\/wp\/v2\/product"}],"about":[{"href":"https:\/\/eventparadies.com\/index.php?rest_route=\/wp\/v2\/types\/product"}],"wp:featuredmedia":[{"embeddable":true,"href":"https:\/\/eventparadies.com\/index.php?rest_route=\/wp\/v2\/media\/3078"}],"wp:attachment":[{"href":"https:\/\/eventparadies.com\/index.php?rest_route=%2Fwp%2Fv2%2Fmedia&parent=3077"}],"wp:term":[{"taxonomy":"brand","embeddable":true,"href":"https:\/\/eventparadies.com\/index.php?rest_route=%2Fwp%2Fv2%2Fetheme_brands&post=3077"}],"curies":[{"name":"wp","href":"https:\/\/api.w.org\/{rel}","templated":true}]}}