{"id":3063,"date":"2020-03-28T20:05:54","date_gmt":"2020-03-28T20:05:54","guid":{"rendered":"https:\/\/klamottenbude24.de\/?product=calvin-klein-underwear-damen-thong-modern-cotton"},"modified":"2023-04-10T22:09:18","modified_gmt":"2023-04-10T22:09:18","slug":"calvin-klein-underwear-damen-thong-modern-cotton","status":"publish","type":"product","link":"https:\/\/eventparadies.com\/?product=calvin-klein-underwear-damen-thong-modern-cotton","title":{"rendered":"Calvin Klein Damen String Thong mit Stretch"},"content":{"rendered":"<p><!-- show up to 2 reviews by default --> <\/p>\n<p>Der Thong-String &#8222;Modern Cotton&#8220; von Calvin Klein kommt im schlichten, sportlichen Design. Der breite Bund mit Logostickung und die Baumwollmischung sorgen f\u00fcr einen besonders hohen Tragekomfort.<\/p>\n<p> &#8211; hoher Beinausschnitt<br \/> &#8211; elastischer Bund<br \/> &#8211; Pflegehinweis: Maschinenw\u00e4sche bei 30 Grad im Schonwaschgang <\/p>\n<p>Bequemer Thong String von CALVIN KLEIN in Grau f\u00fcr Frauen in der Gr\u00f6\u00dfe XS aus weichem Baumwoll-Modal-Mix mit ikonischem CK-Elastikbund verbindet den sportiven Look mit ultimativem Tragekomfort<br \/>\nDank der hochwertigen Verarbeitung der kultigen Damen-Unterw\u00e4sche aus 53 % Baumwolle, 35 % Modal und 12 % Elastan liegt das stretchige Jersey-H\u00f6schen allzeit bequem auf der weiblichen Haut<br \/>\nVerschluss: Elastischer Bund<br \/>\n53% Baumwolle, 35% Polyacryl, 12% Elasthan<br \/>\nW\u00e4sche &amp; Lingerie<br \/>\nPflegehinweis: Maschinenw\u00e4sche kalt (30\u00b0 max)<br \/>\nModellnummer: 0000F3786E<br \/>\nDurch den fast unsichtbaren Sitz zeichnet sich der schlichte Slip mit mittlerer Leibh\u00f6he auch unter enger Kleidung nicht ab &amp; hinterl\u00e4sst so keine R\u00e4nder unter Jeans, Hosen und R\u00f6cken<br \/>\nDie stylische Unterhose verhindert dank elastischem Gummiband l\u00e4stiges Zwicken, Kratzen oder Kneifen &amp; sorgt somit f\u00fcr angenehme Bewegungsfreiheit im Alltag und beim Sport wie Yoga, Pilates oder Fitness<br \/>\nGestalte Dein Outfit: Die bequeme Unterw\u00e4sche- und Loungewear Kollektion Modern Cotton von CK ist mit verschiedenen BHs wie Bustier, Bralette, oder T-Shirt-BH perfekt auf Deinen String abgestimmt<br \/>\n<div class=\"main-cross-sell\" data-asin=\"B00KMGVI6W\">\n\n\t<div class=\"WooZone-cross-sell-loader\">\n\t\t<div>\n\t\t\t<div id=\"floatingBarsG\">\n\t\t\t\t<div class=\"blockG\" id=\"rotateG_01\"><\/div>\n\t\t\t\t<div class=\"blockG\" id=\"rotateG_02\"><\/div>\n\t\t\t\t<div class=\"blockG\" id=\"rotateG_03\"><\/div>\n\t\t\t\t<div class=\"blockG\" id=\"rotateG_04\"><\/div>\n\t\t\t\t<div class=\"blockG\" id=\"rotateG_05\"><\/div>\n\t\t\t\t<div class=\"blockG\" id=\"rotateG_06\"><\/div>\n\t\t\t\t<div class=\"blockG\" id=\"rotateG_07\"><\/div>\n\t\t\t\t<div class=\"blockG\" id=\"rotateG_08\"><\/div>\n\t\t\t<\/div>\n\t\t\t<div class=\"WooZone-cross-sell-loader-text\"><\/div>\n\t\t<\/div>\n\t<\/div>\n\n\t\t\n<\/div>\n<div style=\"clear:both;\"><\/div>\n","protected":false},"excerpt":{"rendered":"<p>Bequemer Thong String von CALVIN KLEIN in Grau f\u00fcr Frauen in der Gr\u00f6\u00dfe XS aus weichem Baumwoll-Modal-Mix mit ikonischem CK-Elastikbund verbindet den sportiven Look mit ultimativem Tragekomfort<br \/>\nDank der hochwertigen Verarbeitung der kultigen Damen-Unterw\u00e4sche aus 53 % Baumwolle, 35 % Modal und 12 % Elastan liegt das stretchige Jersey-H\u00f6schen allzeit bequem auf der weiblichen Haut<br \/>\nVerschluss: Elastischer Bund<\/p>\n","protected":false},"featured_media":3064,"template":"","meta":[],"etheme_brands":[],"class_list":{"0":"post-3063","1":"product","2":"type-product","3":"status-publish","4":"has-post-thumbnail","6":"product_cat-unterwaesche-und-bhs","8":"first","9":"instock","10":"taxable","11":"shipping-taxable","12":"product-type-external"},"_links":{"self":[{"href":"https:\/\/eventparadies.com\/index.php?rest_route=\/wp\/v2\/product\/3063","targetHints":{"allow":["GET"]}}],"collection":[{"href":"https:\/\/eventparadies.com\/index.php?rest_route=\/wp\/v2\/product"}],"about":[{"href":"https:\/\/eventparadies.com\/index.php?rest_route=\/wp\/v2\/types\/product"}],"wp:featuredmedia":[{"embeddable":true,"href":"https:\/\/eventparadies.com\/index.php?rest_route=\/wp\/v2\/media\/3064"}],"wp:attachment":[{"href":"https:\/\/eventparadies.com\/index.php?rest_route=%2Fwp%2Fv2%2Fmedia&parent=3063"}],"wp:term":[{"taxonomy":"brand","embeddable":true,"href":"https:\/\/eventparadies.com\/index.php?rest_route=%2Fwp%2Fv2%2Fetheme_brands&post=3063"}],"curies":[{"name":"wp","href":"https:\/\/api.w.org\/{rel}","templated":true}]}}