{"id":2997,"date":"2020-03-28T19:47:57","date_gmt":"2020-03-28T19:47:57","guid":{"rendered":"https:\/\/klamottenbude24.de\/?product=damen-seide-satin-nachtshirt-sleepshirt-nachthemd-nightwear"},"modified":"2023-04-10T22:09:18","modified_gmt":"2023-04-10T22:09:18","slug":"damen-seide-satin-nachtshirt-sleepshirt-nachthemd-nightwear","status":"publish","type":"product","link":"https:\/\/eventparadies.com\/?product=damen-seide-satin-nachtshirt-sleepshirt-nachthemd-nightwear","title":{"rendered":"Damen Seide Satin Nachtshirt Sleepshirt Nachthemd Nightwear"},"content":{"rendered":"<p><!-- show up to 2 reviews by default --> <\/p>\n<p><b><b>Gr\u00f6\u00dfe:<\/b><\/b><\/p>\n<p><b> Small&#8212;&#8212;- B\u00fcste\uff1a39\u201c\u201d<\/b><\/p>\n<p><b>Medium&#8212;&#8211;B\u00fcste\uff1a41&#8243;<\/b><\/p>\n<p><b>Large&#8212;&#8212;-B\u00fcste :43&#8243;<\/b><\/p>\n<p><b>XLarge&#8212;&#8212;-B\u00fcste :44&#8243;<\/b><\/p>\n<p>Als Geschenk &#8212; Am Geburtstag oder Vatertag, Valentinstag und Weihnachten ,Dieser Schlafanzug als High-end-Produkt ist geeignet als Geschenk f\u00fcr die Familien und Freunden, Der Einzelhandelspreis ist 60 Euro.<br \/>\nGr\u00f6\u00dfe &#8212; S,M,L,XL,2XL,3XL\uff0cFast f\u00fcr jeden geeignet.<br \/>\nSatin<br \/>\nModellnummer: W189-Black-S<br \/>\nKordelzug am elastischen Bund &#8212; Einfach und bequem, einfach zu justieren.<br \/>\nEs gibt eine \u00d6ffnung unter der Taille &#8212; Praktisch f\u00fcr M\u00e4nner, um auf die Toilette zu gehen.<br \/>\nStoff &#8212; Der Schlaf ist sehr wichtig f\u00fcr die Gesundheit der Menschen und das seidige Gef\u00fchl sorgt f\u00fcr einen guten Schlaf\uff0cSelbst wenn Sie sich gerade vom Krankenhaus erholen\uff0ck\u00f6nnen Sie sich dank der seidigen Haptik leicht im Bett bewegen.<br \/>\n<div class=\"main-cross-sell\" data-asin=\"B07J31NXWG\">\n\n\t<div class=\"WooZone-cross-sell-loader\">\n\t\t<div>\n\t\t\t<div id=\"floatingBarsG\">\n\t\t\t\t<div class=\"blockG\" id=\"rotateG_01\"><\/div>\n\t\t\t\t<div class=\"blockG\" id=\"rotateG_02\"><\/div>\n\t\t\t\t<div class=\"blockG\" id=\"rotateG_03\"><\/div>\n\t\t\t\t<div class=\"blockG\" id=\"rotateG_04\"><\/div>\n\t\t\t\t<div class=\"blockG\" id=\"rotateG_05\"><\/div>\n\t\t\t\t<div class=\"blockG\" id=\"rotateG_06\"><\/div>\n\t\t\t\t<div class=\"blockG\" id=\"rotateG_07\"><\/div>\n\t\t\t\t<div class=\"blockG\" id=\"rotateG_08\"><\/div>\n\t\t\t<\/div>\n\t\t\t<div class=\"WooZone-cross-sell-loader-text\"><\/div>\n\t\t<\/div>\n\t<\/div>\n\n\t\t\n<\/div>\n<div style=\"clear:both;\"><\/div>\n","protected":false},"excerpt":{"rendered":"<p>Als Geschenk &#8212; Am Geburtstag oder Vatertag, Valentinstag und Weihnachten ,Dieser Schlafanzug als High-end-Produkt ist geeignet als Geschenk f\u00fcr die Familien und Freunden, Der Einzelhandelspreis ist 60 Euro.<br \/>\nGr\u00f6\u00dfe &#8212; S,M,L,XL,2XL,3XL\uff0cFast f\u00fcr jeden geeignet.<br \/>\nSatin<\/p>\n","protected":false},"featured_media":2998,"template":"","meta":[],"etheme_brands":[],"class_list":{"0":"post-2997","1":"product","2":"type-product","3":"status-publish","4":"has-post-thumbnail","6":"product_cat-nachtwaesche","8":"first","9":"instock","10":"taxable","11":"shipping-taxable","12":"product-type-external"},"_links":{"self":[{"href":"https:\/\/eventparadies.com\/index.php?rest_route=\/wp\/v2\/product\/2997","targetHints":{"allow":["GET"]}}],"collection":[{"href":"https:\/\/eventparadies.com\/index.php?rest_route=\/wp\/v2\/product"}],"about":[{"href":"https:\/\/eventparadies.com\/index.php?rest_route=\/wp\/v2\/types\/product"}],"wp:featuredmedia":[{"embeddable":true,"href":"https:\/\/eventparadies.com\/index.php?rest_route=\/wp\/v2\/media\/2998"}],"wp:attachment":[{"href":"https:\/\/eventparadies.com\/index.php?rest_route=%2Fwp%2Fv2%2Fmedia&parent=2997"}],"wp:term":[{"taxonomy":"brand","embeddable":true,"href":"https:\/\/eventparadies.com\/index.php?rest_route=%2Fwp%2Fv2%2Fetheme_brands&post=2997"}],"curies":[{"name":"wp","href":"https:\/\/api.w.org\/{rel}","templated":true}]}}