{"id":2776,"date":"2020-03-28T19:27:07","date_gmt":"2020-03-28T19:27:07","guid":{"rendered":"https:\/\/klamottenbude24.de\/?product=avidlove-damen-spitze-babydoll-patchwork-dessous-nachtkleid-mit-g-string"},"modified":"2023-04-10T22:09:17","modified_gmt":"2023-04-10T22:09:17","slug":"avidlove-damen-spitze-babydoll-patchwork-dessous-nachtkleid-mit-g-string","status":"publish","type":"product","link":"https:\/\/eventparadies.com\/?product=avidlove-damen-spitze-babydoll-patchwork-dessous-nachtkleid-mit-g-string","title":{"rendered":"Avidlove Damen Spitze Babydoll Patchwork Dessous Nachtkleid mit G-String"},"content":{"rendered":"<p><!-- show up to 2 reviews by default --> <\/p>\n<p><b>Beschreibung:<\/b><\/p>\n<p> Marke: Avidlove<br \/> Material: 5% Baumwolle, 95% Chinion<br \/> Features: Spaghettib\u00fcgel, V-Ausschnitt , Schier Sexy Unterw\u00e4sche,Spitze,semi-transparent Schlafanzug<br \/> 3 Farben: Rot,Blau,Schwarzes<br \/> Anlass: Nacht-Tragen <\/p>\n<p><b>Paket-Inhalt:<\/b>1 x Lingerie Babydoll,1 x G-String<br \/> 5 Verf\u00fcgbare Gr\u00f6\u00dfen:<br \/> S (US S (6), UK 8-10, AU 10)<br \/> M (US M (8-10), UK 12-14, AU 12)<br \/> L (US L (12), UK 16-18, AU 16)<br \/> XL (US XL (16), UK 20-22, AU 20)<br \/> Gr\u00f6\u00dfe: Es gibt 4 Gr\u00f6\u00dfen (S \/ M \/ L \/ XL \/ XXL) vorhanden f\u00fcr die folgende Auflistung. Erlauben bitte 1-2cm sich unterscheidet wegen des manuellen Ma\u00dfes, Dank (alles Ma\u00df in cm und merken bitte 1cm = 0.39inch) <\/p>\n<p>Hei\u00df Damen Lingerie semi-transparent Schlafanzug Babydoll mit G-string Set<br \/>\nGelegenheit: Im Schlaf, Valentinstag, Weihnachten, Nachtw\u00e4sche Party<br \/>\n95% Chinion, 5% Baumwolle<br \/>\nModellnummer: **ALL007325_R_S#<br \/>\nGelegenheit: Nachtschlaf.Hervorragende Passform, maximaler Komfort und ausgezeichneter Schnitt, f\u00fcr Unterw\u00e4sche, Nachtw\u00e4sche geeignet<br \/>\nMuster: Tiefer V-Ausschnitt,Semi-Transparent, Minikleid, Patchwork Stil, Satin Bogen Dekor, Spitze Spaghetti Tr\u00e4ger,Sexy Babydoll<br \/>\n5% Baumwolle, 95% Chinion<br \/>\n<div class=\"main-cross-sell\" data-asin=\"B077K1MQLJ\">\n\n\t<div class=\"WooZone-cross-sell-loader\">\n\t\t<div>\n\t\t\t<div id=\"floatingBarsG\">\n\t\t\t\t<div class=\"blockG\" id=\"rotateG_01\"><\/div>\n\t\t\t\t<div class=\"blockG\" id=\"rotateG_02\"><\/div>\n\t\t\t\t<div class=\"blockG\" id=\"rotateG_03\"><\/div>\n\t\t\t\t<div class=\"blockG\" id=\"rotateG_04\"><\/div>\n\t\t\t\t<div class=\"blockG\" id=\"rotateG_05\"><\/div>\n\t\t\t\t<div class=\"blockG\" id=\"rotateG_06\"><\/div>\n\t\t\t\t<div class=\"blockG\" id=\"rotateG_07\"><\/div>\n\t\t\t\t<div class=\"blockG\" id=\"rotateG_08\"><\/div>\n\t\t\t<\/div>\n\t\t\t<div class=\"WooZone-cross-sell-loader-text\"><\/div>\n\t\t<\/div>\n\t<\/div>\n\n\t\t\n<\/div>\n<div style=\"clear:both;\"><\/div>\n","protected":false},"excerpt":{"rendered":"<p>Hei\u00df Damen Lingerie semi-transparent Schlafanzug Babydoll mit G-string Set<br \/>\nGelegenheit: Im Schlaf, Valentinstag, Weihnachten, Nachtw\u00e4sche Party<br \/>\n95% Chinion, 5% Baumwolle<\/p>\n","protected":false},"featured_media":2777,"template":"","meta":[],"etheme_brands":[],"class_list":{"0":"post-2776","1":"product","2":"type-product","3":"status-publish","4":"has-post-thumbnail","6":"product_cat-nachtwaesche","8":"first","9":"instock","10":"taxable","11":"shipping-taxable","12":"product-type-external"},"_links":{"self":[{"href":"https:\/\/eventparadies.com\/index.php?rest_route=\/wp\/v2\/product\/2776","targetHints":{"allow":["GET"]}}],"collection":[{"href":"https:\/\/eventparadies.com\/index.php?rest_route=\/wp\/v2\/product"}],"about":[{"href":"https:\/\/eventparadies.com\/index.php?rest_route=\/wp\/v2\/types\/product"}],"wp:featuredmedia":[{"embeddable":true,"href":"https:\/\/eventparadies.com\/index.php?rest_route=\/wp\/v2\/media\/2777"}],"wp:attachment":[{"href":"https:\/\/eventparadies.com\/index.php?rest_route=%2Fwp%2Fv2%2Fmedia&parent=2776"}],"wp:term":[{"taxonomy":"brand","embeddable":true,"href":"https:\/\/eventparadies.com\/index.php?rest_route=%2Fwp%2Fv2%2Fetheme_brands&post=2776"}],"curies":[{"name":"wp","href":"https:\/\/api.w.org\/{rel}","templated":true}]}}