{"id":2772,"date":"2020-03-28T19:27:04","date_gmt":"2020-03-28T19:27:04","guid":{"rendered":"https:\/\/klamottenbude24.de\/?product=edc-by-esprit-damen-gahlia-babydoll-baby-doll"},"modified":"2023-04-10T22:09:17","modified_gmt":"2023-04-10T22:09:17","slug":"edc-by-esprit-damen-gahlia-babydoll-baby-doll","status":"publish","type":"product","link":"https:\/\/eventparadies.com\/?product=edc-by-esprit-damen-gahlia-babydoll-baby-doll","title":{"rendered":"ESPRIT Damen Gahlia Babydoll Baby Doll"},"content":{"rendered":"<p><!-- show up to 2 reviews by default --> <\/p>\n<p>\u00dcBER ESPRIT Gepr\u00e4gt vom Zeitgeist des Gr\u00fcndungsjahres 1968, steht die internationale Modemarke Esprit f\u00fcr den entspannten, sonnigen Lebensstil ihrer Heimat Kalifornien. Esprit entwirft inspirierende Kollektionen f\u00fcr Damen, Herren und Kinder aus hochwertigen Materialien und mit viel Liebe zum Detail. In allen Produkten von Esprit spiegelt sich der Anspruch der Gruppe wider: \u201esich gut f\u00fchlen, um gut auszusehen\u201c. Der \u201eEsprit de Corps\u201c des Unternehmens zeichnet sich durch eine positive und wertsch\u00e4tzende Haltung dem Leben gegen\u00fcber aus, in der Gemeinschaft, Familie und Freunde eine wichtige Rolle spielen \u2013 und das im l\u00e4ssig-coolen kalifornischen Style. Dem Esprit Style. Esprit ist in \u00fcber 40 L\u00e4ndern pr\u00e4sent und vertreibt seine Produkte international in rund 580 eigenen Retail-Stores sowie an \u00fcber 5.400 Wholesale-Standorten, einschlie\u00dflich Franchise-Gesch\u00e4ften und Verkaufsfl\u00e4chen in Warenh\u00e4usern. Die Gruppe vermarktet ihre Produkte unter den beiden Marken Esprit und edc. Esprit ist seit 1993 an der B\u00f6rse Hongkong gelistet und hat Zentralen in Deutschland und Hongkong. <\/p>\n<p>feminines Babydoll, Mix aus hochwertiger Spitze und Mesh mit Stretchkomfort<br \/>\nverstellbare Tr\u00e4ger, nach unten ausgestellt<br \/>\n88% Polyamid, 12% Elasthan<br \/>\nPflegehinweis: Maschinenw\u00e4sche warm (40\u00b0 +)<br \/>\nModellnummer: 109CF1T023<br \/>\n<div class=\"main-cross-sell\" data-asin=\"B07S3X5269\">\n\n\t<div class=\"WooZone-cross-sell-loader\">\n\t\t<div>\n\t\t\t<div id=\"floatingBarsG\">\n\t\t\t\t<div class=\"blockG\" id=\"rotateG_01\"><\/div>\n\t\t\t\t<div class=\"blockG\" id=\"rotateG_02\"><\/div>\n\t\t\t\t<div class=\"blockG\" id=\"rotateG_03\"><\/div>\n\t\t\t\t<div class=\"blockG\" id=\"rotateG_04\"><\/div>\n\t\t\t\t<div class=\"blockG\" id=\"rotateG_05\"><\/div>\n\t\t\t\t<div class=\"blockG\" id=\"rotateG_06\"><\/div>\n\t\t\t\t<div class=\"blockG\" id=\"rotateG_07\"><\/div>\n\t\t\t\t<div class=\"blockG\" id=\"rotateG_08\"><\/div>\n\t\t\t<\/div>\n\t\t\t<div class=\"WooZone-cross-sell-loader-text\"><\/div>\n\t\t<\/div>\n\t<\/div>\n\n\t\t\n<\/div>\n<div style=\"clear:both;\"><\/div>\n","protected":false},"excerpt":{"rendered":"<p>feminines Babydoll, Mix aus hochwertiger Spitze und Mesh mit Stretchkomfort<br \/>\nverstellbare Tr\u00e4ger, nach unten ausgestellt<br \/>\n88% Polyamid, 12% Elasthan<\/p>\n","protected":false},"featured_media":2773,"template":"","meta":[],"etheme_brands":[],"class_list":{"0":"post-2772","1":"product","2":"type-product","3":"status-publish","4":"has-post-thumbnail","6":"product_cat-nachtwaesche","8":"first","9":"instock","10":"taxable","11":"shipping-taxable","12":"product-type-external"},"_links":{"self":[{"href":"https:\/\/eventparadies.com\/index.php?rest_route=\/wp\/v2\/product\/2772","targetHints":{"allow":["GET"]}}],"collection":[{"href":"https:\/\/eventparadies.com\/index.php?rest_route=\/wp\/v2\/product"}],"about":[{"href":"https:\/\/eventparadies.com\/index.php?rest_route=\/wp\/v2\/types\/product"}],"wp:featuredmedia":[{"embeddable":true,"href":"https:\/\/eventparadies.com\/index.php?rest_route=\/wp\/v2\/media\/2773"}],"wp:attachment":[{"href":"https:\/\/eventparadies.com\/index.php?rest_route=%2Fwp%2Fv2%2Fmedia&parent=2772"}],"wp:term":[{"taxonomy":"brand","embeddable":true,"href":"https:\/\/eventparadies.com\/index.php?rest_route=%2Fwp%2Fv2%2Fetheme_brands&post=2772"}],"curies":[{"name":"wp","href":"https:\/\/api.w.org\/{rel}","templated":true}]}}