{"id":2543,"date":"2020-03-28T19:05:05","date_gmt":"2020-03-28T19:05:05","guid":{"rendered":"https:\/\/klamottenbude24.de\/?product=leg-avenue-83907-swat-sharpshooter-kostuem-groesse-m-schwarz"},"modified":"2023-04-07T22:11:05","modified_gmt":"2023-04-07T22:11:05","slug":"leg-avenue-83907-swat-sharpshooter-kostuem-groesse-m-schwarz","status":"publish","type":"product","link":"https:\/\/eventparadies.com\/?product=leg-avenue-83907-swat-sharpshooter-kostuem-groesse-m-schwarz","title":{"rendered":"LEG AVENUE 83907 &#8211; Swat Sharpshooter Kost\u00fcm, Gr\u00f6\u00dfe M, schwarz"},"content":{"rendered":"<p><!-- show up to 2 reviews by default -->                                                      <\/p>\n<p>4Tl. Swat Sharpshooter Kost\u00fcm Set Mit Rei\u00dfverschluss Front Catsuit, G\u00fcrtel, Fingerlose Handschuhe, Hut                              <\/p>\n<p>Hohe Qualtit\u00e4t Fitting<br \/>\nAmerikanischen Design<br \/>\nTrend Setter<br \/>\nHochwertigen Stoffen<br \/>\nCelebrity Stil<br \/>\n<div class=\"main-cross-sell\" data-asin=\"B0078YWZRM\">\n\n\t<div class=\"WooZone-cross-sell-loader\">\n\t\t<div>\n\t\t\t<div id=\"floatingBarsG\">\n\t\t\t\t<div class=\"blockG\" id=\"rotateG_01\"><\/div>\n\t\t\t\t<div class=\"blockG\" id=\"rotateG_02\"><\/div>\n\t\t\t\t<div class=\"blockG\" id=\"rotateG_03\"><\/div>\n\t\t\t\t<div class=\"blockG\" id=\"rotateG_04\"><\/div>\n\t\t\t\t<div class=\"blockG\" id=\"rotateG_05\"><\/div>\n\t\t\t\t<div class=\"blockG\" id=\"rotateG_06\"><\/div>\n\t\t\t\t<div class=\"blockG\" id=\"rotateG_07\"><\/div>\n\t\t\t\t<div class=\"blockG\" id=\"rotateG_08\"><\/div>\n\t\t\t<\/div>\n\t\t\t<div class=\"WooZone-cross-sell-loader-text\"><\/div>\n\t\t<\/div>\n\t<\/div>\n\n\t\t\n<\/div>\n<div style=\"clear:both;\"><\/div>\n","protected":false},"excerpt":{"rendered":"<p>Hohe Qualtit\u00e4t Fitting<br \/>\nAmerikanischen Design<br \/>\nTrend Setter<\/p>\n","protected":false},"featured_media":2544,"template":"","meta":[],"etheme_brands":[],"class_list":{"0":"post-2543","1":"product","2":"type-product","3":"status-publish","4":"has-post-thumbnail","6":"product_cat-kostueme","8":"first","9":"instock","10":"taxable","11":"shipping-taxable","12":"product-type-external"},"_links":{"self":[{"href":"https:\/\/eventparadies.com\/index.php?rest_route=\/wp\/v2\/product\/2543","targetHints":{"allow":["GET"]}}],"collection":[{"href":"https:\/\/eventparadies.com\/index.php?rest_route=\/wp\/v2\/product"}],"about":[{"href":"https:\/\/eventparadies.com\/index.php?rest_route=\/wp\/v2\/types\/product"}],"wp:featuredmedia":[{"embeddable":true,"href":"https:\/\/eventparadies.com\/index.php?rest_route=\/wp\/v2\/media\/2544"}],"wp:attachment":[{"href":"https:\/\/eventparadies.com\/index.php?rest_route=%2Fwp%2Fv2%2Fmedia&parent=2543"}],"wp:term":[{"taxonomy":"brand","embeddable":true,"href":"https:\/\/eventparadies.com\/index.php?rest_route=%2Fwp%2Fv2%2Fetheme_brands&post=2543"}],"curies":[{"name":"wp","href":"https:\/\/api.w.org\/{rel}","templated":true}]}}