{"id":2515,"date":"2020-03-28T19:04:27","date_gmt":"2020-03-28T19:04:27","guid":{"rendered":"https:\/\/klamottenbude24.de\/?product=smiffys-24451x2-damen-nyc-polizistin-kostuem-groesse-52-54-blau"},"modified":"2023-04-07T22:11:05","modified_gmt":"2023-04-07T22:11:05","slug":"smiffys-24451x2-damen-nyc-polizistin-kostuem-groesse-52-54-blau","status":"publish","type":"product","link":"https:\/\/eventparadies.com\/?product=smiffys-24451x2-damen-nyc-polizistin-kostuem-groesse-52-54-blau","title":{"rendered":"Smiffys 24451X2 &#8211; Damen NYC Polizistin Kost\u00fcm, Gr\u00f6\u00dfe: 52-54, blau"},"content":{"rendered":"<div class=\"disclaim\">                                                           Gr\u00f6\u00dfe:<strong>52-54<\/strong>                                <\/div>\n<p>                                                                                                                      <!-- show up to 2 reviews by default -->                              <\/p>\n<h3>Produktbeschreibung<\/h3>\n<p>Smiffys Damen NYC Polizistin Kost\u00fcm, Gr\u00f6\u00dfe: 52-54 &#8211; Perfekt zu Karneval, Halloween oder Themenpartys &#8211; Gr\u00f6\u00dfe 52-54: Brustumfang (121-127 cm), Taille (101-106 cm), H\u00fcftumfang (129-134 cm), Leichtes Material f\u00fcr angenehmes Tragegef\u00fchl &#8211; F\u00fcr jeden Anlass die richtige Verkleidung mit einem Kost\u00fcm von Smiffys                              <\/p>\n<h3>Warnhinweise<\/h3>\n<p>Adult size fancy dress costume. Not for children. Dyes may not be colourfast. Warning! Keep away from fire.                              <\/p>\n<p>NYC Polizistin Kost\u00fcm f\u00fcr Damen, Inklusive: Kleid, G\u00fcrtel und Hut, Ideal f\u00fcr Innenveranstaltungen, Perfekt f\u00fcr Karneval, Halloween oder Themenpartys<br \/>\nGr\u00f6\u00dfe: 52-54, Brustumfang (121-127 cm), Taille (101-106 cm), H\u00fcftumfang (129-134 cm), Leichtes Material f\u00fcr angenehmes Tragegef\u00fchl<br \/>\nEinfaches An- und Ausziehen dank elastischem Material<br \/>\nF\u00fcr ein cooles Cop Outfit, 100% Polyester, Trockenreinigung, Mit einem NYC Polizist Kost\u00fcm f\u00fcr M\u00e4nner auch als Partnerkost\u00fcm geeignet<br \/>\nLieferumfang: 1 Smiffys Damen NYC Polizistin Kost\u00fcm, Kleid, G\u00fcrtel, Hut, Beinhaltet nicht: Sonnenbrille, Handschellen und Schuhe, Farbe: Blau, Gr\u00f6\u00dfe: 52-54<br \/>\n<div class=\"main-cross-sell\" data-asin=\"B01D8FA7W4\">\n\n\t<div class=\"WooZone-cross-sell-loader\">\n\t\t<div>\n\t\t\t<div id=\"floatingBarsG\">\n\t\t\t\t<div class=\"blockG\" id=\"rotateG_01\"><\/div>\n\t\t\t\t<div class=\"blockG\" id=\"rotateG_02\"><\/div>\n\t\t\t\t<div class=\"blockG\" id=\"rotateG_03\"><\/div>\n\t\t\t\t<div class=\"blockG\" id=\"rotateG_04\"><\/div>\n\t\t\t\t<div class=\"blockG\" id=\"rotateG_05\"><\/div>\n\t\t\t\t<div class=\"blockG\" id=\"rotateG_06\"><\/div>\n\t\t\t\t<div class=\"blockG\" id=\"rotateG_07\"><\/div>\n\t\t\t\t<div class=\"blockG\" id=\"rotateG_08\"><\/div>\n\t\t\t<\/div>\n\t\t\t<div class=\"WooZone-cross-sell-loader-text\"><\/div>\n\t\t<\/div>\n\t<\/div>\n\n\t\t\n<\/div>\n<div style=\"clear:both;\"><\/div>\n","protected":false},"excerpt":{"rendered":"<p>NYC Polizistin Kost\u00fcm f\u00fcr Damen, Inklusive: Kleid, G\u00fcrtel und Hut, Ideal f\u00fcr Innenveranstaltungen, Perfekt f\u00fcr Karneval, Halloween oder Themenpartys<br \/>\nGr\u00f6\u00dfe: 52-54, Brustumfang (121-127 cm), Taille (101-106 cm), H\u00fcftumfang (129-134 cm), Leichtes Material f\u00fcr angenehmes Tragegef\u00fchl<br \/>\nEinfaches An- und Ausziehen dank elastischem Material<\/p>\n","protected":false},"featured_media":2516,"template":"","meta":[],"etheme_brands":[],"class_list":{"0":"post-2515","1":"product","2":"type-product","3":"status-publish","4":"has-post-thumbnail","6":"product_cat-kostueme","8":"first","9":"instock","10":"taxable","11":"shipping-taxable","12":"product-type-external"},"_links":{"self":[{"href":"https:\/\/eventparadies.com\/index.php?rest_route=\/wp\/v2\/product\/2515","targetHints":{"allow":["GET"]}}],"collection":[{"href":"https:\/\/eventparadies.com\/index.php?rest_route=\/wp\/v2\/product"}],"about":[{"href":"https:\/\/eventparadies.com\/index.php?rest_route=\/wp\/v2\/types\/product"}],"wp:featuredmedia":[{"embeddable":true,"href":"https:\/\/eventparadies.com\/index.php?rest_route=\/wp\/v2\/media\/2516"}],"wp:attachment":[{"href":"https:\/\/eventparadies.com\/index.php?rest_route=%2Fwp%2Fv2%2Fmedia&parent=2515"}],"wp:term":[{"taxonomy":"brand","embeddable":true,"href":"https:\/\/eventparadies.com\/index.php?rest_route=%2Fwp%2Fv2%2Fetheme_brands&post=2515"}],"curies":[{"name":"wp","href":"https:\/\/api.w.org\/{rel}","templated":true}]}}