{"id":2505,"date":"2020-03-28T19:04:14","date_gmt":"2020-03-28T19:04:14","guid":{"rendered":"https:\/\/klamottenbude24.de\/?product=orion-costumes-damen-schwarz-weiss-gestreiftes-sexy-haeftling-halloween-erwachsenenkostuem"},"modified":"2023-04-07T22:11:05","modified_gmt":"2023-04-07T22:11:05","slug":"orion-costumes-damen-schwarz-weiss-gestreiftes-sexy-haeftling-halloween-erwachsenenkostuem","status":"publish","type":"product","link":"https:\/\/eventparadies.com\/?product=orion-costumes-damen-schwarz-weiss-gestreiftes-sexy-haeftling-halloween-erwachsenenkostuem","title":{"rendered":"Orion Kost\u00fcme Frauen schwarz &amp; wei\u00df gestreift sexy Gefangene Halloween Erwachsene Kost\u00fcm"},"content":{"rendered":"<p><!-- show up to 2 reviews by default -->                                                      <\/p>\n<p>DAMEN MASKENKOST\u00dcM: Versuchen Sie, sich nicht in diesem Sexy Str\u00e4fling Maskenkost\u00fcm fangen zu lassen.<br \/> VERF\u00dcGBARE GR\u00d6\u00dfEN: Small (UK 6-8), Medium (UK 8-10), Large (UK 10-12).<br \/>KOST\u00dcM UMFASST: Kleid und passende M\u00fctze. NICHT IM LIEFERUMFANG ENTHALTEN sind Handschellen von Str\u00e4flingen.<br \/>PERFEKT F\u00dcR PARTYS: Ideal f\u00fcr Maskenkost\u00fcmpartys mit dem Motto Junggesellinnenabschied, Halloween oder B\u00f6sewichte.<br \/>PFLEGEHINWEISE: 100 % Polyester. Nur von Hand waschen, Bleichmittel vermeiden und trocknen lassen.                              <\/p>\n<p>DAMEN MASKENKOST\u00dcM: Versuchen Sie, sich nicht in diesem Sexy Str\u00e4fling Maskenkost\u00fcm fangen zu lassen.<br \/>\nVERF\u00dcGBARE GR\u00d6\u00dfEN: Small (UK 6-8), Medium (UK 8-10), Large (UK 10-12).<br \/>\n100% Polyester<br \/>\nKOST\u00dcM UMFASST: Kleid und passende M\u00fctze. NICHT IM LIEFERUMFANG ENTHALTEN sind Handschellen von Str\u00e4flingen.<br \/>\nPERFEKT F\u00dcR PARTYS: Ideal f\u00fcr Maskenkost\u00fcmpartys mit dem Motto Junggesellinnenabschied, Halloween oder B\u00f6sewichte.<br \/>\nPFLEGEHINWEISE: 100 % Polyester. Nur von Hand waschen, Bleichmittel vermeiden und trocknen lassen.<br \/>\n<div class=\"main-cross-sell\" data-asin=\"B00APHVBC4\">\n\n\t<div class=\"WooZone-cross-sell-loader\">\n\t\t<div>\n\t\t\t<div id=\"floatingBarsG\">\n\t\t\t\t<div class=\"blockG\" id=\"rotateG_01\"><\/div>\n\t\t\t\t<div class=\"blockG\" id=\"rotateG_02\"><\/div>\n\t\t\t\t<div class=\"blockG\" id=\"rotateG_03\"><\/div>\n\t\t\t\t<div class=\"blockG\" id=\"rotateG_04\"><\/div>\n\t\t\t\t<div class=\"blockG\" id=\"rotateG_05\"><\/div>\n\t\t\t\t<div class=\"blockG\" id=\"rotateG_06\"><\/div>\n\t\t\t\t<div class=\"blockG\" id=\"rotateG_07\"><\/div>\n\t\t\t\t<div class=\"blockG\" id=\"rotateG_08\"><\/div>\n\t\t\t<\/div>\n\t\t\t<div class=\"WooZone-cross-sell-loader-text\"><\/div>\n\t\t<\/div>\n\t<\/div>\n\n\t\t\n<\/div>\n<div style=\"clear:both;\"><\/div>\n","protected":false},"excerpt":{"rendered":"<p>DAMEN MASKENKOST\u00dcM: Versuchen Sie, sich nicht in diesem Sexy Str\u00e4fling Maskenkost\u00fcm fangen zu lassen.<br \/>\nVERF\u00dcGBARE GR\u00d6\u00dfEN: Small (UK 6-8), Medium (UK 8-10), Large (UK 10-12).<br \/>\n100% Polyester<\/p>\n","protected":false},"featured_media":2506,"template":"","meta":[],"etheme_brands":[],"class_list":{"0":"post-2505","1":"product","2":"type-product","3":"status-publish","4":"has-post-thumbnail","6":"product_cat-kostueme","8":"first","9":"instock","10":"taxable","11":"shipping-taxable","12":"product-type-external"},"_links":{"self":[{"href":"https:\/\/eventparadies.com\/index.php?rest_route=\/wp\/v2\/product\/2505","targetHints":{"allow":["GET"]}}],"collection":[{"href":"https:\/\/eventparadies.com\/index.php?rest_route=\/wp\/v2\/product"}],"about":[{"href":"https:\/\/eventparadies.com\/index.php?rest_route=\/wp\/v2\/types\/product"}],"wp:featuredmedia":[{"embeddable":true,"href":"https:\/\/eventparadies.com\/index.php?rest_route=\/wp\/v2\/media\/2506"}],"wp:attachment":[{"href":"https:\/\/eventparadies.com\/index.php?rest_route=%2Fwp%2Fv2%2Fmedia&parent=2505"}],"wp:term":[{"taxonomy":"brand","embeddable":true,"href":"https:\/\/eventparadies.com\/index.php?rest_route=%2Fwp%2Fv2%2Fetheme_brands&post=2505"}],"curies":[{"name":"wp","href":"https:\/\/api.w.org\/{rel}","templated":true}]}}