{"id":2464,"date":"2020-03-28T19:03:25","date_gmt":"2020-03-28T19:03:25","guid":{"rendered":"https:\/\/klamottenbude24.de\/?product=anladia-damenkostuem-skeleton-skelett-kostuem-karneval-fasching-halloween-horrorkleid-m"},"modified":"2023-04-07T22:11:05","modified_gmt":"2023-04-07T22:11:05","slug":"anladia-damenkostuem-skeleton-skelett-kostuem-karneval-fasching-halloween-horrorkleid-m","status":"publish","type":"product","link":"https:\/\/eventparadies.com\/?product=anladia-damenkostuem-skeleton-skelett-kostuem-karneval-fasching-halloween-horrorkleid-m","title":{"rendered":"Anladia Damenkost\u00fcm Skeleton Skelett Kost\u00fcm Karneval Fasching Halloween Horrorkleid M"},"content":{"rendered":"<div class=\"disclaim\">                                                           Gr\u00f6\u00dfe:<strong>M<\/strong>                                                                          &nbsp;|&nbsp;                         Farbe:<strong>Horrorkleid<\/strong>                                <\/div>\n<p>                                                                                                                      <!-- show up to 2 reviews by default -->                                                      <\/p>\n<p>Dieses verfuehrerische Skelett Damenkost\u00fcm ist eine sexy und ausgesprochen gewagte Kostuemidee.<\/p>\n<p> Das Skelett Damenkostuem besteht aus einem kurzen schwarz-Rot Kleid mit Tutu, Haarreif und ein Paar Handschuhe.<\/p>\n<p> Material: Spandex-Elasthan + Satin<\/p>\n<p> <b>Gr\u00f6\u00dfe M:<\/p>\n<p> Brustumfang:80-90cm,<br \/> Taillenumfang:66-75cm,<br \/> L\u00e4nge:70cm.<\/p>\n<p> <b>Gr\u00f6\u00dfe L:<\/p>\n<p> Brustumfang:85-95cm,<br \/> Taillenumfang:70-80cm,<br \/> L\u00e4nge:73cm.<\/p>\n<p> Lieferunfang: Kleid x 1, Haarreif x 1, Handschuhe x 1 Paar.<br \/> (weiteres Zubeh\u00f6r auf Bildern sind NICHT enthalten.)                              <\/b><\/b><\/p>\n<p><b><b>                                                                              <\/b><\/b><br \/>\nMaterial: Spandex-Elasthan + Satin<br \/>\nDieses verfuehrerische Skelett Damenkost\u00fcm ist eine sexy und ausgesprochen gewagte Kostuemidee.<br \/>\nGr\u00f6\u00dfe M: Brustumfang:80-90cm, Taillenumfang:66-75cm, L\u00e4nge:70cm.<br \/>\nLieferunfang: Kleid x 1, Haarreif x 1, Handschuhe x 1 Paar. (weiteres Zubeh\u00f6r auf Bildern sind NICHT enthalten.)<br \/>\nIdeal f\u00fcr Halloween, Horror Themen-Events, Kost\u00fcmpartys, Festivals und Karneval.<br \/>\n<div class=\"main-cross-sell\" data-asin=\"B07H8FZJNY\">\n\n\t<div class=\"WooZone-cross-sell-loader\">\n\t\t<div>\n\t\t\t<div id=\"floatingBarsG\">\n\t\t\t\t<div class=\"blockG\" id=\"rotateG_01\"><\/div>\n\t\t\t\t<div class=\"blockG\" id=\"rotateG_02\"><\/div>\n\t\t\t\t<div class=\"blockG\" id=\"rotateG_03\"><\/div>\n\t\t\t\t<div class=\"blockG\" id=\"rotateG_04\"><\/div>\n\t\t\t\t<div class=\"blockG\" id=\"rotateG_05\"><\/div>\n\t\t\t\t<div class=\"blockG\" id=\"rotateG_06\"><\/div>\n\t\t\t\t<div class=\"blockG\" id=\"rotateG_07\"><\/div>\n\t\t\t\t<div class=\"blockG\" id=\"rotateG_08\"><\/div>\n\t\t\t<\/div>\n\t\t\t<div class=\"WooZone-cross-sell-loader-text\"><\/div>\n\t\t<\/div>\n\t<\/div>\n\n\t\t\n<\/div>\n<div style=\"clear:both;\"><\/div>\n","protected":false},"excerpt":{"rendered":"<p>Material: Spandex-Elasthan + Satin<br \/>\nDieses verfuehrerische Skelett Damenkost\u00fcm ist eine sexy und ausgesprochen gewagte Kostuemidee.<br \/>\nGr\u00f6\u00dfe M: Brustumfang:80-90cm, Taillenumfang:66-75cm, L\u00e4nge:70cm.<\/p>\n","protected":false},"featured_media":2465,"template":"","meta":[],"etheme_brands":[],"class_list":{"0":"post-2464","1":"product","2":"type-product","3":"status-publish","4":"has-post-thumbnail","6":"product_cat-kostueme","8":"first","9":"instock","10":"taxable","11":"shipping-taxable","12":"product-type-external"},"_links":{"self":[{"href":"https:\/\/eventparadies.com\/index.php?rest_route=\/wp\/v2\/product\/2464","targetHints":{"allow":["GET"]}}],"collection":[{"href":"https:\/\/eventparadies.com\/index.php?rest_route=\/wp\/v2\/product"}],"about":[{"href":"https:\/\/eventparadies.com\/index.php?rest_route=\/wp\/v2\/types\/product"}],"wp:featuredmedia":[{"embeddable":true,"href":"https:\/\/eventparadies.com\/index.php?rest_route=\/wp\/v2\/media\/2465"}],"wp:attachment":[{"href":"https:\/\/eventparadies.com\/index.php?rest_route=%2Fwp%2Fv2%2Fmedia&parent=2464"}],"wp:term":[{"taxonomy":"brand","embeddable":true,"href":"https:\/\/eventparadies.com\/index.php?rest_route=%2Fwp%2Fv2%2Fetheme_brands&post=2464"}],"curies":[{"name":"wp","href":"https:\/\/api.w.org\/{rel}","templated":true}]}}