{"id":2445,"date":"2020-03-28T19:02:52","date_gmt":"2020-03-28T19:02:52","guid":{"rendered":"https:\/\/klamottenbude24.de\/?product=folat-21945-sexy-nonne-kostuem-s-m-schwarz"},"modified":"2023-04-07T22:11:05","modified_gmt":"2023-04-07T22:11:05","slug":"folat-21945-sexy-nonne-kostuem-s-m-schwarz","status":"publish","type":"product","link":"https:\/\/eventparadies.com\/?product=folat-21945-sexy-nonne-kostuem-s-m-schwarz","title":{"rendered":"Folat 21945 Sexy Nonne Kost\u00fcm, S-M, Schwarz"},"content":{"rendered":"<div class=\"disclaim\">                                                           Gr\u00f6\u00dfe:<strong>S-M<\/strong>                                <\/div>\n<p>                                                                                                                      <!-- show up to 2 reviews by default -->                              <\/p>\n<h3>Produktbeschreibung<\/h3>\n<p>Folat Partyproducts &#8211; Neben Partyartikeln f\u00fcr Geburtstage, Karneval, Halloween und Meisterschaftsfeiern entwickelt die Firma Folat Produkte, die das ganze Jahr hindurch, z.B. bei Themen- oder Motto Partys, eingesetzt werden k\u00f6nnen. Tolle Kost\u00fcmideen, ausgefallene Accessoires und dekorativer Festbedarf zeichnen somit das breitgef\u00e4cherte Produktportfolio von Folat aus. Hier findet garantiert jeder das Richtige f\u00fcr den n\u00e4chsten Anlass. Durch das gezielte Eingehen auf die W\u00fcnsche seitens der Kunden kann Folat seine Position unter den Top 3 Lieferanten von Festartikeln in Europa behaupten.                              <\/p>\n<h3>Warnhinweise<\/h3>\n<p>Erstickungsgefahr durch Folienverpackung, nicht f\u00fcr Kinder unter 3 Jahren geeignet                              <\/p>\n<p>Nonne Erwachsenenkost\u00fcm. Stellen Sie die Karnevalswelt als Nonne auf den Kopf. Himmlisch gleiten Sie durch die Faschingszeit, als heilige Helferin Gottes. Sie werden allen Faschingspartys den heiligen Feinschliff verpassen.<br \/>\nInhalt: Kleid mit Haube<br \/>\nDas Frauenkost\u00fcm Nonne besteht aus einem schwarzen, langen Kleid mit Haube. Diese sexy Nonnen Kost\u00fcm stehlen Sie die Show zu jeder Party oder w\u00e4hrend des Karnevals. Die Gewohnheit hat eine spannende Split, so dass diese Krankenschwester Kost\u00fcm einen sexy Look bekommt , ohne vulg\u00e4r zu sein.<br \/>\nKleidung Gr\u00f6\u00dfe Spezifikation: Frauen S\/M, 36-38.<br \/>\nDas Kost\u00fcm wurde aus 100% Polyester gefertigt und ist .<br \/>\n<div class=\"main-cross-sell\" data-asin=\"B00R6E0P1M\">\n\n\t<div class=\"WooZone-cross-sell-loader\">\n\t\t<div>\n\t\t\t<div id=\"floatingBarsG\">\n\t\t\t\t<div class=\"blockG\" id=\"rotateG_01\"><\/div>\n\t\t\t\t<div class=\"blockG\" id=\"rotateG_02\"><\/div>\n\t\t\t\t<div class=\"blockG\" id=\"rotateG_03\"><\/div>\n\t\t\t\t<div class=\"blockG\" id=\"rotateG_04\"><\/div>\n\t\t\t\t<div class=\"blockG\" id=\"rotateG_05\"><\/div>\n\t\t\t\t<div class=\"blockG\" id=\"rotateG_06\"><\/div>\n\t\t\t\t<div class=\"blockG\" id=\"rotateG_07\"><\/div>\n\t\t\t\t<div class=\"blockG\" id=\"rotateG_08\"><\/div>\n\t\t\t<\/div>\n\t\t\t<div class=\"WooZone-cross-sell-loader-text\"><\/div>\n\t\t<\/div>\n\t<\/div>\n\n\t\t\n<\/div>\n<div style=\"clear:both;\"><\/div>\n","protected":false},"excerpt":{"rendered":"<p>Nonne Erwachsenenkost\u00fcm. Stellen Sie die Karnevalswelt als Nonne auf den Kopf. Himmlisch gleiten Sie durch die Faschingszeit, als heilige Helferin Gottes. Sie werden allen Faschingspartys den heiligen Feinschliff verpassen.<br \/>\nInhalt: Kleid mit Haube<br \/>\nDas Frauenkost\u00fcm Nonne besteht aus einem schwarzen, langen Kleid mit Haube. Diese sexy Nonnen Kost\u00fcm stehlen Sie die Show zu jeder Party oder w\u00e4hrend des Karnevals. Die Gewohnheit hat eine spannende Split, so dass diese Krankenschwester Kost\u00fcm einen sexy Look bekommt , ohne vulg\u00e4r zu sein.<\/p>\n","protected":false},"featured_media":2446,"template":"","meta":[],"etheme_brands":[],"class_list":{"0":"post-2445","1":"product","2":"type-product","3":"status-publish","4":"has-post-thumbnail","6":"product_cat-kostueme","8":"first","9":"instock","10":"taxable","11":"shipping-taxable","12":"product-type-external"},"_links":{"self":[{"href":"https:\/\/eventparadies.com\/index.php?rest_route=\/wp\/v2\/product\/2445","targetHints":{"allow":["GET"]}}],"collection":[{"href":"https:\/\/eventparadies.com\/index.php?rest_route=\/wp\/v2\/product"}],"about":[{"href":"https:\/\/eventparadies.com\/index.php?rest_route=\/wp\/v2\/types\/product"}],"wp:featuredmedia":[{"embeddable":true,"href":"https:\/\/eventparadies.com\/index.php?rest_route=\/wp\/v2\/media\/2446"}],"wp:attachment":[{"href":"https:\/\/eventparadies.com\/index.php?rest_route=%2Fwp%2Fv2%2Fmedia&parent=2445"}],"wp:term":[{"taxonomy":"brand","embeddable":true,"href":"https:\/\/eventparadies.com\/index.php?rest_route=%2Fwp%2Fv2%2Fetheme_brands&post=2445"}],"curies":[{"name":"wp","href":"https:\/\/api.w.org\/{rel}","templated":true}]}}