{"id":2443,"date":"2020-03-28T19:02:44","date_gmt":"2020-03-28T19:02:44","guid":{"rendered":"https:\/\/klamottenbude24.de\/?product=sxybox-sexy-minirock-babydoll-cosplay-schulmaedchen-krankenschwester-kostuem-dessous-christmas"},"modified":"2023-04-07T22:11:05","modified_gmt":"2023-04-07T22:11:05","slug":"sxybox-sexy-minirock-babydoll-cosplay-schulmaedchen-krankenschwester-kostuem-dessous-christmas","status":"publish","type":"product","link":"https:\/\/eventparadies.com\/?product=sxybox-sexy-minirock-babydoll-cosplay-schulmaedchen-krankenschwester-kostuem-dessous-christmas","title":{"rendered":"Sxybox Sexy Minirock Babydoll Cosplay Schulm\u00e4dchen\/Krankenschwester Kost\u00fcm Dessous Christmas"},"content":{"rendered":"<p><!-- show up to 2 reviews by default -->                                                      <\/p>\n<p>Produkteigenschaften: <\/p>\n<p>1.100% brandneu und hochwertig <br \/>2.Gr\u00f6\u00dfe: One Size passt am meisten, Anzug f\u00fcr Lady Gewicht Um 45-75KG <br \/>3.Bringen Sie den bequemsten Genuss. Ein gutes Geschenk f\u00fcr Ihre spezielle Person. Reflektiere deine sexy und charmant<br \/>4.Stil: Hot sexy Lingerie, tr\u00e4gt bequem und eng anliegend<\/p>\n<p>Package included:1PC Sexy Dessous <\/p>\n<p>Note\uff1a<br \/>Wegen des manuellen Ma\u00dfes erlauben Sie bitte 2-3 cm Unterschied.<br \/>Anmerkung: Wegen verschiedenen Monitoren kann das Bild der tats\u00e4chliche Farbe nicht immer zeigen. <br \/>Ma\u00dfe sind gestreckt, sehr flexibel, freie Gr\u00f6\u00dfe passt die meisten Frauen \/ M\u00e4dchen                              <\/p>\n<p>Paket enth\u00e4lt keine Str\u00fcmpfe<br \/>\nGr\u00f6\u00dfe: Freie Gr\u00f6\u00dfe.<br \/>\nGut f\u00fcr Party, club.<br \/>\nSexy figurbetontes. modisches Design.<br \/>\nPflegehinweis: -Bitte Handw\u00e4sche warm, nicht bleichen, tropfen, nicht b\u00fcgeln.<br \/>\n<div class=\"main-cross-sell\" data-asin=\"B07L9X3ZL8\">\n\n\t<div class=\"WooZone-cross-sell-loader\">\n\t\t<div>\n\t\t\t<div id=\"floatingBarsG\">\n\t\t\t\t<div class=\"blockG\" id=\"rotateG_01\"><\/div>\n\t\t\t\t<div class=\"blockG\" id=\"rotateG_02\"><\/div>\n\t\t\t\t<div class=\"blockG\" id=\"rotateG_03\"><\/div>\n\t\t\t\t<div class=\"blockG\" id=\"rotateG_04\"><\/div>\n\t\t\t\t<div class=\"blockG\" id=\"rotateG_05\"><\/div>\n\t\t\t\t<div class=\"blockG\" id=\"rotateG_06\"><\/div>\n\t\t\t\t<div class=\"blockG\" id=\"rotateG_07\"><\/div>\n\t\t\t\t<div class=\"blockG\" id=\"rotateG_08\"><\/div>\n\t\t\t<\/div>\n\t\t\t<div class=\"WooZone-cross-sell-loader-text\"><\/div>\n\t\t<\/div>\n\t<\/div>\n\n\t\t\n<\/div>\n<div style=\"clear:both;\"><\/div>\n","protected":false},"excerpt":{"rendered":"<p>Paket enth\u00e4lt keine Str\u00fcmpfe<br \/>\nGr\u00f6\u00dfe: Freie Gr\u00f6\u00dfe.<br \/>\nGut f\u00fcr Party, club.<\/p>\n","protected":false},"featured_media":2444,"template":"","meta":[],"etheme_brands":[],"class_list":{"0":"post-2443","1":"product","2":"type-product","3":"status-publish","4":"has-post-thumbnail","6":"product_cat-kostueme","8":"first","9":"instock","10":"taxable","11":"shipping-taxable","12":"product-type-external"},"_links":{"self":[{"href":"https:\/\/eventparadies.com\/index.php?rest_route=\/wp\/v2\/product\/2443","targetHints":{"allow":["GET"]}}],"collection":[{"href":"https:\/\/eventparadies.com\/index.php?rest_route=\/wp\/v2\/product"}],"about":[{"href":"https:\/\/eventparadies.com\/index.php?rest_route=\/wp\/v2\/types\/product"}],"wp:featuredmedia":[{"embeddable":true,"href":"https:\/\/eventparadies.com\/index.php?rest_route=\/wp\/v2\/media\/2444"}],"wp:attachment":[{"href":"https:\/\/eventparadies.com\/index.php?rest_route=%2Fwp%2Fv2%2Fmedia&parent=2443"}],"wp:term":[{"taxonomy":"brand","embeddable":true,"href":"https:\/\/eventparadies.com\/index.php?rest_route=%2Fwp%2Fv2%2Fetheme_brands&post=2443"}],"curies":[{"name":"wp","href":"https:\/\/api.w.org\/{rel}","templated":true}]}}