{"id":2435,"date":"2020-03-28T19:02:37","date_gmt":"2020-03-28T19:02:37","guid":{"rendered":"https:\/\/klamottenbude24.de\/?product=leg-avenue-85463-deluxe-swat-kommandant-kostuem"},"modified":"2023-04-07T22:11:05","modified_gmt":"2023-04-07T22:11:05","slug":"leg-avenue-85463-deluxe-swat-kommandant-kostuem","status":"publish","type":"product","link":"https:\/\/eventparadies.com\/?product=leg-avenue-85463-deluxe-swat-kommandant-kostuem","title":{"rendered":"Leg Avenue 85463 &#8211; Deluxe SWAT Kommandant Kost\u00fcm, Gr\u00f6\u00dfe Small (EUR 36), Damen Karneval Fasching"},"content":{"rendered":"<p><!-- show up to 2 reviews by default -->                                                      <\/p>\n<p>Mit diesem scharfen Sch\u00fctzen Outfit landet Ihr rt einen Volltreffer. F\u00fcnfteiliges Deluxe SWAT Commander Costume Set. Enth\u00e4lt zip up Catsuit mit Abzeichen-Detail, angen\u00e4hte &#8218;faux&#8216; Weste mit Korsettmieder-R\u00fcckseite, Armgurt mit Tasche, Strumpfb\u00e4nder, Spielzeug Walkie-Talkie, G\u00fcrtel und passenden Hut. Die Handschuhe sind nicht enthalten.                              <\/p>\n<p>Normale Passform<br \/>\nMit Rei\u00dfverschluss<br \/>\nVerschluss: Rei\u00dfverschluss<br \/>\nBody:93%Polyester\u00a07%Spandex\u00a0\u00a0\u00a0\u00a0\u00a0\u00a0\u00a0Vest:100%Polyester<br \/>\nKost\u00fcm<br \/>\nPflegehinweis: Handw\u00e4sche<br \/>\nModellnummer: 8546301001<br \/>\nTragekomfort<br \/>\n<div class=\"main-cross-sell\" data-asin=\"B001CVI0ZI\">\n\n\t<div class=\"WooZone-cross-sell-loader\">\n\t\t<div>\n\t\t\t<div id=\"floatingBarsG\">\n\t\t\t\t<div class=\"blockG\" id=\"rotateG_01\"><\/div>\n\t\t\t\t<div class=\"blockG\" id=\"rotateG_02\"><\/div>\n\t\t\t\t<div class=\"blockG\" id=\"rotateG_03\"><\/div>\n\t\t\t\t<div class=\"blockG\" id=\"rotateG_04\"><\/div>\n\t\t\t\t<div class=\"blockG\" id=\"rotateG_05\"><\/div>\n\t\t\t\t<div class=\"blockG\" id=\"rotateG_06\"><\/div>\n\t\t\t\t<div class=\"blockG\" id=\"rotateG_07\"><\/div>\n\t\t\t\t<div class=\"blockG\" id=\"rotateG_08\"><\/div>\n\t\t\t<\/div>\n\t\t\t<div class=\"WooZone-cross-sell-loader-text\"><\/div>\n\t\t<\/div>\n\t<\/div>\n\n\t\t\n<\/div>\n<div style=\"clear:both;\"><\/div>\n","protected":false},"excerpt":{"rendered":"<p>Normale Passform<br \/>\nMit Rei\u00dfverschluss<br \/>\nVerschluss: Rei\u00dfverschluss<\/p>\n","protected":false},"featured_media":2436,"template":"","meta":[],"etheme_brands":[],"class_list":{"0":"post-2435","1":"product","2":"type-product","3":"status-publish","4":"has-post-thumbnail","6":"product_cat-kostueme","8":"first","9":"instock","10":"taxable","11":"shipping-taxable","12":"product-type-external"},"_links":{"self":[{"href":"https:\/\/eventparadies.com\/index.php?rest_route=\/wp\/v2\/product\/2435","targetHints":{"allow":["GET"]}}],"collection":[{"href":"https:\/\/eventparadies.com\/index.php?rest_route=\/wp\/v2\/product"}],"about":[{"href":"https:\/\/eventparadies.com\/index.php?rest_route=\/wp\/v2\/types\/product"}],"wp:featuredmedia":[{"embeddable":true,"href":"https:\/\/eventparadies.com\/index.php?rest_route=\/wp\/v2\/media\/2436"}],"wp:attachment":[{"href":"https:\/\/eventparadies.com\/index.php?rest_route=%2Fwp%2Fv2%2Fmedia&parent=2435"}],"wp:term":[{"taxonomy":"brand","embeddable":true,"href":"https:\/\/eventparadies.com\/index.php?rest_route=%2Fwp%2Fv2%2Fetheme_brands&post=2435"}],"curies":[{"name":"wp","href":"https:\/\/api.w.org\/{rel}","templated":true}]}}