{"id":2432,"date":"2020-03-28T19:02:29","date_gmt":"2020-03-28T19:02:29","guid":{"rendered":"https:\/\/klamottenbude24.de\/?product=henbrandt-sexy-krankenschwester-kostuem-weiss"},"modified":"2023-04-07T22:11:05","modified_gmt":"2023-04-07T22:11:05","slug":"henbrandt-sexy-krankenschwester-kostuem-weiss","status":"publish","type":"product","link":"https:\/\/eventparadies.com\/?product=henbrandt-sexy-krankenschwester-kostuem-weiss","title":{"rendered":"Adult Nurse Fancy Dress Costume"},"content":{"rendered":"<div class=\"disclaim\">                                                           Edition:<strong>Krankenschwester Kost\u00fcm<\/strong>                                <\/div>\n<p>                                                                                                                      <!-- show up to 2 reviews by default -->                                                      <\/p>\n<p>Wenn du auf der Suche nach einem sexy Outfit f\u00fcr die n\u00e4chste Kost\u00fcmparty suchst,dann ist dieses Sexy Krankenschwester Kost\u00fcm die perfekte L\u00f6sung. Das Kost\u00fcm besteht aus einem wei\u00dfen Krankenschwester-Kleid mit roten Details auf den Taschen und einem passenden Krankenschwester Hut und hat alles, was du brauchst, um einen bleibenden Eindruck zu hinterlassen. Das Kleid kommt in einer Einheitsgr\u00f6\u00dfe und hat folgende Ma\u00dfe: Oberweite: 89 cm; H\u00fcfte: 76.5 cm; L\u00e4nge: 86.5 cm.                              <\/p>\n<p>Krankenschwesterkost\u00fcm mit passendem Hut<br \/>\nDetails: Rote Details am Kragen und rote Kreuze auf Taschen und Hut<br \/>\nEinheitsgr\u00f6\u00dfe<br \/>\nMa\u00dfe: Oberweite: 89 cm; H\u00fcfte: 76.5 cm; L\u00e4nge: 86.5 cm.<br \/>\nAus Polyester<br \/>\n<div class=\"main-cross-sell\" data-asin=\"B005FLFWIO\">\n\n\t<div class=\"WooZone-cross-sell-loader\">\n\t\t<div>\n\t\t\t<div id=\"floatingBarsG\">\n\t\t\t\t<div class=\"blockG\" id=\"rotateG_01\"><\/div>\n\t\t\t\t<div class=\"blockG\" id=\"rotateG_02\"><\/div>\n\t\t\t\t<div class=\"blockG\" id=\"rotateG_03\"><\/div>\n\t\t\t\t<div class=\"blockG\" id=\"rotateG_04\"><\/div>\n\t\t\t\t<div class=\"blockG\" id=\"rotateG_05\"><\/div>\n\t\t\t\t<div class=\"blockG\" id=\"rotateG_06\"><\/div>\n\t\t\t\t<div class=\"blockG\" id=\"rotateG_07\"><\/div>\n\t\t\t\t<div class=\"blockG\" id=\"rotateG_08\"><\/div>\n\t\t\t<\/div>\n\t\t\t<div class=\"WooZone-cross-sell-loader-text\"><\/div>\n\t\t<\/div>\n\t<\/div>\n\n\t\t\n<\/div>\n<div style=\"clear:both;\"><\/div>\n","protected":false},"excerpt":{"rendered":"<p>Krankenschwesterkost\u00fcm mit passendem Hut<br \/>\nDetails: Rote Details am Kragen und rote Kreuze auf Taschen und Hut<br \/>\nEinheitsgr\u00f6\u00dfe<\/p>\n","protected":false},"featured_media":2433,"template":"","meta":[],"etheme_brands":[],"class_list":{"0":"post-2432","1":"product","2":"type-product","3":"status-publish","4":"has-post-thumbnail","6":"product_cat-kostueme","8":"first","9":"instock","10":"taxable","11":"shipping-taxable","12":"product-type-external"},"_links":{"self":[{"href":"https:\/\/eventparadies.com\/index.php?rest_route=\/wp\/v2\/product\/2432","targetHints":{"allow":["GET"]}}],"collection":[{"href":"https:\/\/eventparadies.com\/index.php?rest_route=\/wp\/v2\/product"}],"about":[{"href":"https:\/\/eventparadies.com\/index.php?rest_route=\/wp\/v2\/types\/product"}],"wp:featuredmedia":[{"embeddable":true,"href":"https:\/\/eventparadies.com\/index.php?rest_route=\/wp\/v2\/media\/2433"}],"wp:attachment":[{"href":"https:\/\/eventparadies.com\/index.php?rest_route=%2Fwp%2Fv2%2Fmedia&parent=2432"}],"wp:term":[{"taxonomy":"brand","embeddable":true,"href":"https:\/\/eventparadies.com\/index.php?rest_route=%2Fwp%2Fv2%2Fetheme_brands&post=2432"}],"curies":[{"name":"wp","href":"https:\/\/api.w.org\/{rel}","templated":true}]}}