{"id":2389,"date":"2020-03-28T18:57:54","date_gmt":"2020-03-28T18:57:54","guid":{"rendered":"https:\/\/klamottenbude24.de\/?product=boowhol-sexy-pyjamas-uniform-versuchung-krankenschwestern-sexy-stadium-kostueme"},"modified":"2023-04-07T22:11:05","modified_gmt":"2023-04-07T22:11:05","slug":"boowhol-sexy-pyjamas-uniform-versuchung-krankenschwestern-sexy-stadium-kostueme","status":"publish","type":"product","link":"https:\/\/eventparadies.com\/?product=boowhol-sexy-pyjamas-uniform-versuchung-krankenschwestern-sexy-stadium-kostueme","title":{"rendered":"BROWOL-Sexy Pyjamas Uniform Versuchung Krankenschwestern Sexy Stadium Kost\u00fcme"},"content":{"rendered":"<p><!-- show up to 2 reviews by default -->                                                      <\/p>\n<p>Material: Spitze+Nylon, Dessous, Keine Str\u00fcmpfe<br \/>Sieht sehr sexy und verf\u00fchrerisch aus und ist perfekt f\u00fcr romantische Abende<br \/> Eine sch\u00f6ne und sexy Design, Reflektieren Sie Ihre sexy, elegant und charmant.<br \/> Die ist auch ein Spezielles und romantisches Geschenk f\u00fcr Ihren Liebhaber.                              <\/p>\n<p>Material: Spitze+Nylon, Das Set beinhaltet Kleidung, H\u00fcte, Keine Str\u00fcmpfe.Set Einheitsgr\u00f6\u00dfe Geeignet f\u00fcr Gewicht 45-70 kg, H\u00f6he 155-175cm.<br \/>\nHochwertige Stoffe, zart und bequem, leicht und d\u00fcnn, verlockend sexy, lassen Sie Ihren Liebhaber darauf achten<br \/>\nSpitze<br \/>\nEine sch\u00f6ne und sexy Design, Reflektieren Sie Ihre sexy, elegant und Zeigen Sie Ihren charmanten K\u00f6rper<br \/>\nDie ist auch ein Spezielles und romantisches Geschenk f\u00fcr Ihren Liebhaber.Sieht sehr sexy und verf\u00fchrerisch aus und ist perfekt f\u00fcr romantische Abende<br \/>\nAlle m\u00f6gliche Fragen, f\u00fchlen bitte sich frei, uns zu beraten, antworten wir innerhalb 24 Stunden.<br \/>\n<div class=\"main-cross-sell\" data-asin=\"B07L2SNRS9\">\n\n\t<div class=\"WooZone-cross-sell-loader\">\n\t\t<div>\n\t\t\t<div id=\"floatingBarsG\">\n\t\t\t\t<div class=\"blockG\" id=\"rotateG_01\"><\/div>\n\t\t\t\t<div class=\"blockG\" id=\"rotateG_02\"><\/div>\n\t\t\t\t<div class=\"blockG\" id=\"rotateG_03\"><\/div>\n\t\t\t\t<div class=\"blockG\" id=\"rotateG_04\"><\/div>\n\t\t\t\t<div class=\"blockG\" id=\"rotateG_05\"><\/div>\n\t\t\t\t<div class=\"blockG\" id=\"rotateG_06\"><\/div>\n\t\t\t\t<div class=\"blockG\" id=\"rotateG_07\"><\/div>\n\t\t\t\t<div class=\"blockG\" id=\"rotateG_08\"><\/div>\n\t\t\t<\/div>\n\t\t\t<div class=\"WooZone-cross-sell-loader-text\"><\/div>\n\t\t<\/div>\n\t<\/div>\n\n\t\t\n<\/div>\n<div style=\"clear:both;\"><\/div>\n","protected":false},"excerpt":{"rendered":"<p>Material: Spitze+Nylon, Das Set beinhaltet Kleidung, H\u00fcte, Keine Str\u00fcmpfe.Set Einheitsgr\u00f6\u00dfe Geeignet f\u00fcr Gewicht 45-70 kg, H\u00f6he 155-175cm.<br \/>\nHochwertige Stoffe, zart und bequem, leicht und d\u00fcnn, verlockend sexy, lassen Sie Ihren Liebhaber darauf achten<br \/>\nSpitze<\/p>\n","protected":false},"featured_media":2390,"template":"","meta":[],"etheme_brands":[],"class_list":{"0":"post-2389","1":"product","2":"type-product","3":"status-publish","4":"has-post-thumbnail","6":"product_cat-kostueme","8":"first","9":"instock","10":"taxable","11":"shipping-taxable","12":"product-type-external"},"_links":{"self":[{"href":"https:\/\/eventparadies.com\/index.php?rest_route=\/wp\/v2\/product\/2389","targetHints":{"allow":["GET"]}}],"collection":[{"href":"https:\/\/eventparadies.com\/index.php?rest_route=\/wp\/v2\/product"}],"about":[{"href":"https:\/\/eventparadies.com\/index.php?rest_route=\/wp\/v2\/types\/product"}],"wp:featuredmedia":[{"embeddable":true,"href":"https:\/\/eventparadies.com\/index.php?rest_route=\/wp\/v2\/media\/2390"}],"wp:attachment":[{"href":"https:\/\/eventparadies.com\/index.php?rest_route=%2Fwp%2Fv2%2Fmedia&parent=2389"}],"wp:term":[{"taxonomy":"brand","embeddable":true,"href":"https:\/\/eventparadies.com\/index.php?rest_route=%2Fwp%2Fv2%2Fetheme_brands&post=2389"}],"curies":[{"name":"wp","href":"https:\/\/api.w.org\/{rel}","templated":true}]}}