{"id":2361,"date":"2020-03-28T18:52:38","date_gmt":"2020-03-28T18:52:38","guid":{"rendered":"https:\/\/klamottenbude24.de\/?product=dreamgirl-damen-kostuem-braun-braun-groesse-s"},"modified":"2023-04-07T22:11:05","modified_gmt":"2023-04-07T22:11:05","slug":"dreamgirl-damen-kostuem-braun-braun-groesse-s","status":"publish","type":"product","link":"https:\/\/eventparadies.com\/?product=dreamgirl-damen-kostuem-braun-braun-groesse-s","title":{"rendered":"Dreamgirl Damen Kost\u00fcm braun braun Gr\u00f6\u00dfe S"},"content":{"rendered":"<div class=\"disclaim\"> Gr\u00f6\u00dfe:<strong>S<\/strong> <\/div>\n<p> <!-- show up to 2 reviews by default --> <\/p>\n<p>This super sexy Eskimo will melt your popsicle! Adult costume includes zipper front stretch crushed velvet dress in warm brown with faux fur trimmed hood with pom pom ties. Includes mittens, faux fur trimmed boot covers, and faux chocolate popsicle <\/p>\n<p>This super sexy Eskimo will melt your popsicle! Adult costume includes zipper front stretch crushed velvet dress in warm brown with faux fur trimmed hood with pom pom ties. Includes mittens, faux fur trimmed boot covers, and faux chocolate popsicle<br \/>\nMittens<br \/>\nBoot Covers<br \/>\nFaux Popsicle<br \/>\n<div class=\"main-cross-sell\" data-asin=\"B001HWA3U2\">\n\n\t<div class=\"WooZone-cross-sell-loader\">\n\t\t<div>\n\t\t\t<div id=\"floatingBarsG\">\n\t\t\t\t<div class=\"blockG\" id=\"rotateG_01\"><\/div>\n\t\t\t\t<div class=\"blockG\" id=\"rotateG_02\"><\/div>\n\t\t\t\t<div class=\"blockG\" id=\"rotateG_03\"><\/div>\n\t\t\t\t<div class=\"blockG\" id=\"rotateG_04\"><\/div>\n\t\t\t\t<div class=\"blockG\" id=\"rotateG_05\"><\/div>\n\t\t\t\t<div class=\"blockG\" id=\"rotateG_06\"><\/div>\n\t\t\t\t<div class=\"blockG\" id=\"rotateG_07\"><\/div>\n\t\t\t\t<div class=\"blockG\" id=\"rotateG_08\"><\/div>\n\t\t\t<\/div>\n\t\t\t<div class=\"WooZone-cross-sell-loader-text\"><\/div>\n\t\t<\/div>\n\t<\/div>\n\n\t\t\n<\/div>\n<div style=\"clear:both;\"><\/div>\n","protected":false},"excerpt":{"rendered":"<p>This super sexy Eskimo will melt your popsicle! Adult costume includes zipper front stretch crushed velvet dress in warm brown with faux fur trimmed hood with pom pom ties. Includes mittens, faux fur trimmed boot covers, and faux chocolate popsicle<br \/>\nMittens<br \/>\nBoot Covers<\/p>\n","protected":false},"featured_media":2362,"template":"","meta":[],"etheme_brands":[],"class_list":{"0":"post-2361","1":"product","2":"type-product","3":"status-publish","4":"has-post-thumbnail","6":"product_cat-kostueme","8":"first","9":"instock","10":"taxable","11":"shipping-taxable","12":"product-type-external"},"_links":{"self":[{"href":"https:\/\/eventparadies.com\/index.php?rest_route=\/wp\/v2\/product\/2361","targetHints":{"allow":["GET"]}}],"collection":[{"href":"https:\/\/eventparadies.com\/index.php?rest_route=\/wp\/v2\/product"}],"about":[{"href":"https:\/\/eventparadies.com\/index.php?rest_route=\/wp\/v2\/types\/product"}],"wp:featuredmedia":[{"embeddable":true,"href":"https:\/\/eventparadies.com\/index.php?rest_route=\/wp\/v2\/media\/2362"}],"wp:attachment":[{"href":"https:\/\/eventparadies.com\/index.php?rest_route=%2Fwp%2Fv2%2Fmedia&parent=2361"}],"wp:term":[{"taxonomy":"brand","embeddable":true,"href":"https:\/\/eventparadies.com\/index.php?rest_route=%2Fwp%2Fv2%2Fetheme_brands&post=2361"}],"curies":[{"name":"wp","href":"https:\/\/api.w.org\/{rel}","templated":true}]}}