{"id":2357,"date":"2020-03-28T18:52:34","date_gmt":"2020-03-28T18:52:34","guid":{"rendered":"https:\/\/klamottenbude24.de\/?product=bauchtanz-kostueme-fuer-damen"},"modified":"2023-04-07T22:11:05","modified_gmt":"2023-04-07T22:11:05","slug":"bauchtanz-kostueme-fuer-damen","status":"publish","type":"product","link":"https:\/\/eventparadies.com\/?product=bauchtanz-kostueme-fuer-damen","title":{"rendered":"Bauchtanz-Kost\u00fcme f\u00fcr Damen"},"content":{"rendered":"<div class=\"disclaim\"> Gr\u00f6\u00dfe:<strong>Einheitsgr\u00f6\u00dfe<\/strong> | Farbe:<strong>Dunkelrosa<\/strong> <\/div>\n<p> <!-- show up to 2 reviews by default --> <\/p>\n<p>Jetzt in 8 Farben erh\u00e4ltlich: schwarz, dunkelblau, hellblau, rot, rosa, dunkelrosa, violett, gelb.<br \/> Zustand: 100 % neu und hochwertig.<\/p>\n<p> Funktionen:<br \/> Dieses ist ein gro\u00dfes Top f\u00fcr Bauchtanzklasse oder Auff\u00fchrung! Der vielseitige Stil ist genau so k\u00fchn, wie Sie ihn tragen.<br \/> Atmungsaktiv und enganliegend, 100% neu und modern.<br \/> Tragen Sie es \u00fcber Ihrem Lieblingsb\u00fcstenhalter oder mit anderen Bauchtanzkost\u00fcmen!<\/p>\n<p> &#8211;<br \/> &#8211;<br \/> &#8211;<\/p>\n<p>Jetzt in 8 Farben erh\u00e4ltlich: schwarz, dunkelblau, hellblau, rot, rosa, dunkelrosa, violett, gelb.<br \/>\nGr\u00f6\u00dfe: Einheitsgr\u00f6\u00dfe XS, S, M. Bitte \u00fcberpr\u00fcfen Sie die Gr\u00f6\u00dfe sehr vorsichtig, bevor Sie kaufen.<br \/>\nBrustumfang: 52-88 cm.<br \/>\nArm: 30\u201340 cm.<br \/>\nEllenbogen: 14\u201330 cm.<br \/>\n<div class=\"main-cross-sell\" data-asin=\"B01JL0U7YS\">\n\n\t<div class=\"WooZone-cross-sell-loader\">\n\t\t<div>\n\t\t\t<div id=\"floatingBarsG\">\n\t\t\t\t<div class=\"blockG\" id=\"rotateG_01\"><\/div>\n\t\t\t\t<div class=\"blockG\" id=\"rotateG_02\"><\/div>\n\t\t\t\t<div class=\"blockG\" id=\"rotateG_03\"><\/div>\n\t\t\t\t<div class=\"blockG\" id=\"rotateG_04\"><\/div>\n\t\t\t\t<div class=\"blockG\" id=\"rotateG_05\"><\/div>\n\t\t\t\t<div class=\"blockG\" id=\"rotateG_06\"><\/div>\n\t\t\t\t<div class=\"blockG\" id=\"rotateG_07\"><\/div>\n\t\t\t\t<div class=\"blockG\" id=\"rotateG_08\"><\/div>\n\t\t\t<\/div>\n\t\t\t<div class=\"WooZone-cross-sell-loader-text\"><\/div>\n\t\t<\/div>\n\t<\/div>\n\n\t\t\n<\/div>\n<div style=\"clear:both;\"><\/div>\n","protected":false},"excerpt":{"rendered":"<p>Jetzt in 8 Farben erh\u00e4ltlich: schwarz, dunkelblau, hellblau, rot, rosa, dunkelrosa, violett, gelb.<br \/>\nGr\u00f6\u00dfe: Einheitsgr\u00f6\u00dfe XS, S, M. Bitte \u00fcberpr\u00fcfen Sie die Gr\u00f6\u00dfe sehr vorsichtig, bevor Sie kaufen.<br \/>\nBrustumfang: 52-88 cm.<\/p>\n","protected":false},"featured_media":2358,"template":"","meta":[],"etheme_brands":[],"class_list":{"0":"post-2357","1":"product","2":"type-product","3":"status-publish","4":"has-post-thumbnail","6":"product_cat-kostueme","8":"first","9":"instock","10":"taxable","11":"shipping-taxable","12":"product-type-external"},"_links":{"self":[{"href":"https:\/\/eventparadies.com\/index.php?rest_route=\/wp\/v2\/product\/2357","targetHints":{"allow":["GET"]}}],"collection":[{"href":"https:\/\/eventparadies.com\/index.php?rest_route=\/wp\/v2\/product"}],"about":[{"href":"https:\/\/eventparadies.com\/index.php?rest_route=\/wp\/v2\/types\/product"}],"wp:featuredmedia":[{"embeddable":true,"href":"https:\/\/eventparadies.com\/index.php?rest_route=\/wp\/v2\/media\/2358"}],"wp:attachment":[{"href":"https:\/\/eventparadies.com\/index.php?rest_route=%2Fwp%2Fv2%2Fmedia&parent=2357"}],"wp:term":[{"taxonomy":"brand","embeddable":true,"href":"https:\/\/eventparadies.com\/index.php?rest_route=%2Fwp%2Fv2%2Fetheme_brands&post=2357"}],"curies":[{"name":"wp","href":"https:\/\/api.w.org\/{rel}","templated":true}]}}